{"id":19641,"date":"2025-06-20T19:50:33","date_gmt":"2025-06-20T23:50:33","guid":{"rendered":"https:\/\/www.multicasa.com.br\/inicio\/?post_type=product&#038;p=19641"},"modified":"2026-03-12T00:23:10","modified_gmt":"2026-03-12T04:23:10","slug":"jogo-de-copos-para-cervejas-especiais-em-vidro-nadir-5-pecas","status":"publish","type":"product","link":"https:\/\/www.multicasa.com.br\/inicio\/produto\/jogo-de-copos-para-cervejas-especiais-em-vidro-nadir-5-pecas\/","title":{"rendered":"Jogo de Copos para Cervejas Especiais em Vidro Nadir 5 Pe\u00e7as"},"content":{"rendered":"<p>O Kit de Copos para Cervejas Especiais da Nadir conta com 5 unidades de copos de ta\u00e7as desenvolvidas para elevar sua experi\u00eancia de degusta\u00e7\u00e3o dos seus r\u00f3tulos favoritos. Em vidro, o jogo \u00e9 composto por um copo, duas ta\u00e7as, uma tulipa e uma caldereta. Perfeito para o happy hour com os amigos!<\/p>\n","protected":false},"excerpt":{"rendered":"<h4 style=\"margin: 0px;padding: 0px 0px 16px;font-family: Lato, sans-serif;font-weight: bold;line-height: 3rem;color: var(--dark-grey3);font-size: 22px;font-style: normal;letter-spacing: normal;text-align: start;text-indent: 0px;text-transform: none\">Informa\u00e7\u00f5es t\u00e9cnicas<\/h4>\n<p><span style=\"margin: 0px;padding: 0px;font-weight: 450;font-size: 14px;line-height: 21px;color: var(--dark-grey2);font-family: Lato, sans-serif;font-style: normal;letter-spacing: normal;text-align: start;text-indent: 0px;text-transform: none\">Produto: Kit de copos<br \/>\nMarca: Nadir<br \/>\nMaterial: Vidro<br \/>\nQuantidade de pe\u00e7as: 5<br \/>\nItens Inclusos: 1 Copo<br \/>\n2 Ta\u00e7as<br \/>\n1 Tulipa<br \/>\n1 Caldereta<br \/>\nDimens\u00f5es do produto (A x L x P): 42 x 23 x 9cm<\/span><\/p>\n","protected":false},"featured_media":25329,"template":"","meta":{"_joinchat":[]},"product_brand":[],"product_cat":[93],"product_tag":[],"class_list":{"0":"post-19641","1":"product","2":"type-product","3":"status-publish","4":"has-post-thumbnail","6":"product_cat-utensilios-para-cozinha","8":"first","9":"outofstock","10":"shipping-taxable","11":"product-type-simple"},"_links":{"self":[{"href":"https:\/\/www.multicasa.com.br\/inicio\/wp-json\/wp\/v2\/product\/19641","targetHints":{"allow":["GET"]}}],"collection":[{"href":"https:\/\/www.multicasa.com.br\/inicio\/wp-json\/wp\/v2\/product"}],"about":[{"href":"https:\/\/www.multicasa.com.br\/inicio\/wp-json\/wp\/v2\/types\/product"}],"wp:featuredmedia":[{"embeddable":true,"href":"https:\/\/www.multicasa.com.br\/inicio\/wp-json\/wp\/v2\/media\/25329"}],"wp:attachment":[{"href":"https:\/\/www.multicasa.com.br\/inicio\/wp-json\/wp\/v2\/media?parent=19641"}],"wp:term":[{"taxonomy":"product_brand","embeddable":true,"href":"https:\/\/www.multicasa.com.br\/inicio\/wp-json\/wp\/v2\/product_brand?post=19641"},{"taxonomy":"product_cat","embeddable":true,"href":"https:\/\/www.multicasa.com.br\/inicio\/wp-json\/wp\/v2\/product_cat?post=19641"},{"taxonomy":"product_tag","embeddable":true,"href":"https:\/\/www.multicasa.com.br\/inicio\/wp-json\/wp\/v2\/product_tag?post=19641"}],"curies":[{"name":"wp","href":"https:\/\/api.w.org\/{rel}","templated":true}]}}