{"id":19642,"date":"2025-06-20T19:50:33","date_gmt":"2025-06-20T23:50:33","guid":{"rendered":"https:\/\/www.multicasa.com.br\/inicio\/?post_type=product&#038;p=19642"},"modified":"2025-10-31T10:27:04","modified_gmt":"2025-10-31T14:27:04","slug":"assadeira-de-vidro-retangular-com-tampa-marinex-16l","status":"publish","type":"product","link":"https:\/\/www.multicasa.com.br\/inicio\/produto\/assadeira-de-vidro-retangular-com-tampa-marinex-16l\/","title":{"rendered":"Assadeira de Vidro Retangular com Tampa Marinex 1,6L"},"content":{"rendered":"<p>A Assadeira de Vidro Retangular Marinex j\u00e1 vem com tampa, tem capacidade de 1,6L e design retangular. \u00c9 perfeita para servir os mais diversos tipos de receita. Feita com vidro super-resistente e aguenta choques t\u00e9rmicos de at\u00e9 180 graus. Sirva suas receitas de forma pr\u00e1tica e segura.<\/p>\n","protected":false},"excerpt":{"rendered":"<h4 style=\"margin: 0px;padding: 0px 0px 16px;font-family: Lato, sans-serif;font-weight: bold;line-height: 3rem;color: var(--dark-grey3);font-size: 22px;font-style: normal;letter-spacing: normal;text-align: start;text-indent: 0px;text-transform: none\">Informa\u00e7\u00f5es t\u00e9cnicas<\/h4>\n<p><span style=\"margin: 0px;padding: 0px;font-weight: 450;font-size: 14px;line-height: 21px;color: var(--dark-grey2);font-family: Lato, sans-serif;font-style: normal;letter-spacing: normal;text-align: start;text-indent: 0px;text-transform: none\">Produto: Assadeira Retangular 1,6L<br \/>\nMarca: Marinex<br \/>\nMaterial: assadeira de vidro e tampa de pl\u00e1stico<br \/>\nCor: assadeira incolor e tampa colorida<br \/>\nCaracter\u00edsticas: Resistente a choques t\u00e9rmicos; resiste at\u00e9 180\u00b0<br \/>\nItens Inclusos: 1 Assadeira retangular 1,6L<br \/>\nDimens\u00f5es do produto (A x L x C): 5,2 x 18,4 x 30,1cm<br \/>\n<\/span><\/p>\n","protected":false},"featured_media":19703,"template":"","meta":{"_joinchat":[]},"product_brand":[],"product_cat":[93],"product_tag":[],"class_list":{"0":"post-19642","1":"product","2":"type-product","3":"status-publish","4":"has-post-thumbnail","6":"product_cat-utensilios-para-cozinha","8":"first","9":"outofstock","10":"shipping-taxable","11":"purchasable","12":"product-type-simple"},"_links":{"self":[{"href":"https:\/\/www.multicasa.com.br\/inicio\/wp-json\/wp\/v2\/product\/19642","targetHints":{"allow":["GET"]}}],"collection":[{"href":"https:\/\/www.multicasa.com.br\/inicio\/wp-json\/wp\/v2\/product"}],"about":[{"href":"https:\/\/www.multicasa.com.br\/inicio\/wp-json\/wp\/v2\/types\/product"}],"wp:featuredmedia":[{"embeddable":true,"href":"https:\/\/www.multicasa.com.br\/inicio\/wp-json\/wp\/v2\/media\/19703"}],"wp:attachment":[{"href":"https:\/\/www.multicasa.com.br\/inicio\/wp-json\/wp\/v2\/media?parent=19642"}],"wp:term":[{"taxonomy":"product_brand","embeddable":true,"href":"https:\/\/www.multicasa.com.br\/inicio\/wp-json\/wp\/v2\/product_brand?post=19642"},{"taxonomy":"product_cat","embeddable":true,"href":"https:\/\/www.multicasa.com.br\/inicio\/wp-json\/wp\/v2\/product_cat?post=19642"},{"taxonomy":"product_tag","embeddable":true,"href":"https:\/\/www.multicasa.com.br\/inicio\/wp-json\/wp\/v2\/product_tag?post=19642"}],"curies":[{"name":"wp","href":"https:\/\/api.w.org\/{rel}","templated":true}]}}