{"id":19662,"date":"2025-06-20T19:50:56","date_gmt":"2025-06-20T23:50:56","guid":{"rendered":"https:\/\/www.multicasa.com.br\/inicio\/?post_type=product&#038;p=19662"},"modified":"2025-06-20T19:51:35","modified_gmt":"2025-06-20T23:51:35","slug":"kit-cortador-de-queijo-com-tabua-clink-5-pecas","status":"publish","type":"product","link":"https:\/\/www.multicasa.com.br\/inicio\/produto\/kit-cortador-de-queijo-com-tabua-clink-5-pecas\/","title":{"rendered":"Kit Cortador de Queijo com T\u00e1bua Clink 5 Pe\u00e7as"},"content":{"rendered":"<p>Com o Kit Cortador de Queijo Clink voc\u00ea poder\u00e1 reunir seus amigos e servir queijos com muita sofistica\u00e7\u00e3o. Facas produzidas em metal com cabo de madeira modelados para proporcionar mais seguran\u00e7a e conforto na hora de manusear as facas, al\u00e9m de t\u00e1bua de vidro com suporte de madeira imantado. Tem 4 pe\u00e7as, que s\u00e3o 2 facas, 1 esp\u00e1tula e 1 garfo para queijo. O jogo \u00e9 resistente, vers\u00e1til e elegante.<\/p>\n","protected":false},"excerpt":{"rendered":"<h4 style=\"margin: 0px;padding: 0px 0px 16px;font-family: Lato, sans-serif;font-weight: bold;line-height: 3rem;color: var(--dark-grey3);font-size: 22px;font-style: normal;letter-spacing: normal;text-align: start;text-indent: 0px;text-transform: none\">Informa\u00e7\u00f5es t\u00e9cnicas<\/h4>\n<p><span style=\"margin: 0px;padding: 0px;font-weight: 450;font-size: 14px;line-height: 21px;color: var(--dark-grey2);font-family: Lato, sans-serif;font-style: normal;letter-spacing: normal;text-align: start;text-indent: 0px;text-transform: none\">Produto: Kit para queijos<br \/>\nMarca: Clink<br \/>\nMaterial: Vidro<br \/>\nMadeira<br \/>\nMetal<br \/>\nCor: Prata e madeira<br \/>\nQuantidade de pe\u00e7as: 5<br \/>\nItens Inclusos: 1 T\u00e1bua<br \/>\n4 Facas de queijo<br \/>\nDimens\u00f5es do produto (L x A): 24 x 23cm<br \/>\n<\/span><\/p>\n","protected":false},"featured_media":19706,"template":"","meta":{"_joinchat":[]},"product_brand":[],"product_cat":[93],"product_tag":[],"class_list":{"0":"post-19662","1":"product","2":"type-product","3":"status-publish","4":"has-post-thumbnail","6":"product_cat-utensilios-para-cozinha","8":"first","9":"outofstock","10":"shipping-taxable","11":"product-type-simple"},"_links":{"self":[{"href":"https:\/\/www.multicasa.com.br\/inicio\/wp-json\/wp\/v2\/product\/19662","targetHints":{"allow":["GET"]}}],"collection":[{"href":"https:\/\/www.multicasa.com.br\/inicio\/wp-json\/wp\/v2\/product"}],"about":[{"href":"https:\/\/www.multicasa.com.br\/inicio\/wp-json\/wp\/v2\/types\/product"}],"wp:featuredmedia":[{"embeddable":true,"href":"https:\/\/www.multicasa.com.br\/inicio\/wp-json\/wp\/v2\/media\/19706"}],"wp:attachment":[{"href":"https:\/\/www.multicasa.com.br\/inicio\/wp-json\/wp\/v2\/media?parent=19662"}],"wp:term":[{"taxonomy":"product_brand","embeddable":true,"href":"https:\/\/www.multicasa.com.br\/inicio\/wp-json\/wp\/v2\/product_brand?post=19662"},{"taxonomy":"product_cat","embeddable":true,"href":"https:\/\/www.multicasa.com.br\/inicio\/wp-json\/wp\/v2\/product_cat?post=19662"},{"taxonomy":"product_tag","embeddable":true,"href":"https:\/\/www.multicasa.com.br\/inicio\/wp-json\/wp\/v2\/product_tag?post=19662"}],"curies":[{"name":"wp","href":"https:\/\/api.w.org\/{rel}","templated":true}]}}