{"id":19664,"date":"2025-06-20T19:50:56","date_gmt":"2025-06-20T23:50:56","guid":{"rendered":"https:\/\/www.multicasa.com.br\/inicio\/?post_type=product&#038;p=19664"},"modified":"2025-06-23T10:47:19","modified_gmt":"2025-06-23T14:47:19","slug":"video-porteiro-colorido-iv-7010-bc-intelbras","status":"publish","type":"product","link":"https:\/\/www.multicasa.com.br\/inicio\/produto\/video-porteiro-colorido-iv-7010-bc-intelbras\/","title":{"rendered":"Video Porteiro Colorido Iv 7010 Bc Intelbras"},"content":{"rendered":"<p>O Videoporteiro IV 7010 HF HD traz a sofistica\u00e7\u00e3o de um design renomado no mercado com a alta qualidade de imagem em HD no display de 7\u0094. Tenha Muito mais qualidade para visualizar os visitantes e praticidade ao integrar todo o sistema com c\u00e2meras HD e Full HD. <\/p>\n","protected":false},"excerpt":{"rendered":"<h4 style=\"margin: 0px;padding: 0px 0px 16px;font-family: Lato, sans-serif;font-weight: bold;line-height: 3rem;color: var(--dark-grey3);font-size: 22px;font-style: normal;letter-spacing: normal;text-align: start;text-indent: 0px;text-transform: none\">Informa\u00e7\u00f5es t\u00e9cnicas<\/h4>\n<p><span style=\"margin: 0px;padding: 0px;font-weight: 450;font-size: 14px;line-height: 21px;color: var(--dark-grey2);font-family: Lato, sans-serif;font-style: normal;letter-spacing: normal;text-align: start;text-indent: 0px;text-transform: none\">Produto: V\u00cdDEO PORTEIRO COLOR.IV 7010<br \/>\nMarca: Intelbras<br \/>\nMaterial: Pl\u00e1stico<br \/>\nCor: Branca<br \/>\nCaracter\u00edsticas:<br \/>\n\u00bb Imagens em HD;<br \/>\n\u00bb Integra\u00e7\u00e3o com at\u00e9 3 c\u00e2meras adicionais Multi HD;<br \/>\n\u00bb Abertura de at\u00e9 2 fechaduras;<br \/>\n\u00bb Integra\u00e7\u00e3o com DVR\u0092s;<br \/>\n\u00bb Visualiza\u00e7\u00e3o noturna<br \/>\nM\u00f3dulo Interno<br \/>\nDimens\u00f5es(L x A x P): 23,89 x 11,25 x 3,35cm<br \/>\nM\u00f3dulo Externo<br \/>\nDimens\u00f5es(L x A x P): 10,7 x 16 x 5cm<\/span><\/p>\n","protected":false},"featured_media":26288,"template":"","meta":{"_joinchat":[]},"product_brand":[],"product_cat":[161],"product_tag":[],"class_list":{"0":"post-19664","1":"product","2":"type-product","3":"status-publish","4":"has-post-thumbnail","6":"product_cat-seguranca","8":"first","9":"outofstock","10":"shipping-taxable","11":"product-type-simple"},"_links":{"self":[{"href":"https:\/\/www.multicasa.com.br\/inicio\/wp-json\/wp\/v2\/product\/19664","targetHints":{"allow":["GET"]}}],"collection":[{"href":"https:\/\/www.multicasa.com.br\/inicio\/wp-json\/wp\/v2\/product"}],"about":[{"href":"https:\/\/www.multicasa.com.br\/inicio\/wp-json\/wp\/v2\/types\/product"}],"wp:featuredmedia":[{"embeddable":true,"href":"https:\/\/www.multicasa.com.br\/inicio\/wp-json\/wp\/v2\/media\/26288"}],"wp:attachment":[{"href":"https:\/\/www.multicasa.com.br\/inicio\/wp-json\/wp\/v2\/media?parent=19664"}],"wp:term":[{"taxonomy":"product_brand","embeddable":true,"href":"https:\/\/www.multicasa.com.br\/inicio\/wp-json\/wp\/v2\/product_brand?post=19664"},{"taxonomy":"product_cat","embeddable":true,"href":"https:\/\/www.multicasa.com.br\/inicio\/wp-json\/wp\/v2\/product_cat?post=19664"},{"taxonomy":"product_tag","embeddable":true,"href":"https:\/\/www.multicasa.com.br\/inicio\/wp-json\/wp\/v2\/product_tag?post=19664"}],"curies":[{"name":"wp","href":"https:\/\/api.w.org\/{rel}","templated":true}]}}