{"id":19668,"date":"2025-06-20T19:50:56","date_gmt":"2025-06-20T23:50:56","guid":{"rendered":"https:\/\/www.multicasa.com.br\/inicio\/?post_type=product&#038;p=19668"},"modified":"2026-04-16T10:10:17","modified_gmt":"2026-04-16T14:10:17","slug":"fouet-de-silicone-para-ovos-uny-home-265cm","status":"publish","type":"product","link":"https:\/\/www.multicasa.com.br\/inicio\/produto\/fouet-de-silicone-para-ovos-uny-home-265cm\/","title":{"rendered":"Fouet de Silicone para Ovos Uny Home 26,5cm"},"content":{"rendered":"<p>Com hastes de silicone e cabo em acr\u00edlico, o Fouet de Silicone para Ovos da Uny Home ser\u00e1 seu companheiro na hora de criar receitas com ovos. Prepare bolos, maionese e claras em neve com mais rapidez e efici\u00eancia. Seu material facilita a limpeza e auxilia na durabilidade do utens\u00edlio. Possui 26,5cm de comprimento e suporta at\u00e9 270 graus.<\/p>\n","protected":false},"excerpt":{"rendered":"<h4 style=\"margin: 0px;padding: 0px 0px 16px;font-family: Lato, sans-serif;font-weight: bold;line-height: 3rem;color: var(--dark-grey3);font-size: 22px;font-style: normal;letter-spacing: normal;text-align: start;text-indent: 0px;text-transform: none\">Informa\u00e7\u00f5es t\u00e9cnicas<\/h4>\n<p><span style=\"margin: 0px;padding: 0px;font-weight: 450;font-size: 14px;line-height: 21px;color: var(--dark-grey2);font-family: Lato, sans-serif;font-style: normal;letter-spacing: normal;text-align: start;text-indent: 0px;text-transform: none\">Produto: Fouet<br \/>\nMarca: Uny Home<br \/>\nMaterial: Silicone e base em acr\u00edlico<br \/>\nCor: Sortidas<br \/>\nItens Inclusos: 1 Fouet<br \/>\nDimens\u00f5es do produto (C x L x P): 26,5 x 5 x 5cm<\/span><\/p>\n","protected":false},"featured_media":19732,"template":"","meta":{"_joinchat":[]},"product_brand":[],"product_cat":[93],"product_tag":[],"class_list":{"0":"post-19668","1":"product","2":"type-product","3":"status-publish","4":"has-post-thumbnail","6":"product_cat-utensilios-para-cozinha","8":"first","9":"instock","10":"shipping-taxable","11":"purchasable","12":"product-type-simple"},"_links":{"self":[{"href":"https:\/\/www.multicasa.com.br\/inicio\/wp-json\/wp\/v2\/product\/19668","targetHints":{"allow":["GET"]}}],"collection":[{"href":"https:\/\/www.multicasa.com.br\/inicio\/wp-json\/wp\/v2\/product"}],"about":[{"href":"https:\/\/www.multicasa.com.br\/inicio\/wp-json\/wp\/v2\/types\/product"}],"wp:featuredmedia":[{"embeddable":true,"href":"https:\/\/www.multicasa.com.br\/inicio\/wp-json\/wp\/v2\/media\/19732"}],"wp:attachment":[{"href":"https:\/\/www.multicasa.com.br\/inicio\/wp-json\/wp\/v2\/media?parent=19668"}],"wp:term":[{"taxonomy":"product_brand","embeddable":true,"href":"https:\/\/www.multicasa.com.br\/inicio\/wp-json\/wp\/v2\/product_brand?post=19668"},{"taxonomy":"product_cat","embeddable":true,"href":"https:\/\/www.multicasa.com.br\/inicio\/wp-json\/wp\/v2\/product_cat?post=19668"},{"taxonomy":"product_tag","embeddable":true,"href":"https:\/\/www.multicasa.com.br\/inicio\/wp-json\/wp\/v2\/product_tag?post=19668"}],"curies":[{"name":"wp","href":"https:\/\/api.w.org\/{rel}","templated":true}]}}