{"id":19669,"date":"2025-06-20T19:50:57","date_gmt":"2025-06-20T23:50:57","guid":{"rendered":"https:\/\/www.multicasa.com.br\/inicio\/?post_type=product&#038;p=19669"},"modified":"2025-06-20T19:51:52","modified_gmt":"2025-06-20T23:51:52","slug":"cremeira-de-plastico-branca-ou-350ml","status":"publish","type":"product","link":"https:\/\/www.multicasa.com.br\/inicio\/produto\/cremeira-de-plastico-branca-ou-350ml\/","title":{"rendered":"Cremeira de Pl\u00e1stico Branca OU 350ml"},"content":{"rendered":"<p>A Cremeira de Pl\u00e1stico da OU \u00e9 ideal para servir molhos, cremes, petiscos, maionese e outros alimentos mais l\u00edquidos. A textura do lado de fora auxilia na ader\u00eancia, facilitando a pega e evitando acidentes na hora de servir a refei\u00e7\u00e3o. Tem capacidade para at\u00e9 350ml e est\u00e1 dispon\u00edvel na cor branca. Deixe sua mesa posta ainda mais charmosa.<\/p>\n","protected":false},"excerpt":{"rendered":"<h4 style=\"margin: 0px;padding: 0px 0px 16px;font-family: Lato, sans-serif;font-weight: bold;line-height: 3rem;color: var(--dark-grey3);font-size: 22px;font-style: normal;letter-spacing: normal;text-align: start;text-indent: 0px;text-transform: none\">Informa\u00e7\u00f5es t\u00e9cnicas<\/h4>\n<p><span style=\"margin: 0px;padding: 0px;font-weight: 450;font-size: 14px;line-height: 21px;color: var(--dark-grey2);font-family: Lato, sans-serif;font-style: normal;letter-spacing: normal;text-align: start;text-indent: 0px;text-transform: none\">Produto: Cremeira<br \/>\nMarca: OU<br \/>\nMaterial: Pl\u00e1stico<br \/>\nCor: branco<br \/>\nCapacidade: 350ml<br \/>\nItens inclusos: 1 Cremeira<br \/>\nDimens\u00f5es do produto (A x L x P): 5,5cm x 11,5cm x 11,5cm<\/span><\/p>\n","protected":false},"featured_media":19733,"template":"","meta":{"_joinchat":[]},"product_brand":[],"product_cat":[93],"product_tag":[],"class_list":{"0":"post-19669","1":"product","2":"type-product","3":"status-publish","4":"has-post-thumbnail","6":"product_cat-utensilios-para-cozinha","8":"first","9":"outofstock","10":"shipping-taxable","11":"product-type-simple"},"_links":{"self":[{"href":"https:\/\/www.multicasa.com.br\/inicio\/wp-json\/wp\/v2\/product\/19669","targetHints":{"allow":["GET"]}}],"collection":[{"href":"https:\/\/www.multicasa.com.br\/inicio\/wp-json\/wp\/v2\/product"}],"about":[{"href":"https:\/\/www.multicasa.com.br\/inicio\/wp-json\/wp\/v2\/types\/product"}],"wp:featuredmedia":[{"embeddable":true,"href":"https:\/\/www.multicasa.com.br\/inicio\/wp-json\/wp\/v2\/media\/19733"}],"wp:attachment":[{"href":"https:\/\/www.multicasa.com.br\/inicio\/wp-json\/wp\/v2\/media?parent=19669"}],"wp:term":[{"taxonomy":"product_brand","embeddable":true,"href":"https:\/\/www.multicasa.com.br\/inicio\/wp-json\/wp\/v2\/product_brand?post=19669"},{"taxonomy":"product_cat","embeddable":true,"href":"https:\/\/www.multicasa.com.br\/inicio\/wp-json\/wp\/v2\/product_cat?post=19669"},{"taxonomy":"product_tag","embeddable":true,"href":"https:\/\/www.multicasa.com.br\/inicio\/wp-json\/wp\/v2\/product_tag?post=19669"}],"curies":[{"name":"wp","href":"https:\/\/api.w.org\/{rel}","templated":true}]}}