{"id":19689,"date":"2025-06-20T19:51:19","date_gmt":"2025-06-20T23:51:19","guid":{"rendered":"https:\/\/www.multicasa.com.br\/inicio\/?post_type=product&#038;p=19689"},"modified":"2025-08-17T18:59:43","modified_gmt":"2025-08-17T22:59:43","slug":"fatiador-de-cebola-em-plastico-branco-fackelmann","status":"publish","type":"product","link":"https:\/\/www.multicasa.com.br\/inicio\/produto\/fatiador-de-cebola-em-plastico-branco-fackelmann\/","title":{"rendered":"Fatiador de Cebola em Pl\u00e1stico Branco Fackelmann"},"content":{"rendered":"<p>O Fatiador de Cebola em Pl\u00e1stico da Fackelmann vai te auxiliar a cortar a cebola em tamanhos e espessuras iguais, al\u00e9m de ser \u00fatil para fazer a receita da cebola empanada. Para utiliz\u00e1-lo, basta coloc\u00e1-la no suporte e realizar os cortes marcados. No final, use o bast\u00e3o para retirar o miolo do vegetal. Indicado para tornar o seu dia-a-dia na cozinha mais pr\u00e1tico e seguro. Tem dimens\u00f5es de 10 x 10 x 6cm e est\u00e1 dispon\u00edvel na cor branca.<\/p>\n","protected":false},"excerpt":{"rendered":"<h4 style=\"margin: 0px;padding: 0px 0px 16px;font-family: Lato, sans-serif;font-weight: bold;line-height: 3rem;color: var(--dark-grey3);font-size: 22px;font-style: normal;letter-spacing: normal;text-align: start;text-indent: 0px;text-transform: none\">Informa\u00e7\u00f5es t\u00e9cnicas<\/h4>\n<p><span style=\"margin: 0px;padding: 0px;font-weight: 450;font-size: 14px;line-height: 21px;color: var(--dark-grey2);font-family: Lato, sans-serif;font-style: normal;letter-spacing: normal;text-align: start;text-indent: 0px;text-transform: none\">Produto: Fatiador de Cebola<br \/>\nMarca: Fackelmann<br \/>\nMaterial: Pl\u00e1stico<br \/>\nCor: Branco<br \/>\nItens Inclusos: 1 Fatiador de cebola<br \/>\nDimens\u00f5es do produto (A X L X P): 6 x 10 x 10cm<\/span><\/p>\n","protected":false},"featured_media":19737,"template":"","meta":{"_joinchat":[]},"product_brand":[],"product_cat":[93],"product_tag":[],"class_list":{"0":"post-19689","1":"product","2":"type-product","3":"status-publish","4":"has-post-thumbnail","6":"product_cat-utensilios-para-cozinha","8":"first","9":"outofstock","10":"shipping-taxable","11":"purchasable","12":"product-type-simple"},"_links":{"self":[{"href":"https:\/\/www.multicasa.com.br\/inicio\/wp-json\/wp\/v2\/product\/19689","targetHints":{"allow":["GET"]}}],"collection":[{"href":"https:\/\/www.multicasa.com.br\/inicio\/wp-json\/wp\/v2\/product"}],"about":[{"href":"https:\/\/www.multicasa.com.br\/inicio\/wp-json\/wp\/v2\/types\/product"}],"wp:featuredmedia":[{"embeddable":true,"href":"https:\/\/www.multicasa.com.br\/inicio\/wp-json\/wp\/v2\/media\/19737"}],"wp:attachment":[{"href":"https:\/\/www.multicasa.com.br\/inicio\/wp-json\/wp\/v2\/media?parent=19689"}],"wp:term":[{"taxonomy":"product_brand","embeddable":true,"href":"https:\/\/www.multicasa.com.br\/inicio\/wp-json\/wp\/v2\/product_brand?post=19689"},{"taxonomy":"product_cat","embeddable":true,"href":"https:\/\/www.multicasa.com.br\/inicio\/wp-json\/wp\/v2\/product_cat?post=19689"},{"taxonomy":"product_tag","embeddable":true,"href":"https:\/\/www.multicasa.com.br\/inicio\/wp-json\/wp\/v2\/product_tag?post=19689"}],"curies":[{"name":"wp","href":"https:\/\/api.w.org\/{rel}","templated":true}]}}