{"id":19695,"date":"2025-06-20T19:51:20","date_gmt":"2025-06-20T23:51:20","guid":{"rendered":"https:\/\/www.multicasa.com.br\/inicio\/?post_type=product&#038;p=19695"},"modified":"2025-06-20T19:52:27","modified_gmt":"2025-06-20T23:52:27","slug":"barra-magnetica-de-inox-para-facas-paramount-33cm","status":"publish","type":"product","link":"https:\/\/www.multicasa.com.br\/inicio\/produto\/barra-magnetica-de-inox-para-facas-paramount-33cm\/","title":{"rendered":"Barra Magn\u00e9tica de Inox para Facas Paramount 33cm"},"content":{"rendered":"<p>Com a Barra Magn\u00e9tica de Inox para Facas da Paramount de 33cm voc\u00ea deixa sua cozinha ou oficina mais segura, pr\u00e1tica, higi\u00eanica e organizada. Essa barra magn\u00e9tica \u00e9 perfeita para sua cozinha. Ideal para fixar com firmeza suas facas e utens\u00edlios de metal, organizando os espa\u00e7os e deixando tudo mais acess\u00edvel. Item indispens\u00e1vel para simplificar a sua vida na hora de escolher os acess\u00f3rios para preparo das refei\u00e7\u00f5es.<\/p>\n","protected":false},"excerpt":{"rendered":"<h4 style=\"margin: 0px;padding: 0px 0px 16px;font-family: Lato, sans-serif;font-weight: bold;line-height: 3rem;color: var(--dark-grey3);font-size: 22px;font-style: normal;letter-spacing: normal;text-align: start;text-indent: 0px;text-transform: none\">Informa\u00e7\u00f5es t\u00e9cnicas<\/h4>\n<p><span style=\"margin: 0px;padding: 0px;font-weight: 450;font-size: 14px;line-height: 21px;color: var(--dark-grey2);font-family: Lato, sans-serif;font-style: normal;letter-spacing: normal;text-align: start;text-indent: 0px;text-transform: none\">Produto: Barra Magn\u00e9tica para Facas<br \/>\nMarca: Paramount<br \/>\nMaterial: A\u00e7o Inox, polipropileno e \u00edm\u00e3 magn\u00e9tico<br \/>\nCor: Preto<br \/>\nCaracter\u00edsticas: Segura, pr\u00e1tica, fixa com firmeza<br \/>\nQuantidade de pe\u00e7as: 5 itens<br \/>\nItens Inclusos: 1 barra magn\u00e9tica, 2 parafusos  e 2 buchas<br \/>\nDimens\u00f5es do produto (A x L x C): 1 x 3 x 33cm                                                                                                         Peso: 300g<\/span><\/p>\n","protected":false},"featured_media":19768,"template":"","meta":{"_joinchat":[]},"product_brand":[],"product_cat":[93],"product_tag":[],"class_list":{"0":"post-19695","1":"product","2":"type-product","3":"status-publish","4":"has-post-thumbnail","6":"product_cat-utensilios-para-cozinha","8":"first","9":"outofstock","10":"shipping-taxable","11":"product-type-simple"},"_links":{"self":[{"href":"https:\/\/www.multicasa.com.br\/inicio\/wp-json\/wp\/v2\/product\/19695","targetHints":{"allow":["GET"]}}],"collection":[{"href":"https:\/\/www.multicasa.com.br\/inicio\/wp-json\/wp\/v2\/product"}],"about":[{"href":"https:\/\/www.multicasa.com.br\/inicio\/wp-json\/wp\/v2\/types\/product"}],"wp:featuredmedia":[{"embeddable":true,"href":"https:\/\/www.multicasa.com.br\/inicio\/wp-json\/wp\/v2\/media\/19768"}],"wp:attachment":[{"href":"https:\/\/www.multicasa.com.br\/inicio\/wp-json\/wp\/v2\/media?parent=19695"}],"wp:term":[{"taxonomy":"product_brand","embeddable":true,"href":"https:\/\/www.multicasa.com.br\/inicio\/wp-json\/wp\/v2\/product_brand?post=19695"},{"taxonomy":"product_cat","embeddable":true,"href":"https:\/\/www.multicasa.com.br\/inicio\/wp-json\/wp\/v2\/product_cat?post=19695"},{"taxonomy":"product_tag","embeddable":true,"href":"https:\/\/www.multicasa.com.br\/inicio\/wp-json\/wp\/v2\/product_tag?post=19695"}],"curies":[{"name":"wp","href":"https:\/\/api.w.org\/{rel}","templated":true}]}}