{"id":19697,"date":"2025-06-20T19:51:20","date_gmt":"2025-06-20T23:51:20","guid":{"rendered":"https:\/\/www.multicasa.com.br\/inicio\/?post_type=product&#038;p=19697"},"modified":"2025-06-20T19:52:32","modified_gmt":"2025-06-20T23:52:32","slug":"escova-de-limpeza-para-garrafas-copos-branca-paramount","status":"publish","type":"product","link":"https:\/\/www.multicasa.com.br\/inicio\/produto\/escova-de-limpeza-para-garrafas-copos-branca-paramount\/","title":{"rendered":"Escova de Limpeza para Garrafas\/Copos Branca Paramount"},"content":{"rendered":"<p>A Escova de Limpeza da Paramount \u00e9 ideal para auxiliar na higieniza\u00e7\u00e3o de copos, garrafas, mamadeiras e outros utens\u00edlios de cozinha. Ajuda a agilizar os servi\u00e7os de casa, possui esponja super macia e Flex\u00edvel e cabo antiderrapante e confort\u00e1vel que n\u00e3o escorrega. Com 28 cm de altura, seu uso \u00e9 indicado para objetos compridos.<\/p>\n","protected":false},"excerpt":{"rendered":"<h4 style=\"margin: 0px;padding: 0px 0px 16px;font-family: Lato, sans-serif;font-weight: bold;line-height: 3rem;color: var(--dark-grey3);font-size: 22px;font-style: normal;letter-spacing: normal;text-align: start;text-indent: 0px;text-transform: none\">Informa\u00e7\u00f5es t\u00e9cnicas<\/h4>\n<p><span style=\"margin: 0px;padding: 0px;font-weight: 450;font-size: 14px;line-height: 21px;color: var(--dark-grey2);font-family: Lato, sans-serif;font-style: normal;letter-spacing: normal;text-align: start;text-indent: 0px;text-transform: none\">Produto: Escova de Limpeza para Garrafa\/ Copo<br \/>\nMarca: Paramout<br \/>\nMaterial: Pl\u00e1stico<br \/>\nNylon<br \/>\nCor: Amarelo e cinza<br \/>\nItens Inclusos: 1 Escova de limpeza para garrafa<br \/>\nDimens\u00f5es do produto (A): 28cm<\/p>\n<p><\/span><\/p>\n","protected":false},"featured_media":19775,"template":"","meta":{"_joinchat":[]},"product_brand":[],"product_cat":[93],"product_tag":[],"class_list":{"0":"post-19697","1":"product","2":"type-product","3":"status-publish","4":"has-post-thumbnail","6":"product_cat-utensilios-para-cozinha","8":"first","9":"outofstock","10":"shipping-taxable","11":"product-type-simple"},"_links":{"self":[{"href":"https:\/\/www.multicasa.com.br\/inicio\/wp-json\/wp\/v2\/product\/19697","targetHints":{"allow":["GET"]}}],"collection":[{"href":"https:\/\/www.multicasa.com.br\/inicio\/wp-json\/wp\/v2\/product"}],"about":[{"href":"https:\/\/www.multicasa.com.br\/inicio\/wp-json\/wp\/v2\/types\/product"}],"wp:featuredmedia":[{"embeddable":true,"href":"https:\/\/www.multicasa.com.br\/inicio\/wp-json\/wp\/v2\/media\/19775"}],"wp:attachment":[{"href":"https:\/\/www.multicasa.com.br\/inicio\/wp-json\/wp\/v2\/media?parent=19697"}],"wp:term":[{"taxonomy":"product_brand","embeddable":true,"href":"https:\/\/www.multicasa.com.br\/inicio\/wp-json\/wp\/v2\/product_brand?post=19697"},{"taxonomy":"product_cat","embeddable":true,"href":"https:\/\/www.multicasa.com.br\/inicio\/wp-json\/wp\/v2\/product_cat?post=19697"},{"taxonomy":"product_tag","embeddable":true,"href":"https:\/\/www.multicasa.com.br\/inicio\/wp-json\/wp\/v2\/product_tag?post=19697"}],"curies":[{"name":"wp","href":"https:\/\/api.w.org\/{rel}","templated":true}]}}