{"id":19716,"date":"2025-06-20T19:51:46","date_gmt":"2025-06-20T23:51:46","guid":{"rendered":"https:\/\/www.multicasa.com.br\/inicio\/?post_type=product&#038;p=19716"},"modified":"2025-06-20T19:52:35","modified_gmt":"2025-06-20T23:52:35","slug":"timer-digital-regressivo-redondo-azul-herweg","status":"publish","type":"product","link":"https:\/\/www.multicasa.com.br\/inicio\/produto\/timer-digital-regressivo-redondo-azul-herweg\/","title":{"rendered":"Timer Digital Regressivo Redondo Azul Herweg"},"content":{"rendered":"<p>O Timer Digital Regressivo Herweg \u00e9 ideal para controlar o tempo nas mais variadas situa\u00e7\u00f5es. Produzido em pl\u00e1stico injetado na cor azul no formato redondo, possui alarme sonoro, contagem regressiva e cron\u00f4metro. Possui display digital com minuto e segundo, permitindo uma contagem de at\u00e9 99 minutos. Sua alimenta\u00e7\u00e3o \u00e9 atrav\u00e9s de bateria tipo LR44 que vai inclusiva no temporizador. Possui presilha para prender na roupa e im\u00e3 para fixa\u00e7\u00e3o.<\/p>\n","protected":false},"excerpt":{"rendered":"<h4 style=\"margin: 0px;padding: 0px 0px 16px;font-family: Lato, sans-serif;font-weight: bold;line-height: 3rem;color: var(--dark-grey3);font-size: 22px;font-style: normal;letter-spacing: normal;text-align: start;text-indent: 0px;text-transform: none\">Informa\u00e7\u00f5es t\u00e9cnicas<\/h4>\n<p><span style=\"margin: 0px;padding: 0px;font-weight: 450;font-size: 14px;line-height: 21px;color: var(--dark-grey2);font-family: Lato, sans-serif;font-style: normal;letter-spacing: normal;text-align: start;text-indent: 0px;text-transform: none\">Produto: Timer para Cozinha<br \/>\nTipo: Digital<br \/>\nMarca: Herweg<br \/>\nMaterial: Pl\u00e1stico<br \/>\nCor: Azul e prata<br \/>\nAlimenta\u00e7\u00e3o: 1 bateria tipo lr44<br \/>\nCaracter\u00edsticas: 99 minutos<br \/>\nIm\u00e3 para fixa\u00e7\u00e3o<br \/>\nAlarme sonoro<br \/>\nContagem regressiva<br \/>\nCron\u00f4metro<br \/>\nItens inclusos: 1 timer<br \/>\nDimens\u00f5es do produto (A X L): 2 x 6,5cm<\/span><\/p>\n","protected":false},"featured_media":19776,"template":"","meta":{"_joinchat":[]},"product_brand":[],"product_cat":[93],"product_tag":[],"class_list":{"0":"post-19716","1":"product","2":"type-product","3":"status-publish","4":"has-post-thumbnail","6":"product_cat-utensilios-para-cozinha","8":"first","9":"outofstock","10":"shipping-taxable","11":"product-type-simple"},"_links":{"self":[{"href":"https:\/\/www.multicasa.com.br\/inicio\/wp-json\/wp\/v2\/product\/19716","targetHints":{"allow":["GET"]}}],"collection":[{"href":"https:\/\/www.multicasa.com.br\/inicio\/wp-json\/wp\/v2\/product"}],"about":[{"href":"https:\/\/www.multicasa.com.br\/inicio\/wp-json\/wp\/v2\/types\/product"}],"wp:featuredmedia":[{"embeddable":true,"href":"https:\/\/www.multicasa.com.br\/inicio\/wp-json\/wp\/v2\/media\/19776"}],"wp:attachment":[{"href":"https:\/\/www.multicasa.com.br\/inicio\/wp-json\/wp\/v2\/media?parent=19716"}],"wp:term":[{"taxonomy":"product_brand","embeddable":true,"href":"https:\/\/www.multicasa.com.br\/inicio\/wp-json\/wp\/v2\/product_brand?post=19716"},{"taxonomy":"product_cat","embeddable":true,"href":"https:\/\/www.multicasa.com.br\/inicio\/wp-json\/wp\/v2\/product_cat?post=19716"},{"taxonomy":"product_tag","embeddable":true,"href":"https:\/\/www.multicasa.com.br\/inicio\/wp-json\/wp\/v2\/product_tag?post=19716"}],"curies":[{"name":"wp","href":"https:\/\/api.w.org\/{rel}","templated":true}]}}