{"id":19718,"date":"2025-06-20T19:51:46","date_gmt":"2025-06-20T23:51:46","guid":{"rendered":"https:\/\/www.multicasa.com.br\/inicio\/?post_type=product&#038;p=19718"},"modified":"2025-06-20T19:52:41","modified_gmt":"2025-06-20T23:52:41","slug":"escorredor-de-macarrao-em-inox-uny-gift","status":"publish","type":"product","link":"https:\/\/www.multicasa.com.br\/inicio\/produto\/escorredor-de-macarrao-em-inox-uny-gift\/","title":{"rendered":"Escorredor de Macarr\u00e3o em Inox Uny Gift"},"content":{"rendered":"<p>Escorredor de Macarr\u00e3o Uny Gift confeccionado em A\u00e7o Inox, ideal para facilitar o preparo de qualquer tipo de massa, por ser produzido em a\u00e7o inox \u00e9 mais dur\u00e1vel, al\u00e9m de trazer praticidade e charme na sua cozinha. Item indispens\u00e1vel para o dia a dia!<\/p>\n","protected":false},"excerpt":{"rendered":"<h4 style=\"margin: 0px;padding: 0px 0px 16px;font-family: Lato, sans-serif;font-weight: bold;line-height: 3rem;color: var(--dark-grey3);font-size: 22px;font-style: normal;letter-spacing: normal;text-align: start;text-indent: 0px;text-transform: none\">Informa\u00e7\u00f5es t\u00e9cnicas<\/h4>\n<p><span style=\"margin: 0px;padding: 0px;font-weight: 450;font-size: 14px;line-height: 21px;color: var(--dark-grey2);font-family: Lato, sans-serif;font-style: normal;letter-spacing: normal;text-align: start;text-indent: 0px;text-transform: none\">Produto: Escorredor de massa<br \/>\nMarca: Uny Gift<br \/>\nMaterial: A\u00e7o Inox<br \/>\nCor: Prata<br \/>\nItens Inclusos: 1 escorredor de massa<br \/>\nDimens\u00f5es do produto (A x P): 9,5 x 26cm<\/span><\/p>\n","protected":false},"featured_media":19786,"template":"","meta":{"_joinchat":[]},"product_brand":[],"product_cat":[93],"product_tag":[],"class_list":{"0":"post-19718","1":"product","2":"type-product","3":"status-publish","4":"has-post-thumbnail","6":"product_cat-utensilios-para-cozinha","8":"first","9":"outofstock","10":"shipping-taxable","11":"product-type-simple"},"_links":{"self":[{"href":"https:\/\/www.multicasa.com.br\/inicio\/wp-json\/wp\/v2\/product\/19718","targetHints":{"allow":["GET"]}}],"collection":[{"href":"https:\/\/www.multicasa.com.br\/inicio\/wp-json\/wp\/v2\/product"}],"about":[{"href":"https:\/\/www.multicasa.com.br\/inicio\/wp-json\/wp\/v2\/types\/product"}],"wp:featuredmedia":[{"embeddable":true,"href":"https:\/\/www.multicasa.com.br\/inicio\/wp-json\/wp\/v2\/media\/19786"}],"wp:attachment":[{"href":"https:\/\/www.multicasa.com.br\/inicio\/wp-json\/wp\/v2\/media?parent=19718"}],"wp:term":[{"taxonomy":"product_brand","embeddable":true,"href":"https:\/\/www.multicasa.com.br\/inicio\/wp-json\/wp\/v2\/product_brand?post=19718"},{"taxonomy":"product_cat","embeddable":true,"href":"https:\/\/www.multicasa.com.br\/inicio\/wp-json\/wp\/v2\/product_cat?post=19718"},{"taxonomy":"product_tag","embeddable":true,"href":"https:\/\/www.multicasa.com.br\/inicio\/wp-json\/wp\/v2\/product_tag?post=19718"}],"curies":[{"name":"wp","href":"https:\/\/api.w.org\/{rel}","templated":true}]}}