{"id":19727,"date":"2025-06-20T19:51:47","date_gmt":"2025-06-20T23:51:47","guid":{"rendered":"https:\/\/www.multicasa.com.br\/inicio\/?post_type=product&#038;p=19727"},"modified":"2026-02-05T14:30:13","modified_gmt":"2026-02-05T18:30:13","slug":"jogo-de-prendedores-para-embalagem-secalux-5-unidades","status":"publish","type":"product","link":"https:\/\/www.multicasa.com.br\/inicio\/produto\/jogo-de-prendedores-para-embalagem-secalux-5-unidades\/","title":{"rendered":"Jogo de Prendedores para Embalagem Secalux 5 unidades"},"content":{"rendered":"<p>Com o Jogo de Prendedores para Embalagem da Secalux voc\u00ea pode para lacrar pacotes e conservar alimentos, pendurar recados e fotos. S\u00e3o 5 unidades feitas de pl\u00e1stico com molas que n\u00e3o enferrujam e t\u00eam maior durabilidade. Tenha sempre em m\u00e3os os produtos multiuso para a sua casa.<\/p>\n","protected":false},"excerpt":{"rendered":"<h4 style=\"margin: 0px;padding: 0px 0px 16px;font-family: Lato, sans-serif;font-weight: bold;line-height: 3rem;color: var(--dark-grey3);font-size: 22px;font-style: normal;letter-spacing: normal;text-align: start;text-indent: 0px;text-transform: none\">Informa\u00e7\u00f5es t\u00e9cnicas<\/h4>\n<p><span style=\"margin: 0px;padding: 0px;font-weight: 450;font-size: 14px;line-height: 21px;color: var(--dark-grey2);font-family: Lato, sans-serif;font-style: normal;letter-spacing: normal;text-align: start;text-indent: 0px;text-transform: none\">Produto: Prendedores<br \/>\nMarca: Secalux<br \/>\nMaterial: Pl\u00e1stico<br \/>\nCor:<br \/>\nCaracter\u00edsticas: Molas n\u00e3o enferrujam<br \/>\nItens Inclusos: 5 prendedores<br \/>\nDimens\u00f5es do produto (A X L): Pequeno 4 x 7cm<br \/>\nGrande 5 x 10cm<\/span><\/p>\n","protected":false},"featured_media":19795,"template":"","meta":{"_joinchat":[]},"product_brand":[],"product_cat":[93],"product_tag":[],"class_list":{"0":"post-19727","1":"product","2":"type-product","3":"status-publish","4":"has-post-thumbnail","6":"product_cat-utensilios-para-cozinha","8":"first","9":"outofstock","10":"shipping-taxable","11":"purchasable","12":"product-type-simple"},"_links":{"self":[{"href":"https:\/\/www.multicasa.com.br\/inicio\/wp-json\/wp\/v2\/product\/19727","targetHints":{"allow":["GET"]}}],"collection":[{"href":"https:\/\/www.multicasa.com.br\/inicio\/wp-json\/wp\/v2\/product"}],"about":[{"href":"https:\/\/www.multicasa.com.br\/inicio\/wp-json\/wp\/v2\/types\/product"}],"wp:featuredmedia":[{"embeddable":true,"href":"https:\/\/www.multicasa.com.br\/inicio\/wp-json\/wp\/v2\/media\/19795"}],"wp:attachment":[{"href":"https:\/\/www.multicasa.com.br\/inicio\/wp-json\/wp\/v2\/media?parent=19727"}],"wp:term":[{"taxonomy":"product_brand","embeddable":true,"href":"https:\/\/www.multicasa.com.br\/inicio\/wp-json\/wp\/v2\/product_brand?post=19727"},{"taxonomy":"product_cat","embeddable":true,"href":"https:\/\/www.multicasa.com.br\/inicio\/wp-json\/wp\/v2\/product_cat?post=19727"},{"taxonomy":"product_tag","embeddable":true,"href":"https:\/\/www.multicasa.com.br\/inicio\/wp-json\/wp\/v2\/product_tag?post=19727"}],"curies":[{"name":"wp","href":"https:\/\/api.w.org\/{rel}","templated":true}]}}