{"id":19731,"date":"2025-06-20T19:51:48","date_gmt":"2025-06-20T23:51:48","guid":{"rendered":"https:\/\/www.multicasa.com.br\/inicio\/?post_type=product&#038;p=19731"},"modified":"2026-03-30T10:00:46","modified_gmt":"2026-03-30T14:00:46","slug":"sensor-presenca-sobrepor-qa26m-qualitronix","status":"publish","type":"product","link":"https:\/\/www.multicasa.com.br\/inicio\/produto\/sensor-presenca-sobrepor-qa26m-qualitronix\/","title":{"rendered":"Sensor Presenca Sobrepor Qa26M Qualitronix"},"content":{"rendered":"<p>INTERRUPTOR AUTOM\u00c1TICO, 3 FIOS, LENTE 180\u00ba, COM ARTICULADOR, COM FOTOC\u00c9LULA QA26.<br \/>\nSensor de sobrepor; \u00e9 usado quando n\u00e3o se tem o local para colocar o interruptor convencional; sensor de 3 fios, funciona com qualquer tipo de l\u00e2mpada; a fotoc\u00e9lula serve para diferenciar dia\/noite, ou seja, quando o sensor detectar um movimento e detectar que h\u00e1 claridade no local, ele entende que a l\u00e2mpada n\u00e3o precisa acender, economizando energia. Modelo sobrepor parede para \u00e1rea externa.<\/p>\n","protected":false},"excerpt":{"rendered":"<h4 style=\"margin: 0px; padding: 0px 0px 16px; font-family: Lato, sans-serif; font-weight: bold; line-height: 3rem; color: var(--dark-grey3); font-size: 22px; font-style: normal; letter-spacing: normal; text-align: start; text-indent: 0px; text-transform: none;\">Informa\u00e7\u00f5es t\u00e9cnicas<\/h4>\n<p><span style=\"margin: 0px; padding: 0px; font-weight: 450; font-size: 14px; line-height: 21px; color: var(--dark-grey2); font-family: Lato, sans-serif; font-style: normal; letter-spacing: normal; text-align: start; text-indent: 0px; text-transform: none;\">Produto: SENSOR PRESENCA SOB.QA26M<br \/>\nMarca: Qualitronix<br \/>\nMaterial: Pl\u00e1stico<br \/>\nCor: Preta<br \/>\nCaracter\u00edsticas: \u00e9 usado quando n\u00e3o se tem o local para colocar o interruptor convencional.<\/span><\/p>\n","protected":false},"featured_media":25965,"template":"","meta":{"_joinchat":[]},"product_brand":[],"product_cat":[171,161],"product_tag":[],"class_list":{"0":"post-19731","1":"product","2":"type-product","3":"status-publish","4":"has-post-thumbnail","6":"product_cat-ofertas","7":"product_cat-seguranca","9":"first","10":"instock","11":"featured","12":"shipping-taxable","13":"purchasable","14":"product-type-simple"},"_links":{"self":[{"href":"https:\/\/www.multicasa.com.br\/inicio\/wp-json\/wp\/v2\/product\/19731","targetHints":{"allow":["GET"]}}],"collection":[{"href":"https:\/\/www.multicasa.com.br\/inicio\/wp-json\/wp\/v2\/product"}],"about":[{"href":"https:\/\/www.multicasa.com.br\/inicio\/wp-json\/wp\/v2\/types\/product"}],"wp:featuredmedia":[{"embeddable":true,"href":"https:\/\/www.multicasa.com.br\/inicio\/wp-json\/wp\/v2\/media\/25965"}],"wp:attachment":[{"href":"https:\/\/www.multicasa.com.br\/inicio\/wp-json\/wp\/v2\/media?parent=19731"}],"wp:term":[{"taxonomy":"product_brand","embeddable":true,"href":"https:\/\/www.multicasa.com.br\/inicio\/wp-json\/wp\/v2\/product_brand?post=19731"},{"taxonomy":"product_cat","embeddable":true,"href":"https:\/\/www.multicasa.com.br\/inicio\/wp-json\/wp\/v2\/product_cat?post=19731"},{"taxonomy":"product_tag","embeddable":true,"href":"https:\/\/www.multicasa.com.br\/inicio\/wp-json\/wp\/v2\/product_tag?post=19731"}],"curies":[{"name":"wp","href":"https:\/\/api.w.org\/{rel}","templated":true}]}}