{"id":19755,"date":"2025-06-20T19:52:16","date_gmt":"2025-06-20T23:52:16","guid":{"rendered":"https:\/\/www.multicasa.com.br\/inicio\/?post_type=product&#038;p=19755"},"modified":"2025-06-20T19:53:11","modified_gmt":"2025-06-20T23:53:11","slug":"copo-de-vidro-joinville-para-cerveja-nadir-680ml","status":"publish","type":"product","link":"https:\/\/www.multicasa.com.br\/inicio\/produto\/copo-de-vidro-joinville-para-cerveja-nadir-680ml\/","title":{"rendered":"Copo de Vidro Joinville para Cerveja Nadir 680ml"},"content":{"rendered":"<p>O Copo Joinville para Cerveja Nadir \u00e9 puro estilo e eleg\u00e2ncia para apreciar sua cerveja ou chopp. Produzido em vidro transparente, com capacidade para 680ml, possui um design cl\u00e1ssico e arrojado. Deguste todos os nuances da sua bebida com muita classe.<\/p>\n","protected":false},"excerpt":{"rendered":"<h4 style=\"margin: 0px;padding: 0px 0px 16px;font-family: Lato, sans-serif;font-weight: bold;line-height: 3rem;color: var(--dark-grey3);font-size: 22px;font-style: normal;letter-spacing: normal;text-align: start;text-indent: 0px;text-transform: none\">Informa\u00e7\u00f5es t\u00e9cnicas<\/h4>\n<p><span style=\"margin: 0px;padding: 0px;font-weight: 450;font-size: 14px;line-height: 21px;color: var(--dark-grey2);font-family: Lato, sans-serif;font-style: normal;letter-spacing: normal;text-align: start;text-indent: 0px;text-transform: none\">Produto: Copo<br \/>\nMarca: Nadir<br \/>\nMaterial: Vidro<br \/>\nCor: Transparente, estampa variadas<br \/>\nCapacidade: 680ml<br \/>\nCaracter\u00edsticas:Pode ir na lava lou\u00e7as<br \/>\nItens Inclusos: 1 copo<br \/>\nDi\u00e2metro: 7,5cm<br \/>\nDimens\u00f5es do produto (A): 22cm<\/span><\/p>\n","protected":false},"featured_media":19817,"template":"","meta":{"_joinchat":[]},"product_brand":[],"product_cat":[93],"product_tag":[],"class_list":{"0":"post-19755","1":"product","2":"type-product","3":"status-publish","4":"has-post-thumbnail","6":"product_cat-utensilios-para-cozinha","8":"first","9":"outofstock","10":"shipping-taxable","11":"product-type-simple"},"_links":{"self":[{"href":"https:\/\/www.multicasa.com.br\/inicio\/wp-json\/wp\/v2\/product\/19755","targetHints":{"allow":["GET"]}}],"collection":[{"href":"https:\/\/www.multicasa.com.br\/inicio\/wp-json\/wp\/v2\/product"}],"about":[{"href":"https:\/\/www.multicasa.com.br\/inicio\/wp-json\/wp\/v2\/types\/product"}],"wp:featuredmedia":[{"embeddable":true,"href":"https:\/\/www.multicasa.com.br\/inicio\/wp-json\/wp\/v2\/media\/19817"}],"wp:attachment":[{"href":"https:\/\/www.multicasa.com.br\/inicio\/wp-json\/wp\/v2\/media?parent=19755"}],"wp:term":[{"taxonomy":"product_brand","embeddable":true,"href":"https:\/\/www.multicasa.com.br\/inicio\/wp-json\/wp\/v2\/product_brand?post=19755"},{"taxonomy":"product_cat","embeddable":true,"href":"https:\/\/www.multicasa.com.br\/inicio\/wp-json\/wp\/v2\/product_cat?post=19755"},{"taxonomy":"product_tag","embeddable":true,"href":"https:\/\/www.multicasa.com.br\/inicio\/wp-json\/wp\/v2\/product_tag?post=19755"}],"curies":[{"name":"wp","href":"https:\/\/api.w.org\/{rel}","templated":true}]}}