{"id":19758,"date":"2025-06-20T19:52:16","date_gmt":"2025-06-20T23:52:16","guid":{"rendered":"https:\/\/www.multicasa.com.br\/inicio\/?post_type=product&#038;p=19758"},"modified":"2025-08-18T00:53:28","modified_gmt":"2025-08-18T04:53:28","slug":"cola-instantanea-perfect-pen-super-bonder-3g","status":"publish","type":"product","link":"https:\/\/www.multicasa.com.br\/inicio\/produto\/cola-instantanea-perfect-pen-super-bonder-3g\/","title":{"rendered":"Cola Instant\u00e2nea Perfect Pen Super Bonder 3g"},"content":{"rendered":"<p>Ideal para diversos reparos, a cola instant\u00e2nea perfect pen Super Bonder \u00e9 uma ajuda indispens\u00e1vel para ter em casa! Seu design inovador com sistema de press\u00e3o, facilita a aplica\u00e7\u00e3o na dosagem certa. Al\u00e9m disso, possui tampa anti-entupimento e toque macio da caneta emborrachada. Use o adesivo instant\u00e2neo perfect pen para colar borracha, couro, madeira, metal, porcelana, papel, pl\u00e1stico e muito mais. F\u00f3rmula sem solvente.<\/p>\n","protected":false},"excerpt":{"rendered":"<h4 style=\"margin: 0px;padding: 0px 0px 16px;font-family: Lato, sans-serif;font-weight: bold;line-height: 3rem;color: var(--dark-grey3);font-size: 22px;font-style: normal;letter-spacing: normal;text-align: start;text-indent: 0px;text-transform: none\">Informa\u00e7\u00f5es t\u00e9cnicas<\/h4>\n<p><span style=\"margin: 0px;padding: 0px;font-weight: 450;font-size: 14px;line-height: 21px;color: var(--dark-grey2);font-family: Lato, sans-serif;font-style: normal;letter-spacing: normal;text-align: start;text-indent: 0px;text-transform: none\">Produto: Cola Instant\u00e2nea<br \/>\nMarca: Super Bonder<br \/>\nConte\u00fado: 3g<br \/>\nCaracter\u00edsticas: F\u00f3rmula em gel<br \/>\nBico que permite dosagem certa<br \/>\nTampa com pino anti entupimento<br \/>\nToque macio da caneta emborrachada<br \/>\nItens inclusos: 1 Cola Instant\u00e2nea<\/span><\/p>\n","protected":false},"featured_media":24989,"template":"","meta":{"_joinchat":[]},"product_brand":[],"product_cat":[162],"product_tag":[],"class_list":{"0":"post-19758","1":"product","2":"type-product","3":"status-publish","4":"has-post-thumbnail","6":"product_cat-colas-e-cia","8":"first","9":"outofstock","10":"shipping-taxable","11":"purchasable","12":"product-type-simple"},"_links":{"self":[{"href":"https:\/\/www.multicasa.com.br\/inicio\/wp-json\/wp\/v2\/product\/19758","targetHints":{"allow":["GET"]}}],"collection":[{"href":"https:\/\/www.multicasa.com.br\/inicio\/wp-json\/wp\/v2\/product"}],"about":[{"href":"https:\/\/www.multicasa.com.br\/inicio\/wp-json\/wp\/v2\/types\/product"}],"wp:featuredmedia":[{"embeddable":true,"href":"https:\/\/www.multicasa.com.br\/inicio\/wp-json\/wp\/v2\/media\/24989"}],"wp:attachment":[{"href":"https:\/\/www.multicasa.com.br\/inicio\/wp-json\/wp\/v2\/media?parent=19758"}],"wp:term":[{"taxonomy":"product_brand","embeddable":true,"href":"https:\/\/www.multicasa.com.br\/inicio\/wp-json\/wp\/v2\/product_brand?post=19758"},{"taxonomy":"product_cat","embeddable":true,"href":"https:\/\/www.multicasa.com.br\/inicio\/wp-json\/wp\/v2\/product_cat?post=19758"},{"taxonomy":"product_tag","embeddable":true,"href":"https:\/\/www.multicasa.com.br\/inicio\/wp-json\/wp\/v2\/product_tag?post=19758"}],"curies":[{"name":"wp","href":"https:\/\/api.w.org\/{rel}","templated":true}]}}