{"id":19759,"date":"2025-06-20T19:52:16","date_gmt":"2025-06-20T23:52:16","guid":{"rendered":"https:\/\/www.multicasa.com.br\/inicio\/?post_type=product&#038;p=19759"},"modified":"2025-06-20T19:53:24","modified_gmt":"2025-06-20T23:53:24","slug":"corda-multifilamento-trancada-preta-vonder-3mmx1m","status":"publish","type":"product","link":"https:\/\/www.multicasa.com.br\/inicio\/produto\/corda-multifilamento-trancada-preta-vonder-3mmx1m\/","title":{"rendered":"Corda Multifilamento Tran\u00e7ada Preta Vonder 3mmx1m"},"content":{"rendered":"<p>Amarre cargas, fardos e confeccione redes de prote\u00e7\u00e3o esportivas usando a corda multifilamento tran\u00e7ada preta da Vonder. Feita de polipropileno PP, seu di\u00e2metro mede 3mm, sendo tamb\u00e9m indicada para usar em frigor\u00edficos, cortinas de avi\u00e1rios e agricultura em geral. N\u00e3o use em cadeiras suspensas, cabos de guia de seguran\u00e7a e fixa\u00e7\u00e3o de travas.<\/p>\n","protected":false},"excerpt":{"rendered":"<h4 style=\"margin: 0px;padding: 0px 0px 16px;font-family: Lato, sans-serif;font-weight: bold;line-height: 3rem;color: var(--dark-grey3);font-size: 22px;font-style: normal;letter-spacing: normal;text-align: start;text-indent: 0px;text-transform: none\">Informa\u00e7\u00f5es t\u00e9cnicas<\/h4>\n<p><span style=\"margin: 0px;padding: 0px;font-weight: 450;font-size: 14px;line-height: 21px;color: var(--dark-grey2);font-family: Lato, sans-serif;font-style: normal;letter-spacing: normal;text-align: start;text-indent: 0px;text-transform: none\">Produto: Corda Multifilamento<br \/>\nMarca: Vonder<br \/>\nMaterial: Polipropileno<br \/>\nCor: Preta<br \/>\nCaracter\u00edsticas: Encordamento tran\u00e7ado<br \/>\nItens Inclusos: 1 Corda Multifilamento<br \/>\nDimens\u00f5es do produto (A X L X P): 3mm x 1m<br \/>\n<\/span><\/p>\n","protected":false},"featured_media":19829,"template":"","meta":{"_joinchat":[]},"product_brand":[],"product_cat":[161],"product_tag":[],"class_list":{"0":"post-19759","1":"product","2":"type-product","3":"status-publish","4":"has-post-thumbnail","6":"product_cat-seguranca","8":"first","9":"outofstock","10":"shipping-taxable","11":"product-type-simple"},"_links":{"self":[{"href":"https:\/\/www.multicasa.com.br\/inicio\/wp-json\/wp\/v2\/product\/19759","targetHints":{"allow":["GET"]}}],"collection":[{"href":"https:\/\/www.multicasa.com.br\/inicio\/wp-json\/wp\/v2\/product"}],"about":[{"href":"https:\/\/www.multicasa.com.br\/inicio\/wp-json\/wp\/v2\/types\/product"}],"wp:featuredmedia":[{"embeddable":true,"href":"https:\/\/www.multicasa.com.br\/inicio\/wp-json\/wp\/v2\/media\/19829"}],"wp:attachment":[{"href":"https:\/\/www.multicasa.com.br\/inicio\/wp-json\/wp\/v2\/media?parent=19759"}],"wp:term":[{"taxonomy":"product_brand","embeddable":true,"href":"https:\/\/www.multicasa.com.br\/inicio\/wp-json\/wp\/v2\/product_brand?post=19759"},{"taxonomy":"product_cat","embeddable":true,"href":"https:\/\/www.multicasa.com.br\/inicio\/wp-json\/wp\/v2\/product_cat?post=19759"},{"taxonomy":"product_tag","embeddable":true,"href":"https:\/\/www.multicasa.com.br\/inicio\/wp-json\/wp\/v2\/product_tag?post=19759"}],"curies":[{"name":"wp","href":"https:\/\/api.w.org\/{rel}","templated":true}]}}