{"id":19762,"date":"2025-06-20T19:52:17","date_gmt":"2025-06-20T23:52:17","guid":{"rendered":"https:\/\/www.multicasa.com.br\/inicio\/?post_type=product&#038;p=19762"},"modified":"2025-06-20T19:53:35","modified_gmt":"2025-06-20T23:53:35","slug":"saleiro-de-plastico-em-formato-de-abacaxi-injetemp","status":"publish","type":"product","link":"https:\/\/www.multicasa.com.br\/inicio\/produto\/saleiro-de-plastico-em-formato-de-abacaxi-injetemp\/","title":{"rendered":"Saleiro de Pl\u00e1stico em formato de Abacaxi Injetemp"},"content":{"rendered":"<p>Use o Saleiro de Pl\u00e1stico em formato de Abacaxi da Injetemp para reservar o sal e temperar suas refei\u00e7\u00f5es na medida ideal. Sua cozinha e mesa ficar\u00e3o ainda mais divertidas e coloridas. Resistente a quedas, est\u00e1 dispon\u00edvel na cor laranja e seu uso \u00e9 indicado para deixar seu lar ainda mais alto astral.<\/p>\n","protected":false},"excerpt":{"rendered":"<h4 style=\"margin: 0px;padding: 0px 0px 16px;font-family: Lato, sans-serif;font-weight: bold;line-height: 3rem;color: var(--dark-grey3);font-size: 22px;font-style: normal;letter-spacing: normal;text-align: start;text-indent: 0px;text-transform: none\">Informa\u00e7\u00f5es t\u00e9cnicas<\/h4>\n<p><span style=\"margin: 0px;padding: 0px;font-weight: 450;font-size: 14px;line-height: 21px;color: var(--dark-grey2);font-family: Lato, sans-serif;font-style: normal;letter-spacing: normal;text-align: start;text-indent: 0px;text-transform: none\">Produto: Saleiro<br \/>\nMarca: Injetemp<br \/>\nMaterial: Pl\u00e1stico<br \/>\nCor: Laranja e verde<br \/>\nCaracter\u00edsticas: Resistente a quedas<br \/>\nItens Inclusos: 1 Saleiro<br \/>\nDimens\u00f5es do produto (A X L): 3 x 9cm<\/span><\/p>\n","protected":false},"featured_media":19844,"template":"","meta":{"_joinchat":[]},"product_brand":[],"product_cat":[93],"product_tag":[],"class_list":{"0":"post-19762","1":"product","2":"type-product","3":"status-publish","4":"has-post-thumbnail","6":"product_cat-utensilios-para-cozinha","8":"first","9":"outofstock","10":"shipping-taxable","11":"product-type-simple"},"_links":{"self":[{"href":"https:\/\/www.multicasa.com.br\/inicio\/wp-json\/wp\/v2\/product\/19762","targetHints":{"allow":["GET"]}}],"collection":[{"href":"https:\/\/www.multicasa.com.br\/inicio\/wp-json\/wp\/v2\/product"}],"about":[{"href":"https:\/\/www.multicasa.com.br\/inicio\/wp-json\/wp\/v2\/types\/product"}],"wp:featuredmedia":[{"embeddable":true,"href":"https:\/\/www.multicasa.com.br\/inicio\/wp-json\/wp\/v2\/media\/19844"}],"wp:attachment":[{"href":"https:\/\/www.multicasa.com.br\/inicio\/wp-json\/wp\/v2\/media?parent=19762"}],"wp:term":[{"taxonomy":"product_brand","embeddable":true,"href":"https:\/\/www.multicasa.com.br\/inicio\/wp-json\/wp\/v2\/product_brand?post=19762"},{"taxonomy":"product_cat","embeddable":true,"href":"https:\/\/www.multicasa.com.br\/inicio\/wp-json\/wp\/v2\/product_cat?post=19762"},{"taxonomy":"product_tag","embeddable":true,"href":"https:\/\/www.multicasa.com.br\/inicio\/wp-json\/wp\/v2\/product_tag?post=19762"}],"curies":[{"name":"wp","href":"https:\/\/api.w.org\/{rel}","templated":true}]}}