{"id":19780,"date":"2025-06-20T19:52:39","date_gmt":"2025-06-20T23:52:39","guid":{"rendered":"https:\/\/www.multicasa.com.br\/inicio\/?post_type=product&#038;p=19780"},"modified":"2025-06-20T19:53:37","modified_gmt":"2025-06-20T23:53:37","slug":"gancho-adesivo-de-plastico-3m-ate-900g","status":"publish","type":"product","link":"https:\/\/www.multicasa.com.br\/inicio\/produto\/gancho-adesivo-de-plastico-3m-ate-900g\/","title":{"rendered":"Gancho Adesivo de Pl\u00e1stico 3M at\u00e9 900g"},"content":{"rendered":"<p>Chega de furar as paredes, portas e arm\u00e1rios para pendurar suas bolsas, chap\u00e9us e acess\u00f3rios. O gancho adesivo de pl\u00e1stico incolor da 3M n\u00e3o danifica as superf\u00edcies, mantendo a tintura da sua parede e m\u00f3veis intacta. Com tecnologia exclusiva de fixa\u00e7\u00e3o, suporta at\u00e9 900g e pode ser reutilizado com os refis adesivos. Pendure o que voc\u00ea quiser com praticidade e sem furos.<\/p>\n","protected":false},"excerpt":{"rendered":"<h4 style=\"margin: 0px;padding: 0px 0px 16px;font-family: Lato, sans-serif;font-weight: bold;line-height: 3rem;color: var(--dark-grey3);font-size: 22px;font-style: normal;letter-spacing: normal;text-align: start;text-indent: 0px;text-transform: none\">Informa\u00e7\u00f5es t\u00e9cnicas<\/h4>\n<p><span style=\"margin: 0px;padding: 0px;font-weight: 450;font-size: 14px;line-height: 21px;color: var(--dark-grey2);font-family: Lato, sans-serif;font-style: normal;letter-spacing: normal;text-align: start;text-indent: 0px;text-transform: none\">Produto: Gancho<br \/>\nMarca: 3M<br \/>\nMaterial: Pl\u00e1stico<br \/>\nCaracter\u00edsticas: Suporta at\u00e9 900g<br \/>\nItens Inclusos: 1 Gancho<br \/>\nDimens\u00f5es do produto (A x L): 15,5 x 9cm<br \/>\n<\/span><\/p>\n","protected":false},"featured_media":19845,"template":"","meta":{"_joinchat":[]},"product_brand":[],"product_cat":[162],"product_tag":[],"class_list":{"0":"post-19780","1":"product","2":"type-product","3":"status-publish","4":"has-post-thumbnail","6":"product_cat-colas-e-cia","8":"first","9":"outofstock","10":"shipping-taxable","11":"product-type-simple"},"_links":{"self":[{"href":"https:\/\/www.multicasa.com.br\/inicio\/wp-json\/wp\/v2\/product\/19780","targetHints":{"allow":["GET"]}}],"collection":[{"href":"https:\/\/www.multicasa.com.br\/inicio\/wp-json\/wp\/v2\/product"}],"about":[{"href":"https:\/\/www.multicasa.com.br\/inicio\/wp-json\/wp\/v2\/types\/product"}],"wp:featuredmedia":[{"embeddable":true,"href":"https:\/\/www.multicasa.com.br\/inicio\/wp-json\/wp\/v2\/media\/19845"}],"wp:attachment":[{"href":"https:\/\/www.multicasa.com.br\/inicio\/wp-json\/wp\/v2\/media?parent=19780"}],"wp:term":[{"taxonomy":"product_brand","embeddable":true,"href":"https:\/\/www.multicasa.com.br\/inicio\/wp-json\/wp\/v2\/product_brand?post=19780"},{"taxonomy":"product_cat","embeddable":true,"href":"https:\/\/www.multicasa.com.br\/inicio\/wp-json\/wp\/v2\/product_cat?post=19780"},{"taxonomy":"product_tag","embeddable":true,"href":"https:\/\/www.multicasa.com.br\/inicio\/wp-json\/wp\/v2\/product_tag?post=19780"}],"curies":[{"name":"wp","href":"https:\/\/api.w.org\/{rel}","templated":true}]}}