{"id":19783,"date":"2025-06-20T19:52:39","date_gmt":"2025-06-20T23:52:39","guid":{"rendered":"https:\/\/www.multicasa.com.br\/inicio\/?post_type=product&#038;p=19783"},"modified":"2025-11-10T15:44:24","modified_gmt":"2025-11-10T19:44:24","slug":"descascador-de-legumes-de-silicone-colorido-4-em-1-uny-gift","status":"publish","type":"product","link":"https:\/\/www.multicasa.com.br\/inicio\/produto\/descascador-de-legumes-de-silicone-colorido-4-em-1-uny-gift\/","title":{"rendered":"Descascador de Legumes de Silicone Colorido 4 em 1 Uny Gift"},"content":{"rendered":"<p>Com cabo emborrachado e l\u00e2minas de a\u00e7o inox, o Descascador de Legumes 4 em 1 da UnyGift tem tecnologia girat\u00f3ria e \u00e9 perfeito para frutas e legumes mais s\u00f3lidos como batata, cenoura e pepino. Sua fun\u00e7\u00e3o de corte serrilhado \u00e9 ideal para alimentos mais delicados e o corte julienne \u00e9 indicado para tiras finas e precisas. Suas dimens\u00f5es s\u00e3o de 3,3 x 7,5 x 15 cm e seus tipos de l\u00e2minas s\u00e3o padr\u00e3o, serrilhada e julienne. Pr\u00e1tico e seguro proporcionando mais efici\u00eancia quando o assunto \u00e9 cozinhar.<\/p>\n","protected":false},"excerpt":{"rendered":"<h4 style=\"margin: 0px;padding: 0px 0px 16px;font-family: Lato, sans-serif;font-weight: bold;line-height: 3rem;color: var(--dark-grey3);font-size: 22px;font-style: normal;letter-spacing: normal;text-align: start;text-indent: 0px;text-transform: none\">Informa\u00e7\u00f5es t\u00e9cnicas<\/h4>\n<p><span style=\"margin: 0px;padding: 0px;font-weight: 450;font-size: 14px;line-height: 21px;color: var(--dark-grey2);font-family: Lato, sans-serif;font-style: normal;letter-spacing: normal;text-align: start;text-indent: 0px;text-transform: none\">Produto: Descascador de Legumes<br \/>\nMarca: Uni Gift<br \/>\nMaterial: Silicone<br \/>\nCor: Sortido<br \/>\nItens inclusos: 1 descascador<br \/>\nDimens\u00f5es do produto (A x L x P): 6,5 x 6 x 3,5cm<\/span><\/p>\n","protected":false},"featured_media":19850,"template":"","meta":{"_joinchat":[]},"product_brand":[],"product_cat":[93],"product_tag":[],"class_list":{"0":"post-19783","1":"product","2":"type-product","3":"status-publish","4":"has-post-thumbnail","6":"product_cat-utensilios-para-cozinha","8":"first","9":"instock","10":"shipping-taxable","11":"purchasable","12":"product-type-simple"},"_links":{"self":[{"href":"https:\/\/www.multicasa.com.br\/inicio\/wp-json\/wp\/v2\/product\/19783","targetHints":{"allow":["GET"]}}],"collection":[{"href":"https:\/\/www.multicasa.com.br\/inicio\/wp-json\/wp\/v2\/product"}],"about":[{"href":"https:\/\/www.multicasa.com.br\/inicio\/wp-json\/wp\/v2\/types\/product"}],"wp:featuredmedia":[{"embeddable":true,"href":"https:\/\/www.multicasa.com.br\/inicio\/wp-json\/wp\/v2\/media\/19850"}],"wp:attachment":[{"href":"https:\/\/www.multicasa.com.br\/inicio\/wp-json\/wp\/v2\/media?parent=19783"}],"wp:term":[{"taxonomy":"product_brand","embeddable":true,"href":"https:\/\/www.multicasa.com.br\/inicio\/wp-json\/wp\/v2\/product_brand?post=19783"},{"taxonomy":"product_cat","embeddable":true,"href":"https:\/\/www.multicasa.com.br\/inicio\/wp-json\/wp\/v2\/product_cat?post=19783"},{"taxonomy":"product_tag","embeddable":true,"href":"https:\/\/www.multicasa.com.br\/inicio\/wp-json\/wp\/v2\/product_tag?post=19783"}],"curies":[{"name":"wp","href":"https:\/\/api.w.org\/{rel}","templated":true}]}}