{"id":19801,"date":"2025-06-20T19:53:02","date_gmt":"2025-06-20T23:53:02","guid":{"rendered":"https:\/\/www.multicasa.com.br\/inicio\/?post_type=product&#038;p=19801"},"modified":"2025-06-23T10:10:48","modified_gmt":"2025-06-23T14:10:48","slug":"grade-protecao-p-porta-c-prolongador-bc","status":"publish","type":"product","link":"https:\/\/www.multicasa.com.br\/inicio\/produto\/grade-protecao-p-porta-c-prolongador-bc\/","title":{"rendered":"Grade Protecao P\/Porta C\/Prolongador.Bc"},"content":{"rendered":"<p>O extensor serve para ajustar o encaixe da grade em portas mais largas, \u00e9 utilizado como port\u00e3o para a prote\u00e7\u00e3o dos animais de estima\u00e7\u00e3o e tamb\u00e9m \u00e9 utilizada para a prote\u00e7\u00e3o de beb\u00eas e crian\u00e7as contra ambientes perigosos. Possui trava click! N\u00e3o \u00e9 necess\u00e1rio furar o batente da porta para sua instala\u00e7\u00e3o pois conta com man\u00edpulos de press\u00e3o. Para v\u00e3os de 68 a 73 cm e 78 a 83 cm.<\/p>\n","protected":false},"excerpt":{"rendered":"<h4 style=\"margin: 0px;padding: 0px 0px 16px;font-family: Lato, sans-serif;font-weight: bold;line-height: 3rem;color: var(--dark-grey3);font-size: 22px;font-style: normal;letter-spacing: normal;text-align: start;text-indent: 0px;text-transform: none\">Informa\u00e7\u00f5es t\u00e9cnicas<\/h4>\n<p><span style=\"margin: 0px;padding: 0px;font-weight: 450;font-size: 14px;line-height: 21px;color: var(--dark-grey2);font-family: Lato, sans-serif;font-style: normal;letter-spacing: normal;text-align: start;text-indent: 0px;text-transform: none\">Produto: GRADE PROTECAO P\/PORTA C\/PROLONG.<br \/>\nMarca: A\u00e7omix<br \/>\nMaterial: A\u00e7o<br \/>\nCor: Branco<br \/>\nCaracter\u00edsticas:<br \/>\n&#8211; Possui \u00f3tima durabilidade;<br \/>\n&#8211; A instala\u00e7\u00e3o \u00e9 por meio de encaixe feito sob press\u00e3o, o que dispensa a necessidade de furos.<br \/>\n&#8211; Conta com sistema de travas que impede a abertura por crian\u00e7as e garante maior seguran\u00e7a;<br \/>\n&#8211; Pode ser aberta por ambos os lados, o que traz mais praticidade;<br \/>\nDimens\u00f5es:<br \/>\nTamanho: Sem Prolongador (AxLxP): 80x70x4 cm<\/span><\/p>\n","protected":false},"featured_media":25272,"template":"","meta":{"_joinchat":[]},"product_brand":[],"product_cat":[161],"product_tag":[],"class_list":{"0":"post-19801","1":"product","2":"type-product","3":"status-publish","4":"has-post-thumbnail","6":"product_cat-seguranca","8":"first","9":"outofstock","10":"shipping-taxable","11":"product-type-simple"},"_links":{"self":[{"href":"https:\/\/www.multicasa.com.br\/inicio\/wp-json\/wp\/v2\/product\/19801","targetHints":{"allow":["GET"]}}],"collection":[{"href":"https:\/\/www.multicasa.com.br\/inicio\/wp-json\/wp\/v2\/product"}],"about":[{"href":"https:\/\/www.multicasa.com.br\/inicio\/wp-json\/wp\/v2\/types\/product"}],"wp:featuredmedia":[{"embeddable":true,"href":"https:\/\/www.multicasa.com.br\/inicio\/wp-json\/wp\/v2\/media\/25272"}],"wp:attachment":[{"href":"https:\/\/www.multicasa.com.br\/inicio\/wp-json\/wp\/v2\/media?parent=19801"}],"wp:term":[{"taxonomy":"product_brand","embeddable":true,"href":"https:\/\/www.multicasa.com.br\/inicio\/wp-json\/wp\/v2\/product_brand?post=19801"},{"taxonomy":"product_cat","embeddable":true,"href":"https:\/\/www.multicasa.com.br\/inicio\/wp-json\/wp\/v2\/product_cat?post=19801"},{"taxonomy":"product_tag","embeddable":true,"href":"https:\/\/www.multicasa.com.br\/inicio\/wp-json\/wp\/v2\/product_tag?post=19801"}],"curies":[{"name":"wp","href":"https:\/\/api.w.org\/{rel}","templated":true}]}}