{"id":19802,"date":"2025-06-20T19:53:02","date_gmt":"2025-06-20T23:53:02","guid":{"rendered":"https:\/\/www.multicasa.com.br\/inicio\/?post_type=product&#038;p=19802"},"modified":"2025-06-20T19:53:54","modified_gmt":"2025-06-20T23:53:54","slug":"balanca-digital-eatsmart-para-ate-180-kg-branca-multilaser","status":"publish","type":"product","link":"https:\/\/www.multicasa.com.br\/inicio\/produto\/balanca-digital-eatsmart-para-ate-180-kg-branca-multilaser\/","title":{"rendered":"Balan\u00e7a Digital Eatsmart para at\u00e9 180 kg Branca Multilaser"},"content":{"rendered":"<p>Acompanhe sua sa\u00fade bem de perto com a balan\u00e7a digital Eatsmart branca da Multilaser. Feita para aguentar at\u00e9 180 kg, \u00e9 ideal para ter em casa e para usos dom\u00e9sticos. Com borrachas antiderrapantes, voc\u00ea pode usar sua balan\u00e7a de banheiro em superf\u00edcies planas e firmes sem preocupa\u00e7\u00e3o.<\/p>\n","protected":false},"excerpt":{"rendered":"<h4 style=\"margin: 0px;padding: 0px 0px 16px;font-family: Lato, sans-serif;font-weight: bold;line-height: 3rem;color: var(--dark-grey3);font-size: 22px;font-style: normal;letter-spacing: normal;text-align: start;text-indent: 0px;text-transform: none\">Informa\u00e7\u00f5es t\u00e9cnicas<\/h4>\n<p><span style=\"margin: 0px;padding: 0px;font-weight: 450;font-size: 14px;line-height: 21px;color: var(--dark-grey2);font-family: Lato, sans-serif;font-style: normal;letter-spacing: normal;text-align: start;text-indent: 0px;text-transform: none\">Produto: Balan\u00e7a Digital<br \/>\nMarca: Multilaser<br \/>\nMaterial: Vidro resistente, pl\u00e1stico e borracha<br \/>\nCor: Branca<br \/>\nCaracter\u00edsticas: Pesagem m\u00e1x. 180 kg, alimenta\u00e7\u00e3o a bateria cr2032 (inclusa), sensores de alta precis\u00e3o, plataforma 4mm, vidro temperado<br \/>\nItens Inclusos: 1 Balan\u00e7a digital<br \/>\nDimens\u00f5es do produto (A X L X P): 26 x 26 x 2,5cm<br \/>\nGarantia: 12 meses<\/span><\/p>\n","protected":false},"featured_media":19863,"template":"","meta":{"_joinchat":[]},"product_brand":[],"product_cat":[93],"product_tag":[],"class_list":{"0":"post-19802","1":"product","2":"type-product","3":"status-publish","4":"has-post-thumbnail","6":"product_cat-utensilios-para-cozinha","8":"first","9":"outofstock","10":"shipping-taxable","11":"product-type-simple"},"_links":{"self":[{"href":"https:\/\/www.multicasa.com.br\/inicio\/wp-json\/wp\/v2\/product\/19802","targetHints":{"allow":["GET"]}}],"collection":[{"href":"https:\/\/www.multicasa.com.br\/inicio\/wp-json\/wp\/v2\/product"}],"about":[{"href":"https:\/\/www.multicasa.com.br\/inicio\/wp-json\/wp\/v2\/types\/product"}],"wp:featuredmedia":[{"embeddable":true,"href":"https:\/\/www.multicasa.com.br\/inicio\/wp-json\/wp\/v2\/media\/19863"}],"wp:attachment":[{"href":"https:\/\/www.multicasa.com.br\/inicio\/wp-json\/wp\/v2\/media?parent=19802"}],"wp:term":[{"taxonomy":"product_brand","embeddable":true,"href":"https:\/\/www.multicasa.com.br\/inicio\/wp-json\/wp\/v2\/product_brand?post=19802"},{"taxonomy":"product_cat","embeddable":true,"href":"https:\/\/www.multicasa.com.br\/inicio\/wp-json\/wp\/v2\/product_cat?post=19802"},{"taxonomy":"product_tag","embeddable":true,"href":"https:\/\/www.multicasa.com.br\/inicio\/wp-json\/wp\/v2\/product_tag?post=19802"}],"curies":[{"name":"wp","href":"https:\/\/api.w.org\/{rel}","templated":true}]}}