{"id":19806,"date":"2025-06-20T19:53:03","date_gmt":"2025-06-20T23:53:03","guid":{"rendered":"https:\/\/www.multicasa.com.br\/inicio\/?post_type=product&#038;p=19806"},"modified":"2026-04-10T12:50:10","modified_gmt":"2026-04-10T16:50:10","slug":"autotransformador-3000va-2pt-fiolux","status":"publish","type":"product","link":"https:\/\/www.multicasa.com.br\/inicio\/produto\/autotransformador-3000va-2pt-fiolux\/","title":{"rendered":"Autotransformador 3000Va 2P+T Fiolux"},"content":{"rendered":"<p>Aparelho compacto, pr\u00e1tico e seguro. Com a tecnologia Plug &amp; Play, voc\u00ea receber\u00e1 o seu auto transformador Fiolux pronto para ser utilizado, n\u00e3o exigindo nenhuma instala\u00e7\u00e3o ou configura\u00e7\u00e3o. Por se tratar de um produto BIVOLT, atende perfeitamente qualquer equipamento eletroeletr\u00f4nico que exija a convers\u00e3o da tens\u00e3o de 110\/127 V para 220 V ou de 220 V para 110\/127 V. Os auto transformadores FIOLUX contam com a exclusiva al\u00e7a que facilita o transporte e ainda possuem garantia de 2 anos, a maior do mercado. Produto protegido contra excesso de temperatura: Caso a temperatura ultrapasse o limite de seguran\u00e7a, o transformador se desligar\u00e1 sozinho, retornando ao funcionamento em alguns minutos (Caso isso ocorra, diminua a carga aplicada ou substitua o auto transformador por um de maior pot\u00eancia.<\/p>\n","protected":false},"excerpt":{"rendered":"<h4 style=\"margin: 0px;padding: 0px 0px 16px;font-family: Lato, sans-serif;font-weight: bold;line-height: 3rem;color: var(--dark-grey3);font-size: 22px;font-style: normal;letter-spacing: normal;text-align: start;text-indent: 0px;text-transform: none\">Informa\u00e7\u00f5es t\u00e9cnicas<\/h4>\n<p><span style=\"margin: 0px;padding: 0px;font-weight: 450;font-size: 14px;line-height: 21px;color: var(--dark-grey2);font-family: Lato, sans-serif;font-style: normal;letter-spacing: normal;text-align: start;text-indent: 0px;text-transform: none\">Produto: AUTOTRANSFORMADOR 3000VA 2P+T<br \/>\nMarca: Fiolux<br \/>\nCor: Preto<br \/>\nCaracter\u00edsticas: Prote\u00e7\u00e3o Contra Excesso de Temperatura, Al\u00e7a para Transporte, Desarme Autom\u00e1tico em Sobrecarga.<br \/>\nDimens\u00f5es:<br \/>\n\u0095 Dimens\u00f5es do produto: 10,3 x 12,9 x 15,5<br \/>\n\u0095 Peso liq. aproximado do produto (Kg): 4,600<br \/>\n\u0095 Frequ\u00eancia de opera\u00e7\u00e3o: 60Hz<br \/>\n\u0095 Transforma tens\u00e3o (De\/Para): DE 110V127V PARA 220V ou DE 220V PARA 110V127V<br \/>\n\u0095 Recomenda\u00e7\u00f5es de uso: Ar condicionado janela at\u00e9 7500 BTU, ar condicionado at\u00e9 12.000 BTU Split, aspirador de p\u00f3 at\u00e9 1500W, cortador de grama, ferro de passar roupa autom\u00e1tico 1500W, forno el\u00e9trico at\u00e9 1500W, fritadeira Air Frier, impressora laser profissional at\u00e9 1700W, lava lou\u00e7a compacto, micro-ondas grande 38L at\u00e9 1500W, secador de cabelo at\u00e9 1700 W, cafeteira el\u00e9trica Nespresso e Dolce Gusto, entre outros aparelhos de at\u00e9 3000 VA de pot\u00eancia..<\/span><\/p>\n","protected":false},"featured_media":19872,"template":"","meta":{"_joinchat":[]},"product_brand":[],"product_cat":[119],"product_tag":[],"class_list":{"0":"post-19806","1":"product","2":"type-product","3":"status-publish","4":"has-post-thumbnail","6":"product_cat-materiais-eletricos","8":"first","9":"instock","10":"shipping-taxable","11":"purchasable","12":"product-type-simple"},"_links":{"self":[{"href":"https:\/\/www.multicasa.com.br\/inicio\/wp-json\/wp\/v2\/product\/19806","targetHints":{"allow":["GET"]}}],"collection":[{"href":"https:\/\/www.multicasa.com.br\/inicio\/wp-json\/wp\/v2\/product"}],"about":[{"href":"https:\/\/www.multicasa.com.br\/inicio\/wp-json\/wp\/v2\/types\/product"}],"wp:featuredmedia":[{"embeddable":true,"href":"https:\/\/www.multicasa.com.br\/inicio\/wp-json\/wp\/v2\/media\/19872"}],"wp:attachment":[{"href":"https:\/\/www.multicasa.com.br\/inicio\/wp-json\/wp\/v2\/media?parent=19806"}],"wp:term":[{"taxonomy":"product_brand","embeddable":true,"href":"https:\/\/www.multicasa.com.br\/inicio\/wp-json\/wp\/v2\/product_brand?post=19806"},{"taxonomy":"product_cat","embeddable":true,"href":"https:\/\/www.multicasa.com.br\/inicio\/wp-json\/wp\/v2\/product_cat?post=19806"},{"taxonomy":"product_tag","embeddable":true,"href":"https:\/\/www.multicasa.com.br\/inicio\/wp-json\/wp\/v2\/product_tag?post=19806"}],"curies":[{"name":"wp","href":"https:\/\/api.w.org\/{rel}","templated":true}]}}