{"id":19807,"date":"2025-06-20T19:53:03","date_gmt":"2025-06-20T23:53:03","guid":{"rendered":"https:\/\/www.multicasa.com.br\/inicio\/?post_type=product&#038;p=19807"},"modified":"2025-11-07T13:04:03","modified_gmt":"2025-11-07T17:04:03","slug":"autotransformador-bivolt-premium-fiolux-1500va-tripolar-10a","status":"publish","type":"product","link":"https:\/\/www.multicasa.com.br\/inicio\/produto\/autotransformador-bivolt-premium-fiolux-1500va-tripolar-10a\/","title":{"rendered":"Autotransformador Bivolt Premium Fiolux 1500VA Tripolar 10A"},"content":{"rendered":"<p>O Autotransformador Bivolt Fiolux 1500VA Tripolar 10A da linha Premium possui mat\u00e9ria prima de excelente qualidade. O autotransformador efetua troca de tens\u00e3o 127v para 220v e de 220v para 127v conforme suas necessidades. Indicado para uso residencial, comercial e industrial, possui a maior garantia do mercado proporcionando conforto e seguran\u00e7a. Com 2 anos de garantia contra defeito de fabrica\u00e7\u00e3o.<\/p>\n","protected":false},"excerpt":{"rendered":"<h4 style=\"margin: 0px;padding: 0px 0px 16px;font-family: Lato, sans-serif;font-weight: bold;line-height: 3rem;color: var(--dark-grey3);font-size: 22px;font-style: normal;letter-spacing: normal;text-align: start;text-indent: 0px;text-transform: none\">Informa\u00e7\u00f5es t\u00e9cnicas<\/h4>\n<p><span style=\"margin: 0px;padding: 0px;font-weight: 450;font-size: 14px;line-height: 21px;color: var(--dark-grey2);font-family: Lato, sans-serif;font-style: normal;letter-spacing: normal;text-align: start;text-indent: 0px;text-transform: none\">Produto: Autotransformador<br \/>\nMarca: Fiolux<br \/>\nModelo: Premium<br \/>\nCor: Preto<br \/>\nPot\u00eancia: 1500VA                                                                                                                                                    Tens\u00e3o el\u00e9trica: Bivolt<br \/>\nCaracter\u00edsticas: Tripolar; 10A; Frequ\u00eancia: 60Hz; Transforma 127v em 220v e 220v em 127v; Prote\u00e7\u00e3o contra excesso de temperatura; Possui al\u00e7a para transporte; Desarme autom\u00e1tico em caso de sobrecarga.<br \/>\nItens inclusos: 1 Autotransformador, 1 manual de instru\u00e7\u00f5es, 1 al\u00e7a, 1 pino H e 1 cabo.<br \/>\nDimens\u00f5es do produto (A x L x P): 10,5 x 17 x 8,5cm<br \/>\nPeso: 2,265kg<br \/>\nGarantia: 2 anos                                                                                                                                                        OCP: 0624<\/span><\/p>\n","protected":false},"featured_media":19876,"template":"","meta":{"_joinchat":[]},"product_brand":[],"product_cat":[119],"product_tag":[],"class_list":{"0":"post-19807","1":"product","2":"type-product","3":"status-publish","4":"has-post-thumbnail","6":"product_cat-materiais-eletricos","8":"first","9":"instock","10":"shipping-taxable","11":"purchasable","12":"product-type-simple"},"_links":{"self":[{"href":"https:\/\/www.multicasa.com.br\/inicio\/wp-json\/wp\/v2\/product\/19807","targetHints":{"allow":["GET"]}}],"collection":[{"href":"https:\/\/www.multicasa.com.br\/inicio\/wp-json\/wp\/v2\/product"}],"about":[{"href":"https:\/\/www.multicasa.com.br\/inicio\/wp-json\/wp\/v2\/types\/product"}],"wp:featuredmedia":[{"embeddable":true,"href":"https:\/\/www.multicasa.com.br\/inicio\/wp-json\/wp\/v2\/media\/19876"}],"wp:attachment":[{"href":"https:\/\/www.multicasa.com.br\/inicio\/wp-json\/wp\/v2\/media?parent=19807"}],"wp:term":[{"taxonomy":"product_brand","embeddable":true,"href":"https:\/\/www.multicasa.com.br\/inicio\/wp-json\/wp\/v2\/product_brand?post=19807"},{"taxonomy":"product_cat","embeddable":true,"href":"https:\/\/www.multicasa.com.br\/inicio\/wp-json\/wp\/v2\/product_cat?post=19807"},{"taxonomy":"product_tag","embeddable":true,"href":"https:\/\/www.multicasa.com.br\/inicio\/wp-json\/wp\/v2\/product_tag?post=19807"}],"curies":[{"name":"wp","href":"https:\/\/api.w.org\/{rel}","templated":true}]}}