{"id":19830,"date":"2025-06-20T19:53:25","date_gmt":"2025-06-20T23:53:25","guid":{"rendered":"https:\/\/www.multicasa.com.br\/inicio\/?post_type=product&#038;p=19830"},"modified":"2025-12-16T18:37:49","modified_gmt":"2025-12-16T22:37:49","slug":"bico-dosador-para-azeite-vinagre-de-inox-uny-home","status":"publish","type":"product","link":"https:\/\/www.multicasa.com.br\/inicio\/produto\/bico-dosador-para-azeite-vinagre-de-inox-uny-home\/","title":{"rendered":"Bico Dosador para Azeite\/Vinagre de Inox Uny Home"},"content":{"rendered":"<p>O Bico Dosador para Azeite e Vinagre da Uny Home \u00e9 feito de a\u00e7o inox e silicone. Servir azeite ou vinagre nem sempre \u00e9 uma tarefa simples. Pensando nisso apresentamos uma solu\u00e7\u00e3o para o seu cotidiano com o bico dosador para azeite e vinagre, que controla o fluxo de sa\u00edda evitando desperd\u00edcio e que o l\u00edquido n\u00e3o escorra pela embalagem. Pr\u00e1tico, o bico dosador pode ser usado em vinagreiros, azeiteiros ou em outras garrafas. Al\u00e9m de ser muito \u00fatil \u00e9 um utens\u00edlio resistente e f\u00e1cil de limpar.<\/p>\n","protected":false},"excerpt":{"rendered":"<h4 style=\"margin: 0px;padding: 0px 0px 16px;font-family: Lato, sans-serif;font-weight: bold;line-height: 3rem;color: var(--dark-grey3);font-size: 22px;font-style: normal;letter-spacing: normal;text-align: start;text-indent: 0px;text-transform: none\">Informa\u00e7\u00f5es t\u00e9cnicas<\/h4>\n<p><span style=\"margin: 0px;padding: 0px;font-weight: 450;font-size: 14px;line-height: 21px;color: var(--dark-grey2);font-family: Lato, sans-serif;font-style: normal;letter-spacing: normal;text-align: start;text-indent: 0px;text-transform: none\">Produto: Bico dosador para azeite\/vinagre<br \/>\nMarca: Uny Home<br \/>\nMaterial: A\u00e7o inox e silicone<br \/>\nCor: Prata e preto<br \/>\nItens Inclusos: 1 Bico dosador para azeite\/vinagre<br \/>\nDimens\u00f5es do produto (A x L x P): 2,8 x 11cm<br \/>\nPeso: 0,014kg<\/span><\/p>\n","protected":false},"featured_media":19902,"template":"","meta":{"_joinchat":[]},"product_brand":[],"product_cat":[93],"product_tag":[],"class_list":{"0":"post-19830","1":"product","2":"type-product","3":"status-publish","4":"has-post-thumbnail","6":"product_cat-utensilios-para-cozinha","8":"first","9":"outofstock","10":"shipping-taxable","11":"purchasable","12":"product-type-simple"},"_links":{"self":[{"href":"https:\/\/www.multicasa.com.br\/inicio\/wp-json\/wp\/v2\/product\/19830","targetHints":{"allow":["GET"]}}],"collection":[{"href":"https:\/\/www.multicasa.com.br\/inicio\/wp-json\/wp\/v2\/product"}],"about":[{"href":"https:\/\/www.multicasa.com.br\/inicio\/wp-json\/wp\/v2\/types\/product"}],"wp:featuredmedia":[{"embeddable":true,"href":"https:\/\/www.multicasa.com.br\/inicio\/wp-json\/wp\/v2\/media\/19902"}],"wp:attachment":[{"href":"https:\/\/www.multicasa.com.br\/inicio\/wp-json\/wp\/v2\/media?parent=19830"}],"wp:term":[{"taxonomy":"product_brand","embeddable":true,"href":"https:\/\/www.multicasa.com.br\/inicio\/wp-json\/wp\/v2\/product_brand?post=19830"},{"taxonomy":"product_cat","embeddable":true,"href":"https:\/\/www.multicasa.com.br\/inicio\/wp-json\/wp\/v2\/product_cat?post=19830"},{"taxonomy":"product_tag","embeddable":true,"href":"https:\/\/www.multicasa.com.br\/inicio\/wp-json\/wp\/v2\/product_tag?post=19830"}],"curies":[{"name":"wp","href":"https:\/\/api.w.org\/{rel}","templated":true}]}}