{"id":19831,"date":"2025-06-20T19:53:25","date_gmt":"2025-06-20T23:53:25","guid":{"rendered":"https:\/\/www.multicasa.com.br\/inicio\/?post_type=product&#038;p=19831"},"modified":"2026-04-18T11:50:09","modified_gmt":"2026-04-18T15:50:09","slug":"colher-de-arroz-de-silicone-vermelha-uny-home","status":"publish","type":"product","link":"https:\/\/www.multicasa.com.br\/inicio\/produto\/colher-de-arroz-de-silicone-vermelha-uny-home\/","title":{"rendered":"Colher de Arroz de Silicone Vermelha Uny Home"},"content":{"rendered":"<p>Use a Colher de Arroz da Uny Home para servir e caprichar na mesa posta. Vermelha e feita de silicone, o utens\u00edlio leva alegria para as refei\u00e7\u00f5es, \u00e9 resistente e tem design diferenciado. N\u00e3o risca as panelas e auxilia a remover conte\u00fados de potes. Seu cabo tem furo na extremidade para que possa ser pendurado e, assim, otimizar espa\u00e7os na sua cozinha. Possui 27cm e \u00e9 indicada para mexer e transferir alimentos s\u00f3lidos e l\u00edquidos.<\/p>\n","protected":false},"excerpt":{"rendered":"<h4 style=\"margin: 0px;padding: 0px 0px 16px;font-family: Lato, sans-serif;font-weight: bold;line-height: 3rem;color: var(--dark-grey3);font-size: 22px;font-style: normal;letter-spacing: normal;text-align: start;text-indent: 0px;text-transform: none\">Informa\u00e7\u00f5es t\u00e9cnicas<\/h4>\n<p><span style=\"margin: 0px;padding: 0px;font-weight: 450;font-size: 14px;line-height: 21px;color: var(--dark-grey2);font-family: Lato, sans-serif;font-style: normal;letter-spacing: normal;text-align: start;text-indent: 0px;text-transform: none\">Produto: Colher de Arroz<br \/>\nMarca: Uny Home<br \/>\nMaterial: Silicone<br \/>\nCor: Vermelho<br \/>\nItens inclusos: 1 colher de Arroz de Silicone<br \/>\nDimens\u00f5es do Produto: 27cm<\/span><\/p>\n","protected":false},"featured_media":19903,"template":"","meta":{"_joinchat":[]},"product_brand":[],"product_cat":[93],"product_tag":[],"class_list":{"0":"post-19831","1":"product","2":"type-product","3":"status-publish","4":"has-post-thumbnail","6":"product_cat-utensilios-para-cozinha","8":"first","9":"instock","10":"shipping-taxable","11":"purchasable","12":"product-type-simple"},"_links":{"self":[{"href":"https:\/\/www.multicasa.com.br\/inicio\/wp-json\/wp\/v2\/product\/19831","targetHints":{"allow":["GET"]}}],"collection":[{"href":"https:\/\/www.multicasa.com.br\/inicio\/wp-json\/wp\/v2\/product"}],"about":[{"href":"https:\/\/www.multicasa.com.br\/inicio\/wp-json\/wp\/v2\/types\/product"}],"wp:featuredmedia":[{"embeddable":true,"href":"https:\/\/www.multicasa.com.br\/inicio\/wp-json\/wp\/v2\/media\/19903"}],"wp:attachment":[{"href":"https:\/\/www.multicasa.com.br\/inicio\/wp-json\/wp\/v2\/media?parent=19831"}],"wp:term":[{"taxonomy":"product_brand","embeddable":true,"href":"https:\/\/www.multicasa.com.br\/inicio\/wp-json\/wp\/v2\/product_brand?post=19831"},{"taxonomy":"product_cat","embeddable":true,"href":"https:\/\/www.multicasa.com.br\/inicio\/wp-json\/wp\/v2\/product_cat?post=19831"},{"taxonomy":"product_tag","embeddable":true,"href":"https:\/\/www.multicasa.com.br\/inicio\/wp-json\/wp\/v2\/product_tag?post=19831"}],"curies":[{"name":"wp","href":"https:\/\/api.w.org\/{rel}","templated":true}]}}