{"id":19832,"date":"2025-06-20T19:53:25","date_gmt":"2025-06-20T23:53:25","guid":{"rendered":"https:\/\/www.multicasa.com.br\/inicio\/?post_type=product&#038;p=19832"},"modified":"2025-12-27T11:31:05","modified_gmt":"2025-12-27T15:31:05","slug":"tesoura-de-cozinha-5-laminas-aco-inox-uny-home","status":"publish","type":"product","link":"https:\/\/www.multicasa.com.br\/inicio\/produto\/tesoura-de-cozinha-5-laminas-aco-inox-uny-home\/","title":{"rendered":"Tesoura de Cozinha 5 L\u00e2minas A\u00e7o Inox Uny Home"},"content":{"rendered":"<p>A Tesoura de Cozinha Uny Home possui 5 l\u00e2minas em inox que s\u00e3o ideais para cortar verduras, ervas e outros, sendo perfeita para temperar os alimentos cortando diretamente sobre a panela. Seu cabo \u00e9 anat\u00f4mico que promove maior conforto e acompanha pazinha para retirar o excesso de alimento que fica nas l\u00e2minas.<\/p>\n","protected":false},"excerpt":{"rendered":"<h4 style=\"margin: 0px;padding: 0px 0px 16px;font-family: Lato, sans-serif;font-weight: bold;line-height: 3rem;color: var(--dark-grey3);font-size: 22px;font-style: normal;letter-spacing: normal;text-align: start;text-indent: 0px;text-transform: none\">Informa\u00e7\u00f5es t\u00e9cnicas<\/h4>\n<p><span style=\"margin: 0px;padding: 0px;font-weight: 450;font-size: 14px;line-height: 21px;color: var(--dark-grey2);font-family: Lato, sans-serif;font-style: normal;letter-spacing: normal;text-align: start;text-indent: 0px;text-transform: none\">Produto: Tesoura<br \/>\nMarca: Uny Home<br \/>\nMaterial: A\u00e7o Inox<br \/>\nCor: Sortido<br \/>\nCaracter\u00edsticas: 5 l\u00e2minas<br \/>\nAcompanha pazinha para limpar as l\u00e2minas<br \/>\nQuantidade de itens: 2<br \/>\nItens Inclusos: 1 tesoura<br \/>\n1 p\u00e1 para limpeza<br \/>\nDimens\u00f5es do produto (A X L x P ): 38,4 x 22,2 x 11,7cm<\/span><\/p>\n","protected":false},"featured_media":19912,"template":"","meta":{"_joinchat":[]},"product_brand":[],"product_cat":[93],"product_tag":[],"class_list":{"0":"post-19832","1":"product","2":"type-product","3":"status-publish","4":"has-post-thumbnail","6":"product_cat-utensilios-para-cozinha","8":"first","9":"instock","10":"shipping-taxable","11":"purchasable","12":"product-type-simple"},"_links":{"self":[{"href":"https:\/\/www.multicasa.com.br\/inicio\/wp-json\/wp\/v2\/product\/19832","targetHints":{"allow":["GET"]}}],"collection":[{"href":"https:\/\/www.multicasa.com.br\/inicio\/wp-json\/wp\/v2\/product"}],"about":[{"href":"https:\/\/www.multicasa.com.br\/inicio\/wp-json\/wp\/v2\/types\/product"}],"wp:featuredmedia":[{"embeddable":true,"href":"https:\/\/www.multicasa.com.br\/inicio\/wp-json\/wp\/v2\/media\/19912"}],"wp:attachment":[{"href":"https:\/\/www.multicasa.com.br\/inicio\/wp-json\/wp\/v2\/media?parent=19832"}],"wp:term":[{"taxonomy":"product_brand","embeddable":true,"href":"https:\/\/www.multicasa.com.br\/inicio\/wp-json\/wp\/v2\/product_brand?post=19832"},{"taxonomy":"product_cat","embeddable":true,"href":"https:\/\/www.multicasa.com.br\/inicio\/wp-json\/wp\/v2\/product_cat?post=19832"},{"taxonomy":"product_tag","embeddable":true,"href":"https:\/\/www.multicasa.com.br\/inicio\/wp-json\/wp\/v2\/product_tag?post=19832"}],"curies":[{"name":"wp","href":"https:\/\/api.w.org\/{rel}","templated":true}]}}