{"id":19837,"date":"2025-06-20T19:53:26","date_gmt":"2025-06-20T23:53:26","guid":{"rendered":"https:\/\/www.multicasa.com.br\/inicio\/?post_type=product&#038;p=19837"},"modified":"2025-12-16T18:38:16","modified_gmt":"2025-12-16T22:38:16","slug":"espatula-de-silicone-vazada-vermelha-uny-home","status":"publish","type":"product","link":"https:\/\/www.multicasa.com.br\/inicio\/produto\/espatula-de-silicone-vazada-vermelha-uny-home\/","title":{"rendered":"Esp\u00e1tula de Silicone Vazada Vermelha Uny Home"},"content":{"rendered":"<p>A Esp\u00e1tula de silicone vazada Uny Home \u00e9 perfeita para usar quando for preparar omeletes, tapiocas, pizzas de frigideira e outros. Em silicone vermelho, que n\u00e3o arranha o fundo das panelas e suporta altas temperaturas podendo ser usada em pratos que acabaram de sair do fogo.<\/p>\n","protected":false},"excerpt":{"rendered":"<h4 style=\"margin: 0px;padding: 0px 0px 16px;font-family: Lato, sans-serif;font-weight: bold;line-height: 3rem;color: var(--dark-grey3);font-size: 22px;font-style: normal;letter-spacing: normal;text-align: start;text-indent: 0px;text-transform: none\">Informa\u00e7\u00f5es t\u00e9cnicas<\/h4>\n<p><span style=\"margin: 0px;padding: 0px;font-weight: 450;font-size: 14px;line-height: 21px;color: var(--dark-grey2);font-family: Lato, sans-serif;font-style: normal;letter-spacing: normal;text-align: start;text-indent: 0px;text-transform: none\">Produto: Esp\u00e1tula Perfurada<br \/>\nMarca: Uny Gift<br \/>\nMaterial: Silicone<br \/>\nCor: Vermelho<br \/>\nUso indicado: Preparar alimentos fritos como ovos, bifes e hamb\u00fargueres<br \/>\nItens Inclusos: 1 esp\u00e1tula perfurada<br \/>\nDimens\u00f5es do produto (A): 30cm<\/span><\/p>\n","protected":false},"featured_media":19927,"template":"","meta":{"_joinchat":[]},"product_brand":[],"product_cat":[93],"product_tag":[],"class_list":{"0":"post-19837","1":"product","2":"type-product","3":"status-publish","4":"has-post-thumbnail","6":"product_cat-utensilios-para-cozinha","8":"first","9":"instock","10":"shipping-taxable","11":"purchasable","12":"product-type-simple"},"_links":{"self":[{"href":"https:\/\/www.multicasa.com.br\/inicio\/wp-json\/wp\/v2\/product\/19837","targetHints":{"allow":["GET"]}}],"collection":[{"href":"https:\/\/www.multicasa.com.br\/inicio\/wp-json\/wp\/v2\/product"}],"about":[{"href":"https:\/\/www.multicasa.com.br\/inicio\/wp-json\/wp\/v2\/types\/product"}],"wp:featuredmedia":[{"embeddable":true,"href":"https:\/\/www.multicasa.com.br\/inicio\/wp-json\/wp\/v2\/media\/19927"}],"wp:attachment":[{"href":"https:\/\/www.multicasa.com.br\/inicio\/wp-json\/wp\/v2\/media?parent=19837"}],"wp:term":[{"taxonomy":"product_brand","embeddable":true,"href":"https:\/\/www.multicasa.com.br\/inicio\/wp-json\/wp\/v2\/product_brand?post=19837"},{"taxonomy":"product_cat","embeddable":true,"href":"https:\/\/www.multicasa.com.br\/inicio\/wp-json\/wp\/v2\/product_cat?post=19837"},{"taxonomy":"product_tag","embeddable":true,"href":"https:\/\/www.multicasa.com.br\/inicio\/wp-json\/wp\/v2\/product_tag?post=19837"}],"curies":[{"name":"wp","href":"https:\/\/api.w.org\/{rel}","templated":true}]}}