{"id":19855,"date":"2025-06-20T19:53:48","date_gmt":"2025-06-20T23:53:48","guid":{"rendered":"https:\/\/www.multicasa.com.br\/inicio\/?post_type=product&#038;p=19855"},"modified":"2025-12-16T18:38:24","modified_gmt":"2025-12-16T22:38:24","slug":"pegador-de-macarrao-em-silicone-vermelho-uny-gift","status":"publish","type":"product","link":"https:\/\/www.multicasa.com.br\/inicio\/produto\/pegador-de-macarrao-em-silicone-vermelho-uny-gift\/","title":{"rendered":"Pegador de Macarr\u00e3o em Silicone Vermelho Uny Gift"},"content":{"rendered":"<p>Use o Pegador de Macarr\u00e3o em silicone Vermelho da Uny Gift para servir e preparar suas receitas de massa. Possui design exclusivo, al\u00e9m de n\u00e3o derreter e n\u00e3o arranhar as suas panelas. Suporta altas temperaturas, possui f\u00e1cil higieniza\u00e7\u00e3o e \u00e9 confort\u00e1vel, garantindo estabilidade e seguran\u00e7a na hora da refei\u00e7\u00e3o. Tem comprimento de 28cm e o furo da medida \u00fanica \u00e9 indicado para por\u00e7\u00f5es para uma pessoa. Deixe a sua hora na cozinha mais eficiente e pr\u00e1tica.<\/p>\n","protected":false},"excerpt":{"rendered":"<h4 style=\"margin: 0px;padding: 0px 0px 16px;font-family: Lato, sans-serif;font-weight: bold;line-height: 3rem;color: var(--dark-grey3);font-size: 22px;font-style: normal;letter-spacing: normal;text-align: start;text-indent: 0px;text-transform: none\">Informa\u00e7\u00f5es t\u00e9cnicas<\/h4>\n<p><span style=\"margin: 0px;padding: 0px;font-weight: 450;font-size: 14px;line-height: 21px;color: var(--dark-grey2);font-family: Lato, sans-serif;font-style: normal;letter-spacing: normal;text-align: start;text-indent: 0px;text-transform: none\">Produto: Pegador de Macarr\u00e3o<br \/>\nMarca: Uny Gift<br \/>\nMaterial: Silicone<br \/>\nCor: Vermelho<br \/>\nItens Inclusos: 1 Pegador macarr\u00e3o<br \/>\nDimens\u00f5es do produto (A x L x P): 28cm<\/span><\/p>\n","protected":false},"featured_media":19937,"template":"","meta":{"_joinchat":[]},"product_brand":[],"product_cat":[93],"product_tag":[],"class_list":{"0":"post-19855","1":"product","2":"type-product","3":"status-publish","4":"has-post-thumbnail","6":"product_cat-utensilios-para-cozinha","8":"first","9":"outofstock","10":"shipping-taxable","11":"product-type-simple"},"_links":{"self":[{"href":"https:\/\/www.multicasa.com.br\/inicio\/wp-json\/wp\/v2\/product\/19855","targetHints":{"allow":["GET"]}}],"collection":[{"href":"https:\/\/www.multicasa.com.br\/inicio\/wp-json\/wp\/v2\/product"}],"about":[{"href":"https:\/\/www.multicasa.com.br\/inicio\/wp-json\/wp\/v2\/types\/product"}],"wp:featuredmedia":[{"embeddable":true,"href":"https:\/\/www.multicasa.com.br\/inicio\/wp-json\/wp\/v2\/media\/19937"}],"wp:attachment":[{"href":"https:\/\/www.multicasa.com.br\/inicio\/wp-json\/wp\/v2\/media?parent=19855"}],"wp:term":[{"taxonomy":"product_brand","embeddable":true,"href":"https:\/\/www.multicasa.com.br\/inicio\/wp-json\/wp\/v2\/product_brand?post=19855"},{"taxonomy":"product_cat","embeddable":true,"href":"https:\/\/www.multicasa.com.br\/inicio\/wp-json\/wp\/v2\/product_cat?post=19855"},{"taxonomy":"product_tag","embeddable":true,"href":"https:\/\/www.multicasa.com.br\/inicio\/wp-json\/wp\/v2\/product_tag?post=19855"}],"curies":[{"name":"wp","href":"https:\/\/api.w.org\/{rel}","templated":true}]}}