{"id":19857,"date":"2025-06-20T19:53:49","date_gmt":"2025-06-20T23:53:49","guid":{"rendered":"https:\/\/www.multicasa.com.br\/inicio\/?post_type=product&#038;p=19857"},"modified":"2026-03-17T16:50:26","modified_gmt":"2026-03-17T20:50:26","slug":"concha-de-silicone-vermelha-uny-home","status":"publish","type":"product","link":"https:\/\/www.multicasa.com.br\/inicio\/produto\/concha-de-silicone-vermelha-uny-home\/","title":{"rendered":"Concha de Silicone Vermelha Uny Home"},"content":{"rendered":"<p>Sirva refei\u00e7\u00f5es quentes e frias com a Concha de Silicone da Uny Home. O formato sim\u00e9trico do objeto facilita o uso para canhotos e destros. O design e a composi\u00e7\u00e3o de silicone com refor\u00e7o interno de nylon conferem leveza, conforto e durabilidade. Dispon\u00edvel na cor vermelha, o utens\u00edlio \u00e9 produzido de forma inteiri\u00e7a, sem emendas ou juntas que poderiam acumular gordura ou res\u00edduos de comida. N\u00e3o absorve odores, nem sabores e tem f\u00e1cil higieniza\u00e7\u00e3o. Ideal para usar em panelas com superf\u00edcie antiaderente.<\/p>\n","protected":false},"excerpt":{"rendered":"<h4 style=\"margin: 0px;padding: 0px 0px 16px;font-family: Lato, sans-serif;font-weight: bold;line-height: 3rem;color: var(--dark-grey3);font-size: 22px;font-style: normal;letter-spacing: normal;text-align: start;text-indent: 0px;text-transform: none\">Informa\u00e7\u00f5es t\u00e9cnicas<\/h4>\n<p><span style=\"margin: 0px;padding: 0px;font-weight: 450;font-size: 14px;line-height: 21px;color: var(--dark-grey2);font-family: Lato, sans-serif;font-style: normal;letter-spacing: normal;text-align: start;text-indent: 0px;text-transform: none\">Produto: Concha de Silicone<br \/>\nMarca: Uny Home<br \/>\nMaterial: Silicone<br \/>\nCor: Vermelha<br \/>\nItens inclusos: 1 concha de silicone<br \/>\nDimens\u00f5es do Produto: 28cm<\/span><\/p>\n","protected":false},"featured_media":19939,"template":"","meta":{"_joinchat":[]},"product_brand":[],"product_cat":[93],"product_tag":[],"class_list":{"0":"post-19857","1":"product","2":"type-product","3":"status-publish","4":"has-post-thumbnail","6":"product_cat-utensilios-para-cozinha","8":"first","9":"instock","10":"shipping-taxable","11":"purchasable","12":"product-type-simple"},"_links":{"self":[{"href":"https:\/\/www.multicasa.com.br\/inicio\/wp-json\/wp\/v2\/product\/19857","targetHints":{"allow":["GET"]}}],"collection":[{"href":"https:\/\/www.multicasa.com.br\/inicio\/wp-json\/wp\/v2\/product"}],"about":[{"href":"https:\/\/www.multicasa.com.br\/inicio\/wp-json\/wp\/v2\/types\/product"}],"wp:featuredmedia":[{"embeddable":true,"href":"https:\/\/www.multicasa.com.br\/inicio\/wp-json\/wp\/v2\/media\/19939"}],"wp:attachment":[{"href":"https:\/\/www.multicasa.com.br\/inicio\/wp-json\/wp\/v2\/media?parent=19857"}],"wp:term":[{"taxonomy":"product_brand","embeddable":true,"href":"https:\/\/www.multicasa.com.br\/inicio\/wp-json\/wp\/v2\/product_brand?post=19857"},{"taxonomy":"product_cat","embeddable":true,"href":"https:\/\/www.multicasa.com.br\/inicio\/wp-json\/wp\/v2\/product_cat?post=19857"},{"taxonomy":"product_tag","embeddable":true,"href":"https:\/\/www.multicasa.com.br\/inicio\/wp-json\/wp\/v2\/product_tag?post=19857"}],"curies":[{"name":"wp","href":"https:\/\/api.w.org\/{rel}","templated":true}]}}