{"id":19884,"date":"2025-06-20T19:54:15","date_gmt":"2025-06-20T23:54:15","guid":{"rendered":"https:\/\/www.multicasa.com.br\/inicio\/?post_type=product&#038;p=19884"},"modified":"2025-12-16T18:39:30","modified_gmt":"2025-12-16T22:39:30","slug":"faca-chef-plenus-inox-preta-tramontina","status":"publish","type":"product","link":"https:\/\/www.multicasa.com.br\/inicio\/produto\/faca-chef-plenus-inox-preta-tramontina\/","title":{"rendered":"Faca Chef Plenus Inox Preta Tramontina"},"content":{"rendered":"<p>Com a Faca chef plenus Tramontina, voc\u00ea poder\u00e1 elevar o n\u00edvel do preparo das suas receitas. Com l\u00e2mina em a\u00e7o inox de 7 polegadas, proporciona mais precis\u00e3o e facilidade para cortes. Seu cabo em polipropileno na cor preta \u00e9 confort\u00e1vel e resistente. A faca indispens\u00e1vel na sua cozinha.<\/p>\n","protected":false},"excerpt":{"rendered":"<h4 style=\"margin: 0px;padding: 0px 0px 16px;font-family: Lato, sans-serif;font-weight: bold;line-height: 3rem;color: var(--dark-grey3);font-size: 22px;font-style: normal;letter-spacing: normal;text-align: start;text-indent: 0px;text-transform: none\">Informa\u00e7\u00f5es t\u00e9cnicas<\/h4>\n<p><span style=\"margin: 0px;padding: 0px;font-weight: 450;font-size: 14px;line-height: 21px;color: var(--dark-grey2);font-family: Lato, sans-serif;font-style: normal;letter-spacing: normal;text-align: start;text-indent: 0px;text-transform: none\">Produto: Faca<br \/>\nMarca: Tramontina<br \/>\nMaterial: A\u00e7o Inox<br \/>\nPolipropileno<br \/>\nCor: Preta<br \/>\nCaracter\u00edsticas: 7 polegadas<br \/>\nItens Inclusos: 1 faca<br \/>\nDimens\u00f5es do produto (A x L): 29,9 x 4,7cm<\/span><\/p>\n","protected":false},"featured_media":19968,"template":"","meta":{"_joinchat":[]},"product_brand":[],"product_cat":[93],"product_tag":[],"class_list":{"0":"post-19884","1":"product","2":"type-product","3":"status-publish","4":"has-post-thumbnail","6":"product_cat-utensilios-para-cozinha","8":"first","9":"outofstock","10":"shipping-taxable","11":"product-type-simple"},"_links":{"self":[{"href":"https:\/\/www.multicasa.com.br\/inicio\/wp-json\/wp\/v2\/product\/19884","targetHints":{"allow":["GET"]}}],"collection":[{"href":"https:\/\/www.multicasa.com.br\/inicio\/wp-json\/wp\/v2\/product"}],"about":[{"href":"https:\/\/www.multicasa.com.br\/inicio\/wp-json\/wp\/v2\/types\/product"}],"wp:featuredmedia":[{"embeddable":true,"href":"https:\/\/www.multicasa.com.br\/inicio\/wp-json\/wp\/v2\/media\/19968"}],"wp:attachment":[{"href":"https:\/\/www.multicasa.com.br\/inicio\/wp-json\/wp\/v2\/media?parent=19884"}],"wp:term":[{"taxonomy":"product_brand","embeddable":true,"href":"https:\/\/www.multicasa.com.br\/inicio\/wp-json\/wp\/v2\/product_brand?post=19884"},{"taxonomy":"product_cat","embeddable":true,"href":"https:\/\/www.multicasa.com.br\/inicio\/wp-json\/wp\/v2\/product_cat?post=19884"},{"taxonomy":"product_tag","embeddable":true,"href":"https:\/\/www.multicasa.com.br\/inicio\/wp-json\/wp\/v2\/product_tag?post=19884"}],"curies":[{"name":"wp","href":"https:\/\/api.w.org\/{rel}","templated":true}]}}