{"id":19886,"date":"2025-06-20T19:54:15","date_gmt":"2025-06-20T23:54:15","guid":{"rendered":"https:\/\/www.multicasa.com.br\/inicio\/?post_type=product&#038;p=19886"},"modified":"2025-12-16T18:39:39","modified_gmt":"2025-12-16T22:39:39","slug":"faca-para-pao-plenus-inox-preta-tramontina","status":"publish","type":"product","link":"https:\/\/www.multicasa.com.br\/inicio\/produto\/faca-para-pao-plenus-inox-preta-tramontina\/","title":{"rendered":"Faca para P\u00e3o Plenus Inox Preta Tramontina"},"content":{"rendered":"<p>Com a Faca para p\u00e3o plenus Tramontina a hora de servir vai ficar ainda mais gostosa. Com l\u00e2mina serrilhada em a\u00e7o inox de 7 polegadas e cabo confort\u00e1vel em polipropileno preto. \u00c9 uma faca pr\u00e1tica e perfeita para cortar p\u00e3ezinhos.<\/p>\n","protected":false},"excerpt":{"rendered":"<h4 style=\"margin: 0px;padding: 0px 0px 16px;font-family: Lato, sans-serif;font-weight: bold;line-height: 3rem;color: var(--dark-grey3);font-size: 22px;font-style: normal;letter-spacing: normal;text-align: start;text-indent: 0px;text-transform: none\">Informa\u00e7\u00f5es t\u00e9cnicas<\/h4>\n<p><span style=\"margin: 0px;padding: 0px;font-weight: 450;font-size: 14px;line-height: 21px;color: var(--dark-grey2);font-family: Lato, sans-serif;font-style: normal;letter-spacing: normal;text-align: start;text-indent: 0px;text-transform: none\">Produto: Faca<br \/>\nMarca: Tramontina<br \/>\nMaterial: A\u00e7o Inox<br \/>\nPolipropileno<br \/>\nCor: Preta<br \/>\nCaracter\u00edsticas: 7 polegadas<br \/>\nFio serrilhado<br \/>\nItens Inclusos: 1 faca<br \/>\nDimens\u00f5es do produto (A x L): 29,1 x 3,4cm<\/span><\/p>\n","protected":false},"featured_media":19985,"template":"","meta":{"_joinchat":[]},"product_brand":[],"product_cat":[93],"product_tag":[],"class_list":{"0":"post-19886","1":"product","2":"type-product","3":"status-publish","4":"has-post-thumbnail","6":"product_cat-utensilios-para-cozinha","8":"first","9":"outofstock","10":"shipping-taxable","11":"product-type-simple"},"_links":{"self":[{"href":"https:\/\/www.multicasa.com.br\/inicio\/wp-json\/wp\/v2\/product\/19886","targetHints":{"allow":["GET"]}}],"collection":[{"href":"https:\/\/www.multicasa.com.br\/inicio\/wp-json\/wp\/v2\/product"}],"about":[{"href":"https:\/\/www.multicasa.com.br\/inicio\/wp-json\/wp\/v2\/types\/product"}],"wp:featuredmedia":[{"embeddable":true,"href":"https:\/\/www.multicasa.com.br\/inicio\/wp-json\/wp\/v2\/media\/19985"}],"wp:attachment":[{"href":"https:\/\/www.multicasa.com.br\/inicio\/wp-json\/wp\/v2\/media?parent=19886"}],"wp:term":[{"taxonomy":"product_brand","embeddable":true,"href":"https:\/\/www.multicasa.com.br\/inicio\/wp-json\/wp\/v2\/product_brand?post=19886"},{"taxonomy":"product_cat","embeddable":true,"href":"https:\/\/www.multicasa.com.br\/inicio\/wp-json\/wp\/v2\/product_cat?post=19886"},{"taxonomy":"product_tag","embeddable":true,"href":"https:\/\/www.multicasa.com.br\/inicio\/wp-json\/wp\/v2\/product_tag?post=19886"}],"curies":[{"name":"wp","href":"https:\/\/api.w.org\/{rel}","templated":true}]}}