{"id":19904,"date":"2025-06-20T19:54:38","date_gmt":"2025-06-20T23:54:38","guid":{"rendered":"https:\/\/www.multicasa.com.br\/inicio\/?post_type=product&#038;p=19904"},"modified":"2026-03-21T08:20:17","modified_gmt":"2026-03-21T12:20:17","slug":"clips-colorido-prendedor-para-embalagem-6-pecas-fackelmann","status":"publish","type":"product","link":"https:\/\/www.multicasa.com.br\/inicio\/produto\/clips-colorido-prendedor-para-embalagem-6-pecas-fackelmann\/","title":{"rendered":"Clips Colorido Prendedor para Embalagem 6 pe\u00e7as Fackelmann"},"content":{"rendered":"<p>Divertidos Clips Coloridos Prendedores para embalagens, conjunto com 6 clips de pl\u00e1stico para sacos. Com eles voc\u00ea poder\u00e1 conservar os alimentos na embalagem original sem a preocupa\u00e7\u00e3o de contamina\u00e7\u00e3o externa ou de sujeiras. Seus alimentos ficar\u00e3o protegidos e organizados. Item que n\u00e3o pode faltar na cozinha moderna! Embalagem com clips nas cores rosa, verde e amarelo.<\/p>\n","protected":false},"excerpt":{"rendered":"<h4 style=\"margin: 0px;padding: 0px 0px 16px;font-family: Lato, sans-serif;font-weight: bold;line-height: 3rem;color: var(--dark-grey3);font-size: 22px;font-style: normal;letter-spacing: normal;text-align: start;text-indent: 0px;text-transform: none\">Informa\u00e7\u00f5es t\u00e9cnicas<\/h4>\n<p><span style=\"margin: 0px;padding: 0px;font-weight: 450;font-size: 14px;line-height: 21px;color: var(--dark-grey2);font-family: Lato, sans-serif;font-style: normal;letter-spacing: normal;text-align: start;text-indent: 0px;text-transform: none\">Produto: Clips para fecho de embalagem<br \/>\nMarca: Fackelmann<br \/>\nMaterial: Pl\u00e1stico<br \/>\nCor: Rosa, verde e amarelo<br \/>\nQuantidade de pe\u00e7as: 6<br \/>\nItens Inclusos: 6 clips<br \/>\nDimens\u00f5es do produto (A x L x P): 3 x 11 x 6cm<\/span><\/p>\n","protected":false},"featured_media":19991,"template":"","meta":{"_joinchat":[]},"product_brand":[],"product_cat":[93],"product_tag":[],"class_list":{"0":"post-19904","1":"product","2":"type-product","3":"status-publish","4":"has-post-thumbnail","6":"product_cat-utensilios-para-cozinha","8":"first","9":"outofstock","10":"shipping-taxable","11":"purchasable","12":"product-type-simple"},"_links":{"self":[{"href":"https:\/\/www.multicasa.com.br\/inicio\/wp-json\/wp\/v2\/product\/19904","targetHints":{"allow":["GET"]}}],"collection":[{"href":"https:\/\/www.multicasa.com.br\/inicio\/wp-json\/wp\/v2\/product"}],"about":[{"href":"https:\/\/www.multicasa.com.br\/inicio\/wp-json\/wp\/v2\/types\/product"}],"wp:featuredmedia":[{"embeddable":true,"href":"https:\/\/www.multicasa.com.br\/inicio\/wp-json\/wp\/v2\/media\/19991"}],"wp:attachment":[{"href":"https:\/\/www.multicasa.com.br\/inicio\/wp-json\/wp\/v2\/media?parent=19904"}],"wp:term":[{"taxonomy":"product_brand","embeddable":true,"href":"https:\/\/www.multicasa.com.br\/inicio\/wp-json\/wp\/v2\/product_brand?post=19904"},{"taxonomy":"product_cat","embeddable":true,"href":"https:\/\/www.multicasa.com.br\/inicio\/wp-json\/wp\/v2\/product_cat?post=19904"},{"taxonomy":"product_tag","embeddable":true,"href":"https:\/\/www.multicasa.com.br\/inicio\/wp-json\/wp\/v2\/product_tag?post=19904"}],"curies":[{"name":"wp","href":"https:\/\/api.w.org\/{rel}","templated":true}]}}