{"id":19905,"date":"2025-06-20T19:54:38","date_gmt":"2025-06-20T23:54:38","guid":{"rendered":"https:\/\/www.multicasa.com.br\/inicio\/?post_type=product&#038;p=19905"},"modified":"2026-02-06T15:50:24","modified_gmt":"2026-02-06T19:50:24","slug":"organizador-de-pia-para-sabao-e-detergente-em-plastico-branco-dasplast","status":"publish","type":"product","link":"https:\/\/www.multicasa.com.br\/inicio\/produto\/organizador-de-pia-para-sabao-e-detergente-em-plastico-branco-dasplast\/","title":{"rendered":"Organizador de Pia para Sab\u00e3o e Detergente em Pl\u00e1stico Branco DasPlast"},"content":{"rendered":"<p>Com o Organizador de Pia para Sab\u00e3o e Detergente em Pl\u00e1stico da Dasplast voc\u00ea economiza espa\u00e7o e mant\u00e9m sempre \u00e0 m\u00e3o os produtos que usa para higienizar as suas lou\u00e7as. Em um \u00fanico objeto \u00e9 poss\u00edvel guardar detergente, esponja e sab\u00e3o em barra. Possui canaletas que evitam o contato da \u00e1gua com o sab\u00e3o, evitando que derreta. Mantenha a sua bancada sempre organizada e limpa.<\/p>\n","protected":false},"excerpt":{"rendered":"<h4 style=\"margin: 0px;padding: 0px 0px 16px;font-family: Lato, sans-serif;font-weight: bold;line-height: 3rem;color: var(--dark-grey3);font-size: 22px;font-style: normal;letter-spacing: normal;text-align: start;text-indent: 0px;text-transform: none\">Informa\u00e7\u00f5es t\u00e9cnicas<\/h4>\n<p><span style=\"margin: 0px;padding: 0px;font-weight: 450;font-size: 14px;line-height: 21px;color: var(--dark-grey2);font-family: Lato, sans-serif;font-style: normal;letter-spacing: normal;text-align: start;text-indent: 0px;text-transform: none\">Produto: Organizador de Pia<br \/>\nMarca: Dasplast<br \/>\nMaterial: Pl\u00e1stico<br \/>\nCor: Branco<br \/>\nItens Inclusos: 1 Organizador de pia<br \/>\nDimens\u00f5es do produto (A x L x P): 7,5 x 25,8 x 8,7cm<\/span><\/p>\n","protected":false},"featured_media":19992,"template":"","meta":{"_joinchat":[]},"product_brand":[],"product_cat":[93],"product_tag":[],"class_list":{"0":"post-19905","1":"product","2":"type-product","3":"status-publish","4":"has-post-thumbnail","6":"product_cat-utensilios-para-cozinha","8":"first","9":"instock","10":"shipping-taxable","11":"purchasable","12":"product-type-simple"},"_links":{"self":[{"href":"https:\/\/www.multicasa.com.br\/inicio\/wp-json\/wp\/v2\/product\/19905","targetHints":{"allow":["GET"]}}],"collection":[{"href":"https:\/\/www.multicasa.com.br\/inicio\/wp-json\/wp\/v2\/product"}],"about":[{"href":"https:\/\/www.multicasa.com.br\/inicio\/wp-json\/wp\/v2\/types\/product"}],"wp:featuredmedia":[{"embeddable":true,"href":"https:\/\/www.multicasa.com.br\/inicio\/wp-json\/wp\/v2\/media\/19992"}],"wp:attachment":[{"href":"https:\/\/www.multicasa.com.br\/inicio\/wp-json\/wp\/v2\/media?parent=19905"}],"wp:term":[{"taxonomy":"product_brand","embeddable":true,"href":"https:\/\/www.multicasa.com.br\/inicio\/wp-json\/wp\/v2\/product_brand?post=19905"},{"taxonomy":"product_cat","embeddable":true,"href":"https:\/\/www.multicasa.com.br\/inicio\/wp-json\/wp\/v2\/product_cat?post=19905"},{"taxonomy":"product_tag","embeddable":true,"href":"https:\/\/www.multicasa.com.br\/inicio\/wp-json\/wp\/v2\/product_tag?post=19905"}],"curies":[{"name":"wp","href":"https:\/\/api.w.org\/{rel}","templated":true}]}}