{"id":19907,"date":"2025-06-20T19:54:38","date_gmt":"2025-06-20T23:54:38","guid":{"rendered":"https:\/\/www.multicasa.com.br\/inicio\/?post_type=product&#038;p=19907"},"modified":"2026-01-07T10:20:26","modified_gmt":"2026-01-07T14:20:26","slug":"pilao-socador-de-tempero-10cm","status":"publish","type":"product","link":"https:\/\/www.multicasa.com.br\/inicio\/produto\/pilao-socador-de-tempero-10cm\/","title":{"rendered":"Pil\u00e3o Socador de Tempero 10cm"},"content":{"rendered":"<p>Pil\u00e3o Socador De Tempero \u00e9 ideal para temperos, caipirinhas e tudo o que voc\u00ea quiser amassar, utilize a sua criatividade! Material de excelente qualidade, feito em Madeira. Al\u00e9m de ser pr\u00e1tico, moderno e estiloso.<\/p>\n","protected":false},"excerpt":{"rendered":"<h4 style=\"margin: 0px;padding: 0px 0px 16px;font-family: Lato, sans-serif;font-weight: bold;line-height: 3rem;color: var(--dark-grey3);font-size: 22px;font-style: normal;letter-spacing: normal;text-align: start;text-indent: 0px;text-transform: none\">Informa\u00e7\u00f5es t\u00e9cnicas<\/h4>\n<p><span style=\"margin: 0px;padding: 0px;font-weight: 450;font-size: 14px;line-height: 21px;color: var(--dark-grey2);font-family: Lato, sans-serif;font-style: normal;letter-spacing: normal;text-align: start;text-indent: 0px;text-transform: none\">Produto: Pil\u00e3o de Madeira<br \/>\nMarca: Imporiente<br \/>\nMaterial: ?Bambu<br \/>\nCor: Bege<br \/>\nItens inclusos: 1 Pil\u00e3o de Madeira Bambu Amassador<br \/>\nDi\u00e2metro do produto (AxL): ?10X10cm<\/p>\n<p><\/span><\/p>\n","protected":false},"featured_media":19999,"template":"","meta":{"_joinchat":[]},"product_brand":[],"product_cat":[93],"product_tag":[],"class_list":{"0":"post-19907","1":"product","2":"type-product","3":"status-publish","4":"has-post-thumbnail","6":"product_cat-utensilios-para-cozinha","8":"first","9":"instock","10":"shipping-taxable","11":"purchasable","12":"product-type-simple"},"_links":{"self":[{"href":"https:\/\/www.multicasa.com.br\/inicio\/wp-json\/wp\/v2\/product\/19907","targetHints":{"allow":["GET"]}}],"collection":[{"href":"https:\/\/www.multicasa.com.br\/inicio\/wp-json\/wp\/v2\/product"}],"about":[{"href":"https:\/\/www.multicasa.com.br\/inicio\/wp-json\/wp\/v2\/types\/product"}],"wp:featuredmedia":[{"embeddable":true,"href":"https:\/\/www.multicasa.com.br\/inicio\/wp-json\/wp\/v2\/media\/19999"}],"wp:attachment":[{"href":"https:\/\/www.multicasa.com.br\/inicio\/wp-json\/wp\/v2\/media?parent=19907"}],"wp:term":[{"taxonomy":"product_brand","embeddable":true,"href":"https:\/\/www.multicasa.com.br\/inicio\/wp-json\/wp\/v2\/product_brand?post=19907"},{"taxonomy":"product_cat","embeddable":true,"href":"https:\/\/www.multicasa.com.br\/inicio\/wp-json\/wp\/v2\/product_cat?post=19907"},{"taxonomy":"product_tag","embeddable":true,"href":"https:\/\/www.multicasa.com.br\/inicio\/wp-json\/wp\/v2\/product_tag?post=19907"}],"curies":[{"name":"wp","href":"https:\/\/api.w.org\/{rel}","templated":true}]}}