{"id":19908,"date":"2025-06-20T19:54:38","date_gmt":"2025-06-20T23:54:38","guid":{"rendered":"https:\/\/www.multicasa.com.br\/inicio\/?post_type=product&#038;p=19908"},"modified":"2025-10-31T10:27:56","modified_gmt":"2025-10-31T14:27:56","slug":"escorredor-de-talheres-em-plastico-preto-ou","status":"publish","type":"product","link":"https:\/\/www.multicasa.com.br\/inicio\/produto\/escorredor-de-talheres-em-plastico-preto-ou\/","title":{"rendered":"Escorredor de Talheres em Pl\u00e1stico Preto OU"},"content":{"rendered":"<p>O Escorredor de Talheres em Pl\u00e1stico OU vai deixar a sua cozinha mais limpa, higi\u00eanica e organizada. Feito em polipropileno preto fosco, seu material tem alta resist\u00eancia a impactos e aos calor. Com design inovador possui, 2 divis\u00f3rias. Produto aderente, com boa resist\u00eancia a produtos abrasivos. At\u00f3xico e livre de bisphenol A.<\/p>\n","protected":false},"excerpt":{"rendered":"<h4 style=\"margin: 0px;padding: 0px 0px 16px;font-family: Lato, sans-serif;font-weight: bold;line-height: 3rem;color: var(--dark-grey3);font-size: 22px;font-style: normal;letter-spacing: normal;text-align: start;text-indent: 0px;text-transform: none\">Informa\u00e7\u00f5es t\u00e9cnicas<\/h4>\n<p><span style=\"margin: 0px;padding: 0px;font-weight: 450;font-size: 14px;line-height: 21px;color: var(--dark-grey2);font-family: Lato, sans-serif;font-style: normal;letter-spacing: normal;text-align: start;text-indent: 0px;text-transform: none\">Produto: Escorredor de talher<br \/>\nMarca: OU<br \/>\nMaterial: Polipropileno<br \/>\nCor: Preto<br \/>\nCaracter\u00edsticas: 2 divis\u00f3rias<br \/>\nItens Inclusos: 1 escorredor de talher<br \/>\nDimens\u00f5es do produto (A x L x P): 2,4 x 9 x 12,49cm<\/span><\/p>\n","protected":false},"featured_media":20007,"template":"","meta":{"_joinchat":[]},"product_brand":[],"product_cat":[93],"product_tag":[],"class_list":{"0":"post-19908","1":"product","2":"type-product","3":"status-publish","4":"has-post-thumbnail","6":"product_cat-utensilios-para-cozinha","8":"first","9":"outofstock","10":"shipping-taxable","11":"purchasable","12":"product-type-simple"},"_links":{"self":[{"href":"https:\/\/www.multicasa.com.br\/inicio\/wp-json\/wp\/v2\/product\/19908","targetHints":{"allow":["GET"]}}],"collection":[{"href":"https:\/\/www.multicasa.com.br\/inicio\/wp-json\/wp\/v2\/product"}],"about":[{"href":"https:\/\/www.multicasa.com.br\/inicio\/wp-json\/wp\/v2\/types\/product"}],"wp:featuredmedia":[{"embeddable":true,"href":"https:\/\/www.multicasa.com.br\/inicio\/wp-json\/wp\/v2\/media\/20007"}],"wp:attachment":[{"href":"https:\/\/www.multicasa.com.br\/inicio\/wp-json\/wp\/v2\/media?parent=19908"}],"wp:term":[{"taxonomy":"product_brand","embeddable":true,"href":"https:\/\/www.multicasa.com.br\/inicio\/wp-json\/wp\/v2\/product_brand?post=19908"},{"taxonomy":"product_cat","embeddable":true,"href":"https:\/\/www.multicasa.com.br\/inicio\/wp-json\/wp\/v2\/product_cat?post=19908"},{"taxonomy":"product_tag","embeddable":true,"href":"https:\/\/www.multicasa.com.br\/inicio\/wp-json\/wp\/v2\/product_tag?post=19908"}],"curies":[{"name":"wp","href":"https:\/\/api.w.org\/{rel}","templated":true}]}}