{"id":19911,"date":"2025-06-20T19:54:39","date_gmt":"2025-06-20T23:54:39","guid":{"rendered":"https:\/\/www.multicasa.com.br\/inicio\/?post_type=product&#038;p=19911"},"modified":"2025-12-16T18:40:01","modified_gmt":"2025-12-16T22:40:01","slug":"porta-azeite-vinagre-de-vidro-e-inox-euro-home-290ml","status":"publish","type":"product","link":"https:\/\/www.multicasa.com.br\/inicio\/produto\/porta-azeite-vinagre-de-vidro-e-inox-euro-home-290ml\/","title":{"rendered":"Porta Azeite\/Vinagre de Vidro e Inox Euro Home 290ml"},"content":{"rendered":"<p>O Porta Azeite de Vidro e Inox da Euro Home funciona como azeiteiro ou vinagreiro e \u00e9 indicado para reservar l\u00edquidos e ajudar a servi-los. Feito de materiais de excelente qualidade, \u00e9 dur\u00e1vel e resistente a altas temperaturas. Sua tampa ajuda a conservar o produto por muito mais tempo e voc\u00ea pode deixa-lo na mesa para dar um toque elegante \u00e0s refei\u00e7\u00f5es.<\/p>\n","protected":false},"excerpt":{"rendered":"<h4 style=\"margin: 0px;padding: 0px 0px 16px;font-family: Lato, sans-serif;font-weight: bold;line-height: 3rem;color: var(--dark-grey3);font-size: 22px;font-style: normal;letter-spacing: normal;text-align: start;text-indent: 0px;text-transform: none\">Informa\u00e7\u00f5es t\u00e9cnicas<\/h4>\n<p><span style=\"margin: 0px;padding: 0px;font-weight: 450;font-size: 14px;line-height: 21px;color: var(--dark-grey2);font-family: Lato, sans-serif;font-style: normal;letter-spacing: normal;text-align: start;text-indent: 0px;text-transform: none\">Produto: Porta Azeite\/Vinagre<br \/>\nMarca: Euro Home<br \/>\nMaterial: Vidro<br \/>\nInox<br \/>\nCor: Incolor e prata<br \/>\nCapacidade: 290ml<br \/>\nItens Inclusos: 1 Porta azeite\/vinagre<br \/>\nDimens\u00f5es do produto (A x L): 22 x 6cm<\/span><\/p>\n","protected":false},"featured_media":20012,"template":"","meta":{"_joinchat":[]},"product_brand":[],"product_cat":[93],"product_tag":[],"class_list":{"0":"post-19911","1":"product","2":"type-product","3":"status-publish","4":"has-post-thumbnail","6":"product_cat-utensilios-para-cozinha","8":"first","9":"outofstock","10":"shipping-taxable","11":"product-type-simple"},"_links":{"self":[{"href":"https:\/\/www.multicasa.com.br\/inicio\/wp-json\/wp\/v2\/product\/19911","targetHints":{"allow":["GET"]}}],"collection":[{"href":"https:\/\/www.multicasa.com.br\/inicio\/wp-json\/wp\/v2\/product"}],"about":[{"href":"https:\/\/www.multicasa.com.br\/inicio\/wp-json\/wp\/v2\/types\/product"}],"wp:featuredmedia":[{"embeddable":true,"href":"https:\/\/www.multicasa.com.br\/inicio\/wp-json\/wp\/v2\/media\/20012"}],"wp:attachment":[{"href":"https:\/\/www.multicasa.com.br\/inicio\/wp-json\/wp\/v2\/media?parent=19911"}],"wp:term":[{"taxonomy":"product_brand","embeddable":true,"href":"https:\/\/www.multicasa.com.br\/inicio\/wp-json\/wp\/v2\/product_brand?post=19911"},{"taxonomy":"product_cat","embeddable":true,"href":"https:\/\/www.multicasa.com.br\/inicio\/wp-json\/wp\/v2\/product_cat?post=19911"},{"taxonomy":"product_tag","embeddable":true,"href":"https:\/\/www.multicasa.com.br\/inicio\/wp-json\/wp\/v2\/product_tag?post=19911"}],"curies":[{"name":"wp","href":"https:\/\/api.w.org\/{rel}","templated":true}]}}