{"id":19929,"date":"2025-06-20T19:55:01","date_gmt":"2025-06-20T23:55:01","guid":{"rendered":"https:\/\/www.multicasa.com.br\/inicio\/?post_type=product&#038;p=19929"},"modified":"2025-12-16T18:40:05","modified_gmt":"2025-12-16T22:40:05","slug":"moedor-de-pimenta-de-vidro-euro-home","status":"publish","type":"product","link":"https:\/\/www.multicasa.com.br\/inicio\/produto\/moedor-de-pimenta-de-vidro-euro-home\/","title":{"rendered":"Moedor de Pimenta de Vidro Euro Home"},"content":{"rendered":"<p>O Moedor de Pimenta da Euro Home \u00e9 feito de vidro com triturador de a\u00e7o e tampa pl\u00e1stica. Auxilia no preparo de temperos com mais praticidade e efici\u00eancia, al\u00e9m de dar um toque especial e charmoso ao ambiente. Utens\u00edlio indispens\u00e1vel para quem cuida com carinho da cozinha.<\/p>\n","protected":false},"excerpt":{"rendered":"<h4 style=\"margin: 0px;padding: 0px 0px 16px;font-family: Lato, sans-serif;font-weight: bold;line-height: 3rem;color: var(--dark-grey3);font-size: 22px;font-style: normal;letter-spacing: normal;text-align: start;text-indent: 0px;text-transform: none\">Informa\u00e7\u00f5es t\u00e9cnicas<\/h4>\n<p><span style=\"margin: 0px;padding: 0px;font-weight: 450;font-size: 14px;line-height: 21px;color: var(--dark-grey2);font-family: Lato, sans-serif;font-style: normal;letter-spacing: normal;text-align: start;text-indent: 0px;text-transform: none\">Produto: Moedor de Pimenta<br \/>\nMarca: Euro Home<br \/>\nMaterial: Corpo em vidro<br \/>\nTampa pl\u00e1stica<br \/>\nTriturador em a\u00e7o<br \/>\nCor: Sortida<br \/>\nItens Inclusos: 1 moedor de pimenta<br \/>\nDimens\u00f5es do produto (A x L X P):11,5 x 6 x 4,5cm<\/span><\/p>\n","protected":false},"featured_media":20014,"template":"","meta":{"_joinchat":[]},"product_brand":[],"product_cat":[93],"product_tag":[],"class_list":{"0":"post-19929","1":"product","2":"type-product","3":"status-publish","4":"has-post-thumbnail","6":"product_cat-utensilios-para-cozinha","8":"first","9":"instock","10":"shipping-taxable","11":"purchasable","12":"product-type-simple"},"_links":{"self":[{"href":"https:\/\/www.multicasa.com.br\/inicio\/wp-json\/wp\/v2\/product\/19929","targetHints":{"allow":["GET"]}}],"collection":[{"href":"https:\/\/www.multicasa.com.br\/inicio\/wp-json\/wp\/v2\/product"}],"about":[{"href":"https:\/\/www.multicasa.com.br\/inicio\/wp-json\/wp\/v2\/types\/product"}],"wp:featuredmedia":[{"embeddable":true,"href":"https:\/\/www.multicasa.com.br\/inicio\/wp-json\/wp\/v2\/media\/20014"}],"wp:attachment":[{"href":"https:\/\/www.multicasa.com.br\/inicio\/wp-json\/wp\/v2\/media?parent=19929"}],"wp:term":[{"taxonomy":"product_brand","embeddable":true,"href":"https:\/\/www.multicasa.com.br\/inicio\/wp-json\/wp\/v2\/product_brand?post=19929"},{"taxonomy":"product_cat","embeddable":true,"href":"https:\/\/www.multicasa.com.br\/inicio\/wp-json\/wp\/v2\/product_cat?post=19929"},{"taxonomy":"product_tag","embeddable":true,"href":"https:\/\/www.multicasa.com.br\/inicio\/wp-json\/wp\/v2\/product_tag?post=19929"}],"curies":[{"name":"wp","href":"https:\/\/api.w.org\/{rel}","templated":true}]}}