{"id":19931,"date":"2025-06-20T19:55:01","date_gmt":"2025-06-20T23:55:01","guid":{"rendered":"https:\/\/www.multicasa.com.br\/inicio\/?post_type=product&#038;p=19931"},"modified":"2025-06-20T19:56:35","modified_gmt":"2025-06-20T23:56:35","slug":"saleiro-pimenteiro-de-vidro-euro-home","status":"publish","type":"product","link":"https:\/\/www.multicasa.com.br\/inicio\/produto\/saleiro-pimenteiro-de-vidro-euro-home\/","title":{"rendered":"Saleiro\/Pimenteiro de Vidro Euro Home"},"content":{"rendered":"<p>Com o Saleiro\/Pimenteiro de Vidro da Euro Home voc\u00ea tempera e serve suas refei\u00e7\u00f5es com charme especial. A tampa feita de inox \u00e9 altamente dur\u00e1vel e pode ser lavada na m\u00e1quina de lavar lou\u00e7as, o que facilita seus afazeres na hora de limpar. Ideal para quem gosta de dosar a quantidade certa de tempero no prato.<\/p>\n","protected":false},"excerpt":{"rendered":"<h4 style=\"margin: 0px;padding: 0px 0px 16px;font-family: Lato, sans-serif;font-weight: bold;line-height: 3rem;color: var(--dark-grey3);font-size: 22px;font-style: normal;letter-spacing: normal;text-align: start;text-indent: 0px;text-transform: none\">Informa\u00e7\u00f5es t\u00e9cnicas<\/h4>\n<p><span style=\"margin: 0px;padding: 0px;font-weight: 450;font-size: 14px;line-height: 21px;color: var(--dark-grey2);font-family: Lato, sans-serif;font-style: normal;letter-spacing: normal;text-align: start;text-indent: 0px;text-transform: none\">Produto: Saleiro\/Pimenteiro<br \/>\nMarca: Euro Home<br \/>\nMaterial: Vidro<br \/>\nInox<br \/>\nCor: Prata e incolor<br \/>\nItens Inclusos: 1 Saleiro\/Pimenteiro<br \/>\nDimens\u00f5es do produto (A X L): 9 x 5cm<\/span><\/p>\n","protected":false},"featured_media":20020,"template":"","meta":{"_joinchat":[]},"product_brand":[],"product_cat":[93],"product_tag":[],"class_list":{"0":"post-19931","1":"product","2":"type-product","3":"status-publish","4":"has-post-thumbnail","6":"product_cat-utensilios-para-cozinha","8":"first","9":"outofstock","10":"shipping-taxable","11":"product-type-simple"},"_links":{"self":[{"href":"https:\/\/www.multicasa.com.br\/inicio\/wp-json\/wp\/v2\/product\/19931","targetHints":{"allow":["GET"]}}],"collection":[{"href":"https:\/\/www.multicasa.com.br\/inicio\/wp-json\/wp\/v2\/product"}],"about":[{"href":"https:\/\/www.multicasa.com.br\/inicio\/wp-json\/wp\/v2\/types\/product"}],"wp:featuredmedia":[{"embeddable":true,"href":"https:\/\/www.multicasa.com.br\/inicio\/wp-json\/wp\/v2\/media\/20020"}],"wp:attachment":[{"href":"https:\/\/www.multicasa.com.br\/inicio\/wp-json\/wp\/v2\/media?parent=19931"}],"wp:term":[{"taxonomy":"product_brand","embeddable":true,"href":"https:\/\/www.multicasa.com.br\/inicio\/wp-json\/wp\/v2\/product_brand?post=19931"},{"taxonomy":"product_cat","embeddable":true,"href":"https:\/\/www.multicasa.com.br\/inicio\/wp-json\/wp\/v2\/product_cat?post=19931"},{"taxonomy":"product_tag","embeddable":true,"href":"https:\/\/www.multicasa.com.br\/inicio\/wp-json\/wp\/v2\/product_tag?post=19931"}],"curies":[{"name":"wp","href":"https:\/\/api.w.org\/{rel}","templated":true}]}}