{"id":19933,"date":"2025-06-20T19:55:02","date_gmt":"2025-06-20T23:55:02","guid":{"rendered":"https:\/\/www.multicasa.com.br\/inicio\/?post_type=product&#038;p=19933"},"modified":"2025-11-01T10:34:11","modified_gmt":"2025-11-01T14:34:11","slug":"fatiador-de-cebola-em-inox-e-plastico-keita","status":"publish","type":"product","link":"https:\/\/www.multicasa.com.br\/inicio\/produto\/fatiador-de-cebola-em-inox-e-plastico-keita\/","title":{"rendered":"Fatiador de Cebola em Inox e Pl\u00e1stico Keita"},"content":{"rendered":"<p>Use o Fatiador de Cebola da Keita para fatiar e cortar vegetais com mais seguran\u00e7a no seu dia-a-dia na cozinha. Fixe o objeto no alimento, segure-o com o apoio em pl\u00e1stico e deslize a faca entre os dentes. O formato anat\u00f4mico do garfo para cebola garante manuseio simples e pr\u00e1tico. Feito de Inox tem dimens\u00f5es de 12 x 8 cm e pode auxiliar no corte de queijos, tomates e outros. Prepare suas receitas com agilidade.<\/p>\n","protected":false},"excerpt":{"rendered":"<h4 style=\"margin: 0px;padding: 0px 0px 16px;font-family: Lato, sans-serif;font-weight: bold;line-height: 3rem;color: var(--dark-grey3);font-size: 22px;font-style: normal;letter-spacing: normal;text-align: start;text-indent: 0px;text-transform: none\">Informa\u00e7\u00f5es t\u00e9cnicas<\/h4>\n<p><span style=\"margin: 0px;padding: 0px;font-weight: 450;font-size: 14px;line-height: 21px;color: var(--dark-grey2);font-family: Lato, sans-serif;font-style: normal;letter-spacing: normal;text-align: start;text-indent: 0px;text-transform: none\">Produto: Fatiador de Cebola<br \/>\nMarca: Keita<br \/>\nMaterial: Inox<br \/>\nPl\u00e1stico<br \/>\nCor: Vermelho<br \/>\nItens Inclusos: 1 Fatiador de cebola<br \/>\nDimens\u00f5es do produto (A X L): 12 x 8cm<\/span><\/p>\n","protected":false},"featured_media":25174,"template":"","meta":{"_joinchat":[]},"product_brand":[],"product_cat":[93],"product_tag":[],"class_list":{"0":"post-19933","1":"product","2":"type-product","3":"status-publish","4":"has-post-thumbnail","6":"product_cat-utensilios-para-cozinha","8":"first","9":"outofstock","10":"shipping-taxable","11":"purchasable","12":"product-type-simple"},"_links":{"self":[{"href":"https:\/\/www.multicasa.com.br\/inicio\/wp-json\/wp\/v2\/product\/19933","targetHints":{"allow":["GET"]}}],"collection":[{"href":"https:\/\/www.multicasa.com.br\/inicio\/wp-json\/wp\/v2\/product"}],"about":[{"href":"https:\/\/www.multicasa.com.br\/inicio\/wp-json\/wp\/v2\/types\/product"}],"wp:featuredmedia":[{"embeddable":true,"href":"https:\/\/www.multicasa.com.br\/inicio\/wp-json\/wp\/v2\/media\/25174"}],"wp:attachment":[{"href":"https:\/\/www.multicasa.com.br\/inicio\/wp-json\/wp\/v2\/media?parent=19933"}],"wp:term":[{"taxonomy":"product_brand","embeddable":true,"href":"https:\/\/www.multicasa.com.br\/inicio\/wp-json\/wp\/v2\/product_brand?post=19933"},{"taxonomy":"product_cat","embeddable":true,"href":"https:\/\/www.multicasa.com.br\/inicio\/wp-json\/wp\/v2\/product_cat?post=19933"},{"taxonomy":"product_tag","embeddable":true,"href":"https:\/\/www.multicasa.com.br\/inicio\/wp-json\/wp\/v2\/product_tag?post=19933"}],"curies":[{"name":"wp","href":"https:\/\/api.w.org\/{rel}","templated":true}]}}