{"id":19953,"date":"2025-06-20T19:55:25","date_gmt":"2025-06-20T23:55:25","guid":{"rendered":"https:\/\/www.multicasa.com.br\/inicio\/?post_type=product&#038;p=19953"},"modified":"2026-03-26T09:30:22","modified_gmt":"2026-03-26T13:30:22","slug":"porteiro-eletronico-residencial-ipr-1010-branco-intelbras","status":"publish","type":"product","link":"https:\/\/www.multicasa.com.br\/inicio\/produto\/porteiro-eletronico-residencial-ipr-1010-branco-intelbras\/","title":{"rendered":"Porteiro Eletr\u00f4nico Residencial IPR 1010 Branco Intelbras"},"content":{"rendered":"<p>O Porteiro Residencial Eletr\u00f4nico da Intelbras \u00e9 um modelo de Interfone especialmente feito para resid\u00eancias e com fabrica\u00e7\u00e3o 100% brasileira. Voc\u00ea n\u00e3o precisa sair de casa para atender suas visitas, o que oferecer\u00e1 ainda mais seguran\u00e7a para voc\u00ea e sua fam\u00edlia. Sem a necessidade de uso de chaves para abertura do port\u00e3o, conta com um bot\u00e3o que pode ser acionado quando estiver do lado de dentro da resid\u00eancia. Al\u00e9m disso voc\u00ea pode atender de diversos ambientes da casa (permite at\u00e9 3 extens\u00f5es, vendidas separadamente, totalizando 4 pontos.) O Modelo IPR1010 possui um dispositivo de seguran\u00e7a que dispara um alarme em caso de vandalismo, garantindo a seguran\u00e7a da sua fam\u00edlia e dos ambientes que monitora. De f\u00e1cil instala\u00e7\u00e3o, \u00e9 um produto com excelente custo-benef\u00edcio e, para os dias nos quais a inten\u00e7\u00e3o \u00e9 privacidade total, voc\u00ea pode programar a fun\u00e7\u00e3o &#8220;N\u00e3o Pertube&#8221; que interrompe a campainha por um intervalo de at\u00e9 12 horas.<\/p>\n","protected":false},"excerpt":{"rendered":"<h4 style=\"margin: 0px;padding: 0px 0px 16px;font-family: Lato, sans-serif;font-weight: bold;line-height: 3rem;color: var(--dark-grey3);font-size: 22px;font-style: normal;letter-spacing: normal;text-align: start;text-indent: 0px;text-transform: none\">Informa\u00e7\u00f5es t\u00e9cnicas<\/h4>\n<p><span style=\"margin: 0px;padding: 0px;font-weight: 450;font-size: 14px;line-height: 21px;color: var(--dark-grey2);font-family: Lato, sans-serif;font-style: normal;letter-spacing: normal;text-align: start;text-indent: 0px;text-transform: none\">Produto: Porteiro Eletr\u00f4nico Residencial<br \/>\nMarca: Intelbras<br \/>\nModelo: IPR 1010<br \/>\nMaterial: Pl\u00e1stico e metal<br \/>\nCor: Branco<br \/>\nAlimenta\u00e7\u00e3o: Bateria 9v<br \/>\nCaracter\u00edsticas: Instala\u00e7\u00e3o na Parede; O morador n\u00e3o precisa sair de casa para atender suas visitas. Com o IPR 1010 \u00e9 poss\u00edvel atender e abrir o port\u00e3o ao visitante atrav\u00e9s do m\u00f3dulo interno. Mais comodidade e praticidade ao usu\u00e1rio: n\u00e3o \u00e9 necess\u00e1rio o uso de chaves para abrir a porta quando estiver do lado de dentro da resid\u00eancia. Em caso de vandalismo do m\u00f3dulo externo, um alarme \u00e9 disparado. O usu\u00e1rio pode atender sua visita de diversos lugares da casa. Caso necessite de maior privacidade, o usu\u00e1rio ativa a fun\u00e7\u00e3o que inibe o toque da campainha por um intervalo de at\u00e9 12 horas. Mais facilidade na instala\u00e7\u00e3o com a alimenta\u00e7\u00e3o el\u00e9trica direto no m\u00f3dulo interno.<br \/>\nItens Inclusos: Combo (Interno e externo), 1 m\u00f3dulo externo, 1 m\u00f3dulo interno, 1 cabo espiral, kit de fixa\u00e7\u00e3o, 1 guia de instala\u00e7\u00e3o.<br \/>\nDimens\u00f5es (A X L x C): 18,9cm x 9cm x 6cm                                                                                                                Peso do Produto: 0,260kg                                                                                                                                     Garantia: 01 Ano<\/span><\/p>\n","protected":false},"featured_media":20033,"template":"","meta":{"_joinchat":[]},"product_brand":[],"product_cat":[161],"product_tag":[],"class_list":{"0":"post-19953","1":"product","2":"type-product","3":"status-publish","4":"has-post-thumbnail","6":"product_cat-seguranca","8":"first","9":"instock","10":"shipping-taxable","11":"purchasable","12":"product-type-simple"},"_links":{"self":[{"href":"https:\/\/www.multicasa.com.br\/inicio\/wp-json\/wp\/v2\/product\/19953","targetHints":{"allow":["GET"]}}],"collection":[{"href":"https:\/\/www.multicasa.com.br\/inicio\/wp-json\/wp\/v2\/product"}],"about":[{"href":"https:\/\/www.multicasa.com.br\/inicio\/wp-json\/wp\/v2\/types\/product"}],"wp:featuredmedia":[{"embeddable":true,"href":"https:\/\/www.multicasa.com.br\/inicio\/wp-json\/wp\/v2\/media\/20033"}],"wp:attachment":[{"href":"https:\/\/www.multicasa.com.br\/inicio\/wp-json\/wp\/v2\/media?parent=19953"}],"wp:term":[{"taxonomy":"product_brand","embeddable":true,"href":"https:\/\/www.multicasa.com.br\/inicio\/wp-json\/wp\/v2\/product_brand?post=19953"},{"taxonomy":"product_cat","embeddable":true,"href":"https:\/\/www.multicasa.com.br\/inicio\/wp-json\/wp\/v2\/product_cat?post=19953"},{"taxonomy":"product_tag","embeddable":true,"href":"https:\/\/www.multicasa.com.br\/inicio\/wp-json\/wp\/v2\/product_tag?post=19953"}],"curies":[{"name":"wp","href":"https:\/\/api.w.org\/{rel}","templated":true}]}}