{"id":19954,"date":"2025-06-20T19:55:26","date_gmt":"2025-06-20T23:55:26","guid":{"rendered":"https:\/\/www.multicasa.com.br\/inicio\/?post_type=product&#038;p=19954"},"modified":"2026-03-13T06:41:06","modified_gmt":"2026-03-13T10:41:06","slug":"kit-videoporteiro-com-interfone-branco-ivr-1010-intelbras","status":"publish","type":"product","link":"https:\/\/www.multicasa.com.br\/inicio\/produto\/kit-videoporteiro-com-interfone-branco-ivr-1010-intelbras\/","title":{"rendered":"Kit Videoporteiro com Interfone Branco IVR 1010 Intelbras"},"content":{"rendered":"<p>Estar em casa e saber quem toca \u00e0 porta vai ficar mais seguro e pr\u00e1tico com o Kit Videoporteiro com Interfone VR 1010 da Intelbras. De excelente custo x benef\u00edcio, permite atender e liberar o port\u00e3o tanto de garagem, quanto individual atrav\u00e9s do m\u00f3dulo interno, visualizar quem toca a campainha e possibilita o monitoramento de at\u00e9 6 ambientes da casa. Al\u00e9m disso, o videoporteiro Intelbras tem \u00f3tima qualidade de imagem, facilitando na identifica\u00e7\u00e3o de visitantes e pode ser instalado em locais sem entrada de energia, especialmente na \u00e1rea externa, oferecendo ainda at\u00e9 3 extens\u00f5es de \u00e1udio e 1 de v\u00eddeo. Compre e conhe\u00e7a a melhor op\u00e7\u00e3o quando o assunto \u00e9 seguran\u00e7a e monitoramento!<\/p>\n","protected":false},"excerpt":{"rendered":"<h4 style=\"margin: 0px;padding: 0px 0px 16px;font-family: Lato, sans-serif;font-weight: bold;line-height: 3rem;color: var(--dark-grey3);font-size: 22px;font-style: normal;letter-spacing: normal;text-align: start;text-indent: 0px;text-transform: none\">Informa\u00e7\u00f5es t\u00e9cnicas<\/h4>\n<p><span style=\"margin: 0px;padding: 0px;font-weight: 450;font-size: 14px;line-height: 21px;color: var(--dark-grey2);font-family: Lato, sans-serif;font-style: normal;letter-spacing: normal;text-align: start;text-indent: 0px;text-transform: none\">Produto: Kit Videoporteiro<br \/>\nMarca: Intelbras<br \/>\nMaterial: Metal e Pl\u00e1stico<br \/>\nCor: Branca e Preto<br \/>\nAlimenta\u00e7\u00e3o: Alimenta\u00e7\u00e3o no m\u00f3dulo interno ideal para instala\u00e7\u00e3o em locais sem entrada de energia na \u00e1rea externa<br \/>\nCaracter\u00edsticas: Tela de 4,3?; Resolu\u00e7\u00e3o de 480 \u00d7 272 RGB; Tens\u00e3o de Opera\u00e7\u00e3o em Rede de 100 a 240 Vac (autom\u00e1tica); M\u00f3dulo Externo com Resolu\u00e7\u00e3o horizontal de 580 linhas; Ilumina\u00e7\u00e3o m\u00ednima ? modo colorido 1,5 lux; Ilumina\u00e7\u00e3o m\u00ednima ? modo P&amp;B 0,2 lux; Abre at\u00e9 2 port\u00f5es<br \/>\nItens Inclusos: 1 M\u00f3dulo Externo e 1 M\u00f3dulo Interno<\/span><\/p>\n","protected":false},"featured_media":20034,"template":"","meta":{"_joinchat":[]},"product_brand":[],"product_cat":[161],"product_tag":[],"class_list":{"0":"post-19954","1":"product","2":"type-product","3":"status-publish","4":"has-post-thumbnail","6":"product_cat-seguranca","8":"first","9":"instock","10":"shipping-taxable","11":"purchasable","12":"product-type-simple"},"_links":{"self":[{"href":"https:\/\/www.multicasa.com.br\/inicio\/wp-json\/wp\/v2\/product\/19954","targetHints":{"allow":["GET"]}}],"collection":[{"href":"https:\/\/www.multicasa.com.br\/inicio\/wp-json\/wp\/v2\/product"}],"about":[{"href":"https:\/\/www.multicasa.com.br\/inicio\/wp-json\/wp\/v2\/types\/product"}],"wp:featuredmedia":[{"embeddable":true,"href":"https:\/\/www.multicasa.com.br\/inicio\/wp-json\/wp\/v2\/media\/20034"}],"wp:attachment":[{"href":"https:\/\/www.multicasa.com.br\/inicio\/wp-json\/wp\/v2\/media?parent=19954"}],"wp:term":[{"taxonomy":"product_brand","embeddable":true,"href":"https:\/\/www.multicasa.com.br\/inicio\/wp-json\/wp\/v2\/product_brand?post=19954"},{"taxonomy":"product_cat","embeddable":true,"href":"https:\/\/www.multicasa.com.br\/inicio\/wp-json\/wp\/v2\/product_cat?post=19954"},{"taxonomy":"product_tag","embeddable":true,"href":"https:\/\/www.multicasa.com.br\/inicio\/wp-json\/wp\/v2\/product_tag?post=19954"}],"curies":[{"name":"wp","href":"https:\/\/api.w.org\/{rel}","templated":true}]}}