{"id":19958,"date":"2025-06-20T19:55:26","date_gmt":"2025-06-20T23:55:26","guid":{"rendered":"https:\/\/www.multicasa.com.br\/inicio\/?post_type=product&#038;p=19958"},"modified":"2025-11-10T22:35:04","modified_gmt":"2025-11-11T02:35:04","slug":"neutralizador-de-odores-para-geladeira-novica-bettanin","status":"publish","type":"product","link":"https:\/\/www.multicasa.com.br\/inicio\/produto\/neutralizador-de-odores-para-geladeira-novica-bettanin\/","title":{"rendered":"Neutralizador de Odores para Geladeira Novi\u00e7a Bettanin"},"content":{"rendered":"<p>Neutralizador de Odores para Geladeira Novi\u00e7a da Bettanin, composto de carv\u00e3o ativado que neutraliza os odores da geladeira. Pode ser utilizado tanto na geladeira como no freezer, n\u00e3o altera o sabor dos alimentos e tem a\u00e7\u00e3o prolongada por at\u00e9 90 dias.<br \/>\nGuarde seus alimentos na geladeira sem preocupa\u00e7\u00e3o e mantenha o ambiente limpo e livre de odores!<\/p>\n","protected":false},"excerpt":{"rendered":"<h4 style=\"margin: 0px;padding: 0px 0px 16px;font-family: Lato, sans-serif;font-weight: bold;line-height: 3rem;color: var(--dark-grey3);font-size: 22px;font-style: normal;letter-spacing: normal;text-align: start;text-indent: 0px;text-transform: none\">Informa\u00e7\u00f5es t\u00e9cnicas<\/h4>\n<p><span style=\"margin: 0px;padding: 0px;font-weight: 450;font-size: 14px;line-height: 21px;color: var(--dark-grey2);font-family: Lato, sans-serif;font-style: normal;letter-spacing: normal;text-align: start;text-indent: 0px;text-transform: none\">Produto: Neutralizador de odores<br \/>\nMarca: Bettanin<br \/>\nConte\u00fado: 60g<br \/>\nUso Indicado: Neutraliza cheiros do freezer e geladeira<br \/>\nCaracter\u00edsticas: N\u00e3o altera o sabor dos alimentos<br \/>\nA\u00e7\u00e3o prolongada at\u00e9 90 dias<br \/>\nItens Inclusos: 1 neutralizador de odores<br \/>\nDimens\u00f5es do produto (A x L x P): 21 x 13,5cm<\/p>\n<p><\/span><\/p>\n","protected":false},"featured_media":20053,"template":"","meta":{"_joinchat":[]},"product_brand":[],"product_cat":[93],"product_tag":[],"class_list":{"0":"post-19958","1":"product","2":"type-product","3":"status-publish","4":"has-post-thumbnail","6":"product_cat-utensilios-para-cozinha","8":"first","9":"instock","10":"shipping-taxable","11":"purchasable","12":"product-type-simple"},"_links":{"self":[{"href":"https:\/\/www.multicasa.com.br\/inicio\/wp-json\/wp\/v2\/product\/19958","targetHints":{"allow":["GET"]}}],"collection":[{"href":"https:\/\/www.multicasa.com.br\/inicio\/wp-json\/wp\/v2\/product"}],"about":[{"href":"https:\/\/www.multicasa.com.br\/inicio\/wp-json\/wp\/v2\/types\/product"}],"wp:featuredmedia":[{"embeddable":true,"href":"https:\/\/www.multicasa.com.br\/inicio\/wp-json\/wp\/v2\/media\/20053"}],"wp:attachment":[{"href":"https:\/\/www.multicasa.com.br\/inicio\/wp-json\/wp\/v2\/media?parent=19958"}],"wp:term":[{"taxonomy":"product_brand","embeddable":true,"href":"https:\/\/www.multicasa.com.br\/inicio\/wp-json\/wp\/v2\/product_brand?post=19958"},{"taxonomy":"product_cat","embeddable":true,"href":"https:\/\/www.multicasa.com.br\/inicio\/wp-json\/wp\/v2\/product_cat?post=19958"},{"taxonomy":"product_tag","embeddable":true,"href":"https:\/\/www.multicasa.com.br\/inicio\/wp-json\/wp\/v2\/product_tag?post=19958"}],"curies":[{"name":"wp","href":"https:\/\/api.w.org\/{rel}","templated":true}]}}