{"id":19983,"date":"2025-06-20T19:55:52","date_gmt":"2025-06-20T23:55:52","guid":{"rendered":"https:\/\/www.multicasa.com.br\/inicio\/?post_type=product&#038;p=19983"},"modified":"2025-06-20T19:57:34","modified_gmt":"2025-06-20T23:57:34","slug":"tabua-para-descongelar-ningbo","status":"publish","type":"product","link":"https:\/\/www.multicasa.com.br\/inicio\/produto\/tabua-para-descongelar-ningbo\/","title":{"rendered":"T\u00e1bua para Descongelar Ningbo"},"content":{"rendered":"<p>A T\u00e1bua para descongelar Ningbo \u00e9 ideal para descongelar alimentos naturalmente de maneira muito mais r\u00e1pida e f\u00e1cil. Por causa do material com alta capacidade de condu\u00e7\u00e3o t\u00e9rmica, a bandeja \u00e9 capaz de acelerar o processo de descongelamento em at\u00e9 metade do tempo de acordo com a espessura do alimento. Fabricada em alum\u00ednio e com 29cm de comprimento, \u00e9 f\u00e1cil de limpar e ideal para descongelar carnes, peixes, aves e vegetais sem necessidade de eletricidade, produtos qu\u00edmicos ou aquecimento.<\/p>\n","protected":false},"excerpt":{"rendered":"<h4 style=\"margin: 0px;padding: 0px 0px 16px;font-family: Lato, sans-serif;font-weight: bold;line-height: 3rem;color: var(--dark-grey3);font-size: 22px;font-style: normal;letter-spacing: normal;text-align: start;text-indent: 0px;text-transform: none\">Informa\u00e7\u00f5es t\u00e9cnicas<\/h4>\n<p><span style=\"margin: 0px;padding: 0px;font-weight: 450;font-size: 14px;line-height: 21px;color: var(--dark-grey2);font-family: Lato, sans-serif;font-style: normal;letter-spacing: normal;text-align: start;text-indent: 0px;text-transform: none\">Produto: T\u00e1bua para descongelar<br \/>\nMarca: Ningbo<br \/>\nMaterial: Alum\u00ednio<br \/>\nCor: Preto<br \/>\nUso indicado: Descongelar alimentos de forma natural<br \/>\nItens Inclusos: 1 t\u00e1bua para descongelar<br \/>\nDicas de uso e preserva\u00e7\u00e3o: N\u00e3o pode ser levado ao forno e n\u00e3o pode ser levado ao micro-ondas<br \/>\nDimens\u00f5es do produto (C x L): 29 x 20cm<br \/>\n<\/span><\/p>\n","protected":false},"featured_media":20075,"template":"","meta":{"_joinchat":[]},"product_brand":[],"product_cat":[93],"product_tag":[],"class_list":{"0":"post-19983","1":"product","2":"type-product","3":"status-publish","4":"has-post-thumbnail","6":"product_cat-utensilios-para-cozinha","8":"first","9":"outofstock","10":"shipping-taxable","11":"product-type-simple"},"_links":{"self":[{"href":"https:\/\/www.multicasa.com.br\/inicio\/wp-json\/wp\/v2\/product\/19983","targetHints":{"allow":["GET"]}}],"collection":[{"href":"https:\/\/www.multicasa.com.br\/inicio\/wp-json\/wp\/v2\/product"}],"about":[{"href":"https:\/\/www.multicasa.com.br\/inicio\/wp-json\/wp\/v2\/types\/product"}],"wp:featuredmedia":[{"embeddable":true,"href":"https:\/\/www.multicasa.com.br\/inicio\/wp-json\/wp\/v2\/media\/20075"}],"wp:attachment":[{"href":"https:\/\/www.multicasa.com.br\/inicio\/wp-json\/wp\/v2\/media?parent=19983"}],"wp:term":[{"taxonomy":"product_brand","embeddable":true,"href":"https:\/\/www.multicasa.com.br\/inicio\/wp-json\/wp\/v2\/product_brand?post=19983"},{"taxonomy":"product_cat","embeddable":true,"href":"https:\/\/www.multicasa.com.br\/inicio\/wp-json\/wp\/v2\/product_cat?post=19983"},{"taxonomy":"product_tag","embeddable":true,"href":"https:\/\/www.multicasa.com.br\/inicio\/wp-json\/wp\/v2\/product_tag?post=19983"}],"curies":[{"name":"wp","href":"https:\/\/api.w.org\/{rel}","templated":true}]}}