{"id":19984,"date":"2025-06-20T19:55:52","date_gmt":"2025-06-20T23:55:52","guid":{"rendered":"https:\/\/www.multicasa.com.br\/inicio\/?post_type=product&#038;p=19984"},"modified":"2025-06-20T19:57:46","modified_gmt":"2025-06-20T23:57:46","slug":"marmita-lunch-box-fit-de-plastico-com-talher-vermelha-euro-home","status":"publish","type":"product","link":"https:\/\/www.multicasa.com.br\/inicio\/produto\/marmita-lunch-box-fit-de-plastico-com-talher-vermelha-euro-home\/","title":{"rendered":"Marmita Lunch Box Fit de Pl\u00e1stico com Talher Vermelha Euro Home"},"content":{"rendered":"<p>A Marmita Lunch Box Fit de Pl\u00e1stico pode ser usada com ou sem compartimento, auxiliando na hora de separar por\u00e7\u00f5es e alimentos. Ideal para quem passa horas fora de casa, seu design foi pensado para caber em mochilas e bolsas. Pode ir ao freezer, micro-ondas e lava lou\u00e7as. Livre de BPA, vem acompanhada por 3 talheres e est\u00e1 dispon\u00edvel na cor vermelha. Para higienizar, evite esponjas abrasivas. Depois de lavar, passe pano com \u00e1gua quente e seque-a para manter o brilho original. Indicado para quem n\u00e3o abre m\u00e3o de boa alimenta\u00e7\u00e3o mesmo fora de casa.<\/p>\n","protected":false},"excerpt":{"rendered":"<h4 style=\"margin: 0px;padding: 0px 0px 16px;font-family: Lato, sans-serif;font-weight: bold;line-height: 3rem;color: var(--dark-grey3);font-size: 22px;font-style: normal;letter-spacing: normal;text-align: start;text-indent: 0px;text-transform: none\">Informa\u00e7\u00f5es t\u00e9cnicas<\/h4>\n<p><span style=\"margin: 0px;padding: 0px;font-weight: 450;font-size: 14px;line-height: 21px;color: var(--dark-grey2);font-family: Lato, sans-serif;font-style: normal;letter-spacing: normal;text-align: start;text-indent: 0px;text-transform: none\">Produto: Marmita de Pl\u00e1stico<br \/>\nMarca: Euro Home<br \/>\nMaterial: Pl\u00e1stico<br \/>\nPoliester<br \/>\nCouro sint\u00e9tico<br \/>\nAlgod\u00e3o<br \/>\nCor: Vermelha<br \/>\nCaracter\u00edstica: Vai ao freezer, micro-ondas e lava lou\u00e7as<br \/>\nBPA Free<br \/>\nPode ser usado com um ou dois compartimentos<br \/>\nItens Inclusos: 1 marmita de pl\u00e1stico<br \/>\n3 Talheres<br \/>\nDimens\u00f5es do produto (A x L X P): 11 x 6cm<\/span><\/p>\n","protected":false},"featured_media":20083,"template":"","meta":{"_joinchat":[]},"product_brand":[],"product_cat":[93],"product_tag":[],"class_list":{"0":"post-19984","1":"product","2":"type-product","3":"status-publish","4":"has-post-thumbnail","6":"product_cat-utensilios-para-cozinha","8":"first","9":"outofstock","10":"shipping-taxable","11":"product-type-simple"},"_links":{"self":[{"href":"https:\/\/www.multicasa.com.br\/inicio\/wp-json\/wp\/v2\/product\/19984","targetHints":{"allow":["GET"]}}],"collection":[{"href":"https:\/\/www.multicasa.com.br\/inicio\/wp-json\/wp\/v2\/product"}],"about":[{"href":"https:\/\/www.multicasa.com.br\/inicio\/wp-json\/wp\/v2\/types\/product"}],"wp:featuredmedia":[{"embeddable":true,"href":"https:\/\/www.multicasa.com.br\/inicio\/wp-json\/wp\/v2\/media\/20083"}],"wp:attachment":[{"href":"https:\/\/www.multicasa.com.br\/inicio\/wp-json\/wp\/v2\/media?parent=19984"}],"wp:term":[{"taxonomy":"product_brand","embeddable":true,"href":"https:\/\/www.multicasa.com.br\/inicio\/wp-json\/wp\/v2\/product_brand?post=19984"},{"taxonomy":"product_cat","embeddable":true,"href":"https:\/\/www.multicasa.com.br\/inicio\/wp-json\/wp\/v2\/product_cat?post=19984"},{"taxonomy":"product_tag","embeddable":true,"href":"https:\/\/www.multicasa.com.br\/inicio\/wp-json\/wp\/v2\/product_tag?post=19984"}],"curies":[{"name":"wp","href":"https:\/\/api.w.org\/{rel}","templated":true}]}}