{"id":20004,"date":"2025-06-20T19:56:14","date_gmt":"2025-06-20T23:56:14","guid":{"rendered":"https:\/\/www.multicasa.com.br\/inicio\/?post_type=product&#038;p=20004"},"modified":"2025-06-20T19:57:55","modified_gmt":"2025-06-20T23:57:55","slug":"colher-de-servir-em-silicone-com-cabo-de-metal-vermelha-uny-home","status":"publish","type":"product","link":"https:\/\/www.multicasa.com.br\/inicio\/produto\/colher-de-servir-em-silicone-com-cabo-de-metal-vermelha-uny-home\/","title":{"rendered":"Colher de Servir em Silicone com Cabo de Metal Vermelha Uny Home"},"content":{"rendered":"<p>Use a Colher de Servir da Uny Home para servir suas refei\u00e7\u00f5es com eleg\u00e2ncia e sofistica\u00e7\u00e3o. De silicone e cabo de metal, o utens\u00edlio n\u00e3o risca as panelas e \u00e9 muito vers\u00e1til, podendo ser \u00fatil com diversos alimentos diferentes. Seu cabo tem furo na extremidade para que possa ser pendurado e, assim, otimizar espa\u00e7os na sua cozinha. Tem medidas de 34 x 7cm e traz praticidade. Dispon\u00edvel na cor vermelha.<\/p>\n","protected":false},"excerpt":{"rendered":"<h4 style=\"margin: 0px;padding: 0px 0px 16px;font-family: Lato, sans-serif;font-weight: bold;line-height: 3rem;color: var(--dark-grey3);font-size: 22px;font-style: normal;letter-spacing: normal;text-align: start;text-indent: 0px;text-transform: none\">Informa\u00e7\u00f5es t\u00e9cnicas<\/h4>\n<p><span style=\"margin: 0px;padding: 0px;font-weight: 450;font-size: 14px;line-height: 21px;color: var(--dark-grey2);font-family: Lato, sans-serif;font-style: normal;letter-spacing: normal;text-align: start;text-indent: 0px;text-transform: none\">Produto: Colher de Arroz<br \/>\nMarca: Uny Home<br \/>\nMaterial: Silicone e cabo de metal<br \/>\nCor: Vermelha<br \/>\nItens inclusos: 1 colher de Arroz de Silicone<br \/>\nDimens\u00f5es do Produto: 34cm<\/span><\/p>\n","protected":false},"featured_media":20100,"template":"","meta":{"_joinchat":[]},"product_brand":[],"product_cat":[93],"product_tag":[],"class_list":{"0":"post-20004","1":"product","2":"type-product","3":"status-publish","4":"has-post-thumbnail","6":"product_cat-utensilios-para-cozinha","8":"first","9":"outofstock","10":"shipping-taxable","11":"product-type-simple"},"_links":{"self":[{"href":"https:\/\/www.multicasa.com.br\/inicio\/wp-json\/wp\/v2\/product\/20004","targetHints":{"allow":["GET"]}}],"collection":[{"href":"https:\/\/www.multicasa.com.br\/inicio\/wp-json\/wp\/v2\/product"}],"about":[{"href":"https:\/\/www.multicasa.com.br\/inicio\/wp-json\/wp\/v2\/types\/product"}],"wp:featuredmedia":[{"embeddable":true,"href":"https:\/\/www.multicasa.com.br\/inicio\/wp-json\/wp\/v2\/media\/20100"}],"wp:attachment":[{"href":"https:\/\/www.multicasa.com.br\/inicio\/wp-json\/wp\/v2\/media?parent=20004"}],"wp:term":[{"taxonomy":"product_brand","embeddable":true,"href":"https:\/\/www.multicasa.com.br\/inicio\/wp-json\/wp\/v2\/product_brand?post=20004"},{"taxonomy":"product_cat","embeddable":true,"href":"https:\/\/www.multicasa.com.br\/inicio\/wp-json\/wp\/v2\/product_cat?post=20004"},{"taxonomy":"product_tag","embeddable":true,"href":"https:\/\/www.multicasa.com.br\/inicio\/wp-json\/wp\/v2\/product_tag?post=20004"}],"curies":[{"name":"wp","href":"https:\/\/api.w.org\/{rel}","templated":true}]}}