{"id":20024,"date":"2025-06-20T19:56:38","date_gmt":"2025-06-20T23:56:38","guid":{"rendered":"https:\/\/www.multicasa.com.br\/inicio\/?post_type=product&#038;p=20024"},"modified":"2025-12-16T18:41:28","modified_gmt":"2025-12-16T22:41:28","slug":"marmita-de-plastico-rosa-paramount","status":"publish","type":"product","link":"https:\/\/www.multicasa.com.br\/inicio\/produto\/marmita-de-plastico-rosa-paramount\/","title":{"rendered":"Marmita de Pl\u00e1stico Rosa Paramount"},"content":{"rendered":"<p>Ideal para se alimentar fora de casa, a Marmita de Pl\u00e1stico da Paramount \u00e9 pr\u00e1tica e ideal para armazenar qualquer refei\u00e7\u00e3o com seguran\u00e7a e praticidade. Leve \u00e0 piscina, praia e use tamb\u00e9m em churrascos. Tem dimens\u00f5es de 12 x 8 x 9cm e design adequado para levar em bolsas e mochilas. Dispon\u00edvel na cor rosa.<\/p>\n","protected":false},"excerpt":{"rendered":"<h4 style=\"margin: 0px;padding: 0px 0px 16px;font-family: Lato, sans-serif;font-weight: bold;line-height: 3rem;color: var(--dark-grey3);font-size: 22px;font-style: normal;letter-spacing: normal;text-align: start;text-indent: 0px;text-transform: none\">Informa\u00e7\u00f5es t\u00e9cnicas<\/h4>\n<p><span style=\"margin: 0px;padding: 0px;font-weight: 450;font-size: 14px;line-height: 21px;color: var(--dark-grey2);font-family: Lato, sans-serif;font-style: normal;letter-spacing: normal;text-align: start;text-indent: 0px;text-transform: none\">Produto: Marmita de Pl\u00e1stico<br \/>\nMarca: Paramount<br \/>\nMaterial: Pl\u00e1stico<br \/>\nCor: Sortido<br \/>\nCaracter\u00edstica: Empilh\u00e1vel<br \/>\nItens Inclusos: 1 marmita de pl\u00e1stico<br \/>\n1 Colher<br \/>\nDimens\u00f5es do produto (A x L X P): 12 x 8 x 9cm<br \/>\n<\/span><\/p>\n","protected":false},"featured_media":20109,"template":"","meta":{"_joinchat":[]},"product_brand":[],"product_cat":[93],"product_tag":[],"class_list":{"0":"post-20024","1":"product","2":"type-product","3":"status-publish","4":"has-post-thumbnail","6":"product_cat-utensilios-para-cozinha","8":"first","9":"instock","10":"shipping-taxable","11":"purchasable","12":"product-type-simple"},"_links":{"self":[{"href":"https:\/\/www.multicasa.com.br\/inicio\/wp-json\/wp\/v2\/product\/20024","targetHints":{"allow":["GET"]}}],"collection":[{"href":"https:\/\/www.multicasa.com.br\/inicio\/wp-json\/wp\/v2\/product"}],"about":[{"href":"https:\/\/www.multicasa.com.br\/inicio\/wp-json\/wp\/v2\/types\/product"}],"wp:featuredmedia":[{"embeddable":true,"href":"https:\/\/www.multicasa.com.br\/inicio\/wp-json\/wp\/v2\/media\/20109"}],"wp:attachment":[{"href":"https:\/\/www.multicasa.com.br\/inicio\/wp-json\/wp\/v2\/media?parent=20024"}],"wp:term":[{"taxonomy":"product_brand","embeddable":true,"href":"https:\/\/www.multicasa.com.br\/inicio\/wp-json\/wp\/v2\/product_brand?post=20024"},{"taxonomy":"product_cat","embeddable":true,"href":"https:\/\/www.multicasa.com.br\/inicio\/wp-json\/wp\/v2\/product_cat?post=20024"},{"taxonomy":"product_tag","embeddable":true,"href":"https:\/\/www.multicasa.com.br\/inicio\/wp-json\/wp\/v2\/product_tag?post=20024"}],"curies":[{"name":"wp","href":"https:\/\/api.w.org\/{rel}","templated":true}]}}