{"id":20026,"date":"2025-06-20T19:56:38","date_gmt":"2025-06-20T23:56:38","guid":{"rendered":"https:\/\/www.multicasa.com.br\/inicio\/?post_type=product&#038;p=20026"},"modified":"2025-06-20T19:58:25","modified_gmt":"2025-06-20T23:58:25","slug":"liquidificador-cadence-blender-shake-up-duo-portatil-preto-300w-127v","status":"publish","type":"product","link":"https:\/\/www.multicasa.com.br\/inicio\/produto\/liquidificador-cadence-blender-shake-up-duo-portatil-preto-300w-127v\/","title":{"rendered":"Liquidificador Cadence Blender Shake Up! Duo Port\u00e1til Preto 300W &#8211; 127V"},"content":{"rendered":"<p>Prepare seus sucos e vitaminas de forma r\u00e1pida para lanches da escola, trabalho ou refei\u00e7\u00f5es que auxiliam nas atividades f\u00edsicas. O Liquidificador Cadence Blender Shake Up! Duo Port\u00e1til facilita o seu dia-a-dia pois possui duas jarras com capacidade de 600ml e sobretampa para voc\u00ea lev\u00e1-lo como Squeeze para qualquer lugar. Sua jarra \u00e9 de Tritan, material super resistente a impactos e choque t\u00e9rmicos e seu sistema \u00e9 Easy On, ou seja, fechou com a l\u00e2mina, encaixou, ele liga automaticamente. Para carregar com voc\u00ea, basta trocar a l\u00e2mina pela tampa e pronto! Um jeito f\u00e1cil e saud\u00e1vel de se alimentar. Possui 300w de pot\u00eancia, voltagem de 127v e est\u00e1 dispon\u00edvel na cor preto.<\/p>\n","protected":false},"excerpt":{"rendered":"<h4 style=\"margin: 0px;padding: 0px 0px 16px;font-family: Lato, sans-serif;font-weight: bold;line-height: 3rem;color: var(--dark-grey3);font-size: 22px;font-style: normal;letter-spacing: normal;text-align: start;text-indent: 0px;text-transform: none\">Informa\u00e7\u00f5es t\u00e9cnicas<\/h4>\n<p><span style=\"margin: 0px;padding: 0px;font-weight: 450;font-size: 14px;line-height: 21px;color: var(--dark-grey2);font-family: Lato, sans-serif;font-style: normal;letter-spacing: normal;text-align: start;text-indent: 0px;text-transform: none\">Produto: Liquidificador<br \/>\nMarca: Cadence<br \/>\nModelo: BLD700<br \/>\nMaterial: Material da Jarra em Tritan<br \/>\nL\u00e2minas em Inox<br \/>\nBase de Pl\u00e1stico<br \/>\nCor: Preto<br \/>\nUso indicado: shakes, sucos, vitaminas.<br \/>\nPot\u00eancia: 300w<br \/>\nTens\u00e3o el\u00e9trica: 127v<br \/>\nCapacidade: 600ml (cada jarra)<br \/>\nCaracter\u00edsticas: Livre de BPA<br \/>\nAcompanha sobretampa para levar como Squeeze<br \/>\nQuantidade de pe\u00e7as: 3<br \/>\nItens Inclusos: 2 Jarras com tampas<br \/>\n1 liquidificador<br \/>\n1 manual<br \/>\n1 Folha de assist\u00eancias t\u00e9cnicas<br \/>\nDimens\u00f5es do produto (A x L x P): 37,5 x 14 x 14cm<br \/>\nOCP: 0040<\/span><\/p>\n","protected":false},"featured_media":20125,"template":"","meta":{"_joinchat":[]},"product_brand":[],"product_cat":[93],"product_tag":[],"class_list":{"0":"post-20026","1":"product","2":"type-product","3":"status-publish","4":"has-post-thumbnail","6":"product_cat-utensilios-para-cozinha","8":"first","9":"outofstock","10":"shipping-taxable","11":"product-type-simple"},"_links":{"self":[{"href":"https:\/\/www.multicasa.com.br\/inicio\/wp-json\/wp\/v2\/product\/20026","targetHints":{"allow":["GET"]}}],"collection":[{"href":"https:\/\/www.multicasa.com.br\/inicio\/wp-json\/wp\/v2\/product"}],"about":[{"href":"https:\/\/www.multicasa.com.br\/inicio\/wp-json\/wp\/v2\/types\/product"}],"wp:featuredmedia":[{"embeddable":true,"href":"https:\/\/www.multicasa.com.br\/inicio\/wp-json\/wp\/v2\/media\/20125"}],"wp:attachment":[{"href":"https:\/\/www.multicasa.com.br\/inicio\/wp-json\/wp\/v2\/media?parent=20026"}],"wp:term":[{"taxonomy":"product_brand","embeddable":true,"href":"https:\/\/www.multicasa.com.br\/inicio\/wp-json\/wp\/v2\/product_brand?post=20026"},{"taxonomy":"product_cat","embeddable":true,"href":"https:\/\/www.multicasa.com.br\/inicio\/wp-json\/wp\/v2\/product_cat?post=20026"},{"taxonomy":"product_tag","embeddable":true,"href":"https:\/\/www.multicasa.com.br\/inicio\/wp-json\/wp\/v2\/product_tag?post=20026"}],"curies":[{"name":"wp","href":"https:\/\/api.w.org\/{rel}","templated":true}]}}