{"id":20028,"date":"2025-06-20T19:56:38","date_gmt":"2025-06-20T23:56:38","guid":{"rendered":"https:\/\/www.multicasa.com.br\/inicio\/?post_type=product&#038;p=20028"},"modified":"2025-06-20T19:58:33","modified_gmt":"2025-06-20T23:58:33","slug":"cafeteira-eletrica-single-cadence-colors-vermelha-2-xicaras-127v","status":"publish","type":"product","link":"https:\/\/www.multicasa.com.br\/inicio\/produto\/cafeteira-eletrica-single-cadence-colors-vermelha-2-xicaras-127v\/","title":{"rendered":"Cafeteira El\u00e9trica Single Cadence Colors Vermelha 2 X\u00edcaras 127V"},"content":{"rendered":"<p>Com a Cafeteira el\u00e9trica Single Cadence Colors vermelha voc\u00ea poder\u00e1 preparar cafezinhos direto na x\u00edcara dispensando o uso de jarra. Acompanha duas x\u00edcaras de porcelana personalizadas que possuem a medida ideal para o seu caf\u00e9. Com seu design moderno, ela possui prote\u00e7\u00e3o contra superaquecimento e bandeja remov\u00edvel antiderrapante que evita que as x\u00edcaras escorreguem. Faz 120ml em cada x\u00edcara ao mesmo tempo. Com pot\u00eancia de 450w e cabo de alimenta\u00e7\u00e3o compat\u00edvel com tens\u00e3o de 127v. Possui filtro permanente e porta filtro remov\u00edvel e lav\u00e1vel facilitando a higieniza\u00e7\u00e3o. Perfeita para relaxar com um cafezinho na medida certa.<\/p>\n","protected":false},"excerpt":{"rendered":"<h4 style=\"margin: 0px;padding: 0px 0px 16px;font-family: Lato, sans-serif;font-weight: bold;line-height: 3rem;color: var(--dark-grey3);font-size: 22px;font-style: normal;letter-spacing: normal;text-align: start;text-indent: 0px;text-transform: none\">Informa\u00e7\u00f5es t\u00e9cnicas<\/h4>\n<p><span style=\"margin: 0px;padding: 0px;font-weight: 450;font-size: 14px;line-height: 21px;color: var(--dark-grey2);font-family: Lato, sans-serif;font-style: normal;letter-spacing: normal;text-align: start;text-indent: 0px;text-transform: none\">Produto: Cafeteira Single<br \/>\nTipo: El\u00e9trica<br \/>\nMarca: Cadence<br \/>\nModelo: Colors<br \/>\nMaterial: Pl\u00e1stico<br \/>\nCor: Vermelha<br \/>\nCapacidade de x\u00edcaras: 2 caf\u00e9s (120ml cada)<br \/>\nPot\u00eancia: 450W<br \/>\nTens\u00e3o el\u00e9trica: 127V<br \/>\nCaracter\u00edsticas: Sem necessidade do uso de jarra<br \/>\nbandeja remov\u00edvel antiderrapante<br \/>\nQuantidade de pe\u00e7as: 3<br \/>\nItens Inclusos: 1 cafeteira<br \/>\n2 x\u00edcaras de porcelana<br \/>\nDimens\u00f5es do produto (A x L x P): 23,2 x 17,5 x 22cm<br \/>\nOCP: 0040 <\/span><\/p>\n","protected":false},"featured_media":20133,"template":"","meta":{"_joinchat":[]},"product_brand":[],"product_cat":[93],"product_tag":[],"class_list":{"0":"post-20028","1":"product","2":"type-product","3":"status-publish","4":"has-post-thumbnail","6":"product_cat-utensilios-para-cozinha","8":"first","9":"outofstock","10":"shipping-taxable","11":"product-type-simple"},"_links":{"self":[{"href":"https:\/\/www.multicasa.com.br\/inicio\/wp-json\/wp\/v2\/product\/20028","targetHints":{"allow":["GET"]}}],"collection":[{"href":"https:\/\/www.multicasa.com.br\/inicio\/wp-json\/wp\/v2\/product"}],"about":[{"href":"https:\/\/www.multicasa.com.br\/inicio\/wp-json\/wp\/v2\/types\/product"}],"wp:featuredmedia":[{"embeddable":true,"href":"https:\/\/www.multicasa.com.br\/inicio\/wp-json\/wp\/v2\/media\/20133"}],"wp:attachment":[{"href":"https:\/\/www.multicasa.com.br\/inicio\/wp-json\/wp\/v2\/media?parent=20028"}],"wp:term":[{"taxonomy":"product_brand","embeddable":true,"href":"https:\/\/www.multicasa.com.br\/inicio\/wp-json\/wp\/v2\/product_brand?post=20028"},{"taxonomy":"product_cat","embeddable":true,"href":"https:\/\/www.multicasa.com.br\/inicio\/wp-json\/wp\/v2\/product_cat?post=20028"},{"taxonomy":"product_tag","embeddable":true,"href":"https:\/\/www.multicasa.com.br\/inicio\/wp-json\/wp\/v2\/product_tag?post=20028"}],"curies":[{"name":"wp","href":"https:\/\/api.w.org\/{rel}","templated":true}]}}