{"id":20029,"date":"2025-06-20T19:56:38","date_gmt":"2025-06-20T23:56:38","guid":{"rendered":"https:\/\/www.multicasa.com.br\/inicio\/?post_type=product&#038;p=20029"},"modified":"2025-12-16T18:41:40","modified_gmt":"2025-12-16T22:41:40","slug":"termometro-culinario-digital-espeto-branco-uny-home","status":"publish","type":"product","link":"https:\/\/www.multicasa.com.br\/inicio\/produto\/termometro-culinario-digital-espeto-branco-uny-home\/","title":{"rendered":"Term\u00f4metro Culin\u00e1rio Digital Espeto Branco Uny Home"},"content":{"rendered":"<p>O Term\u00f4metro Culin\u00e1rio Digital Branco da Uny Home \u00e9 ideal para medi\u00e7\u00e3o de temperaturas em alimentos, bebidas. Em formato de espeto para medi\u00e7\u00e3o de temperatura interna tanto frio quanto quente em: assados, carnes, chocolates, sorvetes, refei\u00e7\u00f5es, bolos, tortas, medir a temperatura na pasteuriza\u00e7\u00e3o do leite, entre diversas outras fun\u00e7\u00f5es, podendo utilizar tanto para l\u00edquidos ou s\u00f3lidos. O material da sonda sensor \u00e9 de a\u00e7o inoxid\u00e1vel, f\u00e1cil de limpar e n\u00e3o enferruja. Possui indica\u00e7\u00e3o de bateria fraca, indica\u00e7\u00e3o de falha do sensor, desligamento autom\u00e1tico ap\u00f3s 15 minutos sem opera\u00e7\u00e3o e uma ampla gama de aplica\u00e7\u00f5es. Sua faixa de temperatura \u00e9 de -50\u00b0C a 300\u00b0C (58\u00b0F a 572\u00b0F).<\/p>\n","protected":false},"excerpt":{"rendered":"<h4 style=\"margin: 0px;padding: 0px 0px 16px;font-family: Lato, sans-serif;font-weight: bold;line-height: 3rem;color: var(--dark-grey3);font-size: 22px;font-style: normal;letter-spacing: normal;text-align: start;text-indent: 0px;text-transform: none\">Informa\u00e7\u00f5es t\u00e9cnicas<\/h4>\n<p><span style=\"margin: 0px;padding: 0px;font-weight: 450;font-size: 14px;line-height: 21px;color: var(--dark-grey2);font-family: Lato, sans-serif;font-style: normal;letter-spacing: normal;text-align: start;text-indent: 0px;text-transform: none\">Produto: Term\u00f4metro Culin\u00e1rio<br \/>\nTipo: Espeto<br \/>\nMarca: Uny Home<br \/>\nMaterial: Pl\u00e1stico; Sonda: a\u00e7o inoxid\u00e1vel<br \/>\nCor: Branco<br \/>\nCaracter\u00edsticas: Digital; Alimenta\u00e7\u00e3o: 1 bateria LR44 1,5V (inclusa);<br \/>\nItens Inclusos: 1 term\u00f4metro culin\u00e1rio<br \/>\nDimens\u00f5es do produto (A x L x C): 2,5 x 24,5 x 1,5cm; comprimento da sonda: 14,5cm                                                         Peso: 0,0450kg<\/span><\/p>\n","protected":false},"featured_media":20138,"template":"","meta":{"_joinchat":[]},"product_brand":[],"product_cat":[93],"product_tag":[],"class_list":{"0":"post-20029","1":"product","2":"type-product","3":"status-publish","4":"has-post-thumbnail","6":"product_cat-utensilios-para-cozinha","8":"first","9":"outofstock","10":"shipping-taxable","11":"purchasable","12":"product-type-simple"},"_links":{"self":[{"href":"https:\/\/www.multicasa.com.br\/inicio\/wp-json\/wp\/v2\/product\/20029","targetHints":{"allow":["GET"]}}],"collection":[{"href":"https:\/\/www.multicasa.com.br\/inicio\/wp-json\/wp\/v2\/product"}],"about":[{"href":"https:\/\/www.multicasa.com.br\/inicio\/wp-json\/wp\/v2\/types\/product"}],"wp:featuredmedia":[{"embeddable":true,"href":"https:\/\/www.multicasa.com.br\/inicio\/wp-json\/wp\/v2\/media\/20138"}],"wp:attachment":[{"href":"https:\/\/www.multicasa.com.br\/inicio\/wp-json\/wp\/v2\/media?parent=20029"}],"wp:term":[{"taxonomy":"product_brand","embeddable":true,"href":"https:\/\/www.multicasa.com.br\/inicio\/wp-json\/wp\/v2\/product_brand?post=20029"},{"taxonomy":"product_cat","embeddable":true,"href":"https:\/\/www.multicasa.com.br\/inicio\/wp-json\/wp\/v2\/product_cat?post=20029"},{"taxonomy":"product_tag","embeddable":true,"href":"https:\/\/www.multicasa.com.br\/inicio\/wp-json\/wp\/v2\/product_tag?post=20029"}],"curies":[{"name":"wp","href":"https:\/\/api.w.org\/{rel}","templated":true}]}}