{"id":20046,"date":"2025-06-20T19:57:00","date_gmt":"2025-06-20T23:57:00","guid":{"rendered":"https:\/\/www.multicasa.com.br\/inicio\/?post_type=product&#038;p=20046"},"modified":"2025-06-20T19:58:43","modified_gmt":"2025-06-20T23:58:43","slug":"cesto-organizador-de-plastico-branco-paramount-27x12cm","status":"publish","type":"product","link":"https:\/\/www.multicasa.com.br\/inicio\/produto\/cesto-organizador-de-plastico-branco-paramount-27x12cm\/","title":{"rendered":"Cesto Organizador de Pl\u00e1stico Branco Paramount 27x12cm"},"content":{"rendered":"<p>Use o Cesto Organizador de Pl\u00e1stico Branco da Paramount para arrumar seus acess\u00f3rios na cozinha, banheiro, quarto e escrit\u00f3rio da forma como desejar. \u00c9 ideal para ter sempre \u00e0 vista aquilo que voc\u00ea mais usa e para transport\u00e1-lo sem dificuldades. Mede 8x27x12cm<\/p>\n","protected":false},"excerpt":{"rendered":"<h4 style=\"margin: 0px;padding: 0px 0px 16px;font-family: Lato, sans-serif;font-weight: bold;line-height: 3rem;color: var(--dark-grey3);font-size: 22px;font-style: normal;letter-spacing: normal;text-align: start;text-indent: 0px;text-transform: none\">Informa\u00e7\u00f5es t\u00e9cnicas<\/h4>\n<p><span style=\"margin: 0px;padding: 0px;font-weight: 450;font-size: 14px;line-height: 21px;color: var(--dark-grey2);font-family: Lato, sans-serif;font-style: normal;letter-spacing: normal;text-align: start;text-indent: 0px;text-transform: none\">Produto: Cesto Organizador<br \/>\nMarca: Paramount<br \/>\nMaterial: Pl\u00e1stico<br \/>\nCor: Branco<br \/>\nUso Indicado: Closet, banheiros, lavanderias, dispensas e entre outros<br \/>\nItens Inclusos: 1 Cesto organizador<br \/>\nDimens\u00f5es do produto (A x L x P): 8 x 27 x 12cm<br \/>\n<\/span><\/p>\n","protected":false},"featured_media":20147,"template":"","meta":{"_joinchat":[]},"product_brand":[],"product_cat":[93],"product_tag":[],"class_list":{"0":"post-20046","1":"product","2":"type-product","3":"status-publish","4":"has-post-thumbnail","6":"product_cat-utensilios-para-cozinha","8":"first","9":"outofstock","10":"shipping-taxable","11":"product-type-simple"},"_links":{"self":[{"href":"https:\/\/www.multicasa.com.br\/inicio\/wp-json\/wp\/v2\/product\/20046","targetHints":{"allow":["GET"]}}],"collection":[{"href":"https:\/\/www.multicasa.com.br\/inicio\/wp-json\/wp\/v2\/product"}],"about":[{"href":"https:\/\/www.multicasa.com.br\/inicio\/wp-json\/wp\/v2\/types\/product"}],"wp:featuredmedia":[{"embeddable":true,"href":"https:\/\/www.multicasa.com.br\/inicio\/wp-json\/wp\/v2\/media\/20147"}],"wp:attachment":[{"href":"https:\/\/www.multicasa.com.br\/inicio\/wp-json\/wp\/v2\/media?parent=20046"}],"wp:term":[{"taxonomy":"product_brand","embeddable":true,"href":"https:\/\/www.multicasa.com.br\/inicio\/wp-json\/wp\/v2\/product_brand?post=20046"},{"taxonomy":"product_cat","embeddable":true,"href":"https:\/\/www.multicasa.com.br\/inicio\/wp-json\/wp\/v2\/product_cat?post=20046"},{"taxonomy":"product_tag","embeddable":true,"href":"https:\/\/www.multicasa.com.br\/inicio\/wp-json\/wp\/v2\/product_tag?post=20046"}],"curies":[{"name":"wp","href":"https:\/\/api.w.org\/{rel}","templated":true}]}}